{"id":152,"date":"2018-05-17T13:24:34","date_gmt":"2018-05-17T11:24:34","guid":{"rendered":"http:\/\/gite-bourdettes-auvillar.com\/?page_id=152"},"modified":"2020-06-15T08:15:50","modified_gmt":"2020-06-15T06:15:50","slug":"auvillar","status":"publish","type":"page","link":"https:\/\/gite-bourdettes-auvillar.com\/de\/auvillar\/","title":{"rendered":"Auvillar"},"content":{"rendered":"<p>Die pr\u00e4chtige Stadt Auvillar zwischen Toulouse und Bordeaux mit Blick auf das Garonne-Tal im S\u00fcdwesten Frankreichs ist eines der sch\u00f6nsten D\u00f6rfer Frankreichs, ein touristisches und k\u00fcnstlerisches Zentrum der Region Okzitanien. Es ist auch ein wesentlicher Zwischenstopp auf den Wegen von Santiago de Compostela. Eine sehr ber\u00fchmte und komfortable Gemeinschaftsunterkunft bietet 16 Betten f\u00fcr Pilger.<\/p>\n<p>Dienstleistungen :<br \/>\nEin Hotel, G\u00e4stezimmer und private Unterk\u00fcnfte. Daher werden viele Unterkunftsm\u00f6glichkeiten sowie Restaurants (5 Restaurants) und ein Snack-Service angeboten. Die Stadt hat alle notwendigen Gesch\u00e4fte: Lebensmittelgesch\u00e4ft, B\u00e4ckerei, Friseur, Apotheke, aber auch Zahn\u00e4rzte, einen Arzt, ganz zu schweigen vom Bauernmarkt am Sonntagmorgen.<\/p>\n<p>Kunst:<br \/>\nAuvillar hat 3 Kunstgalerien: Artkads (Gem\u00e4lde, Skulpturen), Bleu Licorice mit Werken von Toutain im roten Faden (Gem\u00e4lde, Skulpturen, Snacks, Getr\u00e4nke) und Espace 213-Auvill&#8217;Art (Gem\u00e4lde, Holzskulpturen und Laden) Kerzen, Kaffee und Tee).<\/p>\n<p>Tourismus:<br \/>\nNach Jahrhunderten der Geschichte hat Auvillar seine Burg und seine Mauern verloren, ist aber heute ein sehr dynamisches Dorf, das in seinen wundersch\u00f6n renovierten Gassen angenehm besichtigt werden kann. Es gibt viele Veranstaltungen von Fr\u00fchling bis Herbst und schlie\u00dflich beherbergt das Museum eine au\u00dfergew\u00f6hnliche Sammlung von Steingut aus dem 18. Jahrhundert f\u00fcr die \u00e4ltesten, die von 1739 bis 1909 in Auvillar hergestellt wurden. Die Freunde des alten Auvillar organisieren Besuche kommentierte das Dorf und die Museen (05.63.39.89.82).<\/p>\n<p>Monumente:<br \/>\nDer Glockenturm, ein monumentales Tor aus dem 17. Jahrhundert, bietet einen einzigartigen Zugang zum historischen Zentrum des Dorfes. Es beherbergt heute das Museum der Binnenwasserstra\u00dfen.<br \/>\nDer dreieckige Platz, der von reichen Backstein- und Steinh\u00e4usern aus dem 17. und 18. Jahrhundert begrenzt wird und von der prestigetr\u00e4chtigen Vergangenheit der Handelsstadt zeugt, bildet eine wahre Kulisse f\u00fcr die kreisf\u00f6rmige Getreidesaal, deren toskanische S\u00e4ulen dieser Eleganz und einem einzigartigen G\u00fctesiegel verleihen Denkmalgesch\u00fctztes Denkmal, in dem der Bauernmarkt am Sonntagmorgen untergebracht ist.<br \/>\nBummeln Sie durch die gepflasterten Gassen und entdecken Sie die Fachwerkh\u00e4user und freitragenden H\u00e4user, den Konsulpalast, das Waschhaus und nat\u00fcrlich den unvermeidlichen Aussichtspunkt \u00fcber das Garonne-Tal und die Quercy-H\u00e4nge am Place du Ch\u00e2teau.<br \/>\nDie Saint-Pierre-Kirche, eine der gr\u00f6\u00dften in Tarn-et-Garonne, ist mit einem au\u00dfergew\u00f6hnlichen Barockaltar geschm\u00fcckt (derzeit restauriert). Auf dem k\u00fcrzlich renovierten Vorplatz k\u00f6nnen Besucher die Pracht der Westfassade des Denkmals genie\u00dfen.<br \/>\nDer alte Pfad von Peyrat, ein Abschnitt des Podiensis-Pfades, der nach Santiago de Compostela f\u00fchrt, ist eine Verbindung zwischen dem Dorf und seinem Hafen entlang der Garonne.<br \/>\nDie H\u00e4user der Bootsleute liegen zum Wasserlauf und reiben sich die Schultern mit der Kapelle Sainte Catherine, der Schutzpatronin der Seeleute, die im 14. Jahrhundert auf Befehl von Papst Clemens V. wieder aufgebaut wurde.<br \/>\nDieses historische Wahrzeichen karolingischen Ursprungs wurde gerade unter der Schirmherrschaft franz\u00f6sischer Geb\u00e4ude renoviert.<br \/>\nEin Spaziergang auf den Kais ist unerl\u00e4sslich, Zeugen der intensiven Aktivit\u00e4t dieses Hafens, von dem aus das ber\u00fchmte Steingut von Auvillaraise mit der gesch\u00e4tzten Dekoration und Solidit\u00e4t (reichhaltige Sammlung im Museum der Freunde des alten Auvillar) verschifft wurde Hochwertige G\u00e4nsefedern f\u00fcr die Kalligraphie.<\/p>\n<p>Rathaus-Website mit allen Restaurants, Gesch\u00e4ften, Handwerkern usw.: <a href=\"http:\/\/www.auvillar.fr\" target=\"_blank\" rel=\"noopener noreferrer\">www.auvillar.fr<\/a><br \/>\nCommunity Site: Geschichte, Museum, Steingut, Kunst der Auvergne usw.: <a href=\"http:\/\/www.auvillar.com\" target=\"_blank\" rel=\"noopener noreferrer\">www.auvillar.com<\/a><\/p>\n<p style=\"text-align: center;\"><a href=\"http:\/\/gite-bourdettes-auvillar.com\/wp-content\/uploads\/2018\/06\/carte-itine\u0301raire-copie.jpg\"><img loading=\"lazy\" decoding=\"async\" class=\"aligncenter wp-image-229 size-full\" src=\"http:\/\/gite-bourdettes-auvillar.com\/wp-content\/uploads\/2018\/06\/carte-itine\u0301raire-copie.jpg\" alt=\"\" width=\"349\" height=\"226\" srcset=\"https:\/\/gite-bourdettes-auvillar.com\/wp-content\/uploads\/2018\/06\/carte-itine\u0301raire-copie.jpg 349w, https:\/\/gite-bourdettes-auvillar.com\/wp-content\/uploads\/2018\/06\/carte-itine\u0301raire-copie-300x194.jpg 300w\" sizes=\"auto, (max-width: 349px) 100vw, 349px\" \/><\/a><\/p>\n<p style=\"text-align: center;\"><a href=\"http:\/\/gite-bourdettes-auvillar.com\/wp-content\/uploads\/2019\/05\/paysage.jpg\"><img loading=\"lazy\" decoding=\"async\" class=\"aligncenter wp-image-638 \" src=\"http:\/\/gite-bourdettes-auvillar.com\/wp-content\/uploads\/2019\/05\/paysage-1024x476.jpg\" alt=\"\" width=\"496\" height=\"231\" srcset=\"https:\/\/gite-bourdettes-auvillar.com\/wp-content\/uploads\/2019\/05\/paysage-1024x476.jpg 1024w, https:\/\/gite-bourdettes-auvillar.com\/wp-content\/uploads\/2019\/05\/paysage-300x140.jpg 300w, https:\/\/gite-bourdettes-auvillar.com\/wp-content\/uploads\/2019\/05\/paysage-768x357.jpg 768w, https:\/\/gite-bourdettes-auvillar.com\/wp-content\/uploads\/2019\/05\/paysage-800x372.jpg 800w\" sizes=\"auto, (max-width: 496px) 100vw, 496px\" \/><\/a><\/p>\n<p style=\"text-align: center;\"><a href=\"http:\/\/gite-bourdettes-auvillar.com\/wp-content\/uploads\/2019\/05\/halle-511.jpg\"><img loading=\"lazy\" decoding=\"async\" class=\"aligncenter wp-image-636 \" src=\"http:\/\/gite-bourdettes-auvillar.com\/wp-content\/uploads\/2019\/05\/halle-511-1024x683.jpg\" alt=\"\" width=\"462\" height=\"308\" srcset=\"https:\/\/gite-bourdettes-auvillar.com\/wp-content\/uploads\/2019\/05\/halle-511-1024x683.jpg 1024w, https:\/\/gite-bourdettes-auvillar.com\/wp-content\/uploads\/2019\/05\/halle-511-300x200.jpg 300w, https:\/\/gite-bourdettes-auvillar.com\/wp-content\/uploads\/2019\/05\/halle-511-768x512.jpg 768w, https:\/\/gite-bourdettes-auvillar.com\/wp-content\/uploads\/2019\/05\/halle-511-800x533.jpg 800w\" sizes=\"auto, (max-width: 462px) 100vw, 462px\" \/><\/a><\/p>\n<p style=\"text-align: center;\"><a href=\"http:\/\/gite-bourdettes-auvillar.com\/wp-content\/uploads\/2019\/05\/tour-106.jpg\"><img loading=\"lazy\" decoding=\"async\" class=\"aligncenter wp-image-634 \" src=\"http:\/\/gite-bourdettes-auvillar.com\/wp-content\/uploads\/2019\/05\/tour-106-1024x691.jpg\" alt=\"\" width=\"495\" height=\"334\" srcset=\"https:\/\/gite-bourdettes-auvillar.com\/wp-content\/uploads\/2019\/05\/tour-106-1024x691.jpg 1024w, https:\/\/gite-bourdettes-auvillar.com\/wp-content\/uploads\/2019\/05\/tour-106-300x202.jpg 300w, https:\/\/gite-bourdettes-auvillar.com\/wp-content\/uploads\/2019\/05\/tour-106-768x518.jpg 768w, https:\/\/gite-bourdettes-auvillar.com\/wp-content\/uploads\/2019\/05\/tour-106-800x540.jpg 800w\" sizes=\"auto, (max-width: 495px) 100vw, 495px\" \/><\/a><\/p>\n","protected":false},"excerpt":{"rendered":"<p>Die pr\u00e4chtige Stadt Auvillar zwischen Toulouse und Bordeaux mit Blick auf das Garonne-Tal im S\u00fcdwesten Frankreichs ist eines der sch\u00f6nsten D\u00f6rfer Frankreichs, ein touristisches und k\u00fcnstlerisches Zentrum der Region Okzitanien. Es ist auch ein wesentlicher Zwischenstopp auf den Wegen von Santiago de Compostela. Eine sehr ber\u00fchmte und komfortable Gemeinschaftsunterkunft bietet 16 Betten f\u00fcr Pilger. Dienstleistungen : Ein Hotel, G\u00e4stezimmer und<\/p>\n<p><a class=\"more-link\" href=\"https:\/\/gite-bourdettes-auvillar.com\/de\/auvillar\/\">Weiterlesen<\/a><\/p>\n","protected":false},"author":1,"featured_media":0,"parent":0,"menu_order":6,"comment_status":"closed","ping_status":"closed","template":"","meta":{"footnotes":""},"class_list":["post-152","page","type-page","status-publish","hentry"],"yoast_head":"<!-- This site is optimized with the Yoast SEO plugin v25.2 - https:\/\/yoast.com\/wordpress\/plugins\/seo\/ -->\n<title>Auvillar - Gite Les Bourdettes ***<\/title>\n<meta name=\"description\" content=\"Auvillar\" \/>\n<meta name=\"robots\" content=\"index, follow, max-snippet:-1, max-image-preview:large, max-video-preview:-1\" \/>\n<link rel=\"canonical\" href=\"https:\/\/gite-bourdettes-auvillar.com\/de\/auvillar\/\" \/>\n<meta property=\"og:locale\" content=\"de_DE\" \/>\n<meta property=\"og:locale:alternate\" content=\"en_GB\" \/>\n<meta property=\"og:locale:alternate\" content=\"es_ES\" \/>\n<meta property=\"og:locale:alternate\" content=\"fr_FR\" \/>\n<meta property=\"og:type\" content=\"article\" \/>\n<meta property=\"og:title\" content=\"Auvillar\" \/>\n<meta property=\"og:description\" content=\"Auvillar\" \/>\n<meta property=\"og:url\" content=\"https:\/\/gite-bourdettes-auvillar.com\/de\/auvillar\/\" \/>\n<meta property=\"og:site_name\" content=\"Gite Les Bourdettes ***\" \/>\n<meta property=\"article:modified_time\" content=\"2020-06-15T06:15:50+00:00\" \/>\n<meta property=\"og:image\" content=\"http:\/\/gite-bourdettes-auvillar.com\/wp-content\/uploads\/2019\/05\/paysage-1024x476.jpg\" \/>\n<meta name=\"twitter:card\" content=\"summary_large_image\" \/>\n<meta name=\"twitter:label1\" content=\"Gesch\u00e4tzte Lesezeit\" \/>\n\t<meta name=\"twitter:data1\" content=\"12\u00a0Minuten\" \/>\n<script type=\"application\/ld+json\" class=\"yoast-schema-graph\">{\"@context\":\"https:\/\/schema.org\",\"@graph\":[{\"@type\":\"WebPage\",\"@id\":\"https:\/\/gite-bourdettes-auvillar.com\/auvillar\/\",\"url\":\"https:\/\/gite-bourdettes-auvillar.com\/auvillar\/\",\"name\":\"Auvillar\",\"isPartOf\":{\"@id\":\"https:\/\/gite-bourdettes-auvillar.com\/#website\"},\"primaryImageOfPage\":{\"@id\":\"https:\/\/gite-bourdettes-auvillar.com\/auvillar\/#primaryimage\"},\"image\":{\"@id\":\"https:\/\/gite-bourdettes-auvillar.com\/auvillar\/#primaryimage\"},\"thumbnailUrl\":\"http:\/\/gite-bourdettes-auvillar.com\/wp-content\/uploads\/2019\/05\/paysage-1024x476.jpg\",\"datePublished\":\"2018-05-17T11:24:34+00:00\",\"dateModified\":\"2020-06-15T06:15:50+00:00\",\"description\":\"Auvillar\",\"breadcrumb\":{\"@id\":\"https:\/\/gite-bourdettes-auvillar.com\/auvillar\/#breadcrumb\"},\"inLanguage\":\"de-DE\",\"potentialAction\":[{\"@type\":\"ReadAction\",\"target\":[\"https:\/\/gite-bourdettes-auvillar.com\/auvillar\/\"]}]},{\"@type\":\"ImageObject\",\"inLanguage\":\"de-DE\",\"@id\":\"https:\/\/gite-bourdettes-auvillar.com\/auvillar\/#primaryimage\",\"url\":\"http:\/\/gite-bourdettes-auvillar.com\/wp-content\/uploads\/2019\/05\/paysage-1024x476.jpg\",\"contentUrl\":\"http:\/\/gite-bourdettes-auvillar.com\/wp-content\/uploads\/2019\/05\/paysage-1024x476.jpg\"},{\"@type\":\"BreadcrumbList\",\"@id\":\"https:\/\/gite-bourdettes-auvillar.com\/auvillar\/#breadcrumb\",\"itemListElement\":[{\"@type\":\"ListItem\",\"position\":1,\"name\":\"Accueil\",\"item\":\"https:\/\/gite-bourdettes-auvillar.com\/\"},{\"@type\":\"ListItem\",\"position\":2,\"name\":\"Auvillar\"}]},{\"@type\":\"WebSite\",\"@id\":\"https:\/\/gite-bourdettes-auvillar.com\/#website\",\"url\":\"https:\/\/gite-bourdettes-auvillar.com\/\",\"name\":\"Gite Les Bourdettes ***\",\"description\":\"Auvillar, un des Plus Beaux Village de France dans le Tarn et Garonne en Occitanie\",\"potentialAction\":[{\"@type\":\"SearchAction\",\"target\":{\"@type\":\"EntryPoint\",\"urlTemplate\":\"https:\/\/gite-bourdettes-auvillar.com\/?s={search_term_string}\"},\"query-input\":{\"@type\":\"PropertyValueSpecification\",\"valueRequired\":true,\"valueName\":\"search_term_string\"}}],\"inLanguage\":\"de-DE\"}]}<\/script>\n<!-- \/ Yoast SEO plugin. -->","yoast_head_json":{"title":"Auvillar - Gite Les Bourdettes ***","description":"[:en]Auvillar[:fr]Auvillar[:]","robots":{"index":"index","follow":"follow","max-snippet":"max-snippet:-1","max-image-preview":"max-image-preview:large","max-video-preview":"max-video-preview:-1"},"canonical":"https:\/\/gite-bourdettes-auvillar.com\/de\/auvillar\/","og_locale":"de_DE","og_type":"article","og_title":"[:en]Auvillar[:fr]Auvillar[:] - Gite Les Bourdettes ***","og_description":"[:en]Auvillar[:fr]Auvillar[:]","og_url":"https:\/\/gite-bourdettes-auvillar.com\/de\/auvillar\/","og_site_name":"Gite Les Bourdettes ***","article_modified_time":"2020-06-15T06:15:50+00:00","og_image":[{"url":"http:\/\/gite-bourdettes-auvillar.com\/wp-content\/uploads\/2019\/05\/paysage-1024x476.jpg","type":"","width":"","height":""}],"twitter_card":"summary_large_image","twitter_misc":{"Gesch\u00e4tzte Lesezeit":"12\u00a0Minuten"},"schema":{"@context":"https:\/\/schema.org","@graph":[{"@type":"WebPage","@id":"https:\/\/gite-bourdettes-auvillar.com\/auvillar\/","url":"https:\/\/gite-bourdettes-auvillar.com\/auvillar\/","name":"Auvillar","isPartOf":{"@id":"https:\/\/gite-bourdettes-auvillar.com\/#website"},"primaryImageOfPage":{"@id":"https:\/\/gite-bourdettes-auvillar.com\/auvillar\/#primaryimage"},"image":{"@id":"https:\/\/gite-bourdettes-auvillar.com\/auvillar\/#primaryimage"},"thumbnailUrl":"http:\/\/gite-bourdettes-auvillar.com\/wp-content\/uploads\/2019\/05\/paysage-1024x476.jpg","datePublished":"2018-05-17T11:24:34+00:00","dateModified":"2020-06-15T06:15:50+00:00","description":"Auvillar","breadcrumb":{"@id":"https:\/\/gite-bourdettes-auvillar.com\/auvillar\/#breadcrumb"},"inLanguage":"de-DE","potentialAction":[{"@type":"ReadAction","target":["https:\/\/gite-bourdettes-auvillar.com\/auvillar\/"]}]},{"@type":"ImageObject","inLanguage":"de-DE","@id":"https:\/\/gite-bourdettes-auvillar.com\/auvillar\/#primaryimage","url":"http:\/\/gite-bourdettes-auvillar.com\/wp-content\/uploads\/2019\/05\/paysage-1024x476.jpg","contentUrl":"http:\/\/gite-bourdettes-auvillar.com\/wp-content\/uploads\/2019\/05\/paysage-1024x476.jpg"},{"@type":"BreadcrumbList","@id":"https:\/\/gite-bourdettes-auvillar.com\/auvillar\/#breadcrumb","itemListElement":[{"@type":"ListItem","position":1,"name":"Accueil","item":"https:\/\/gite-bourdettes-auvillar.com\/"},{"@type":"ListItem","position":2,"name":"Auvillar"}]},{"@type":"WebSite","@id":"https:\/\/gite-bourdettes-auvillar.com\/#website","url":"https:\/\/gite-bourdettes-auvillar.com\/","name":"Gite Les Bourdettes ***","description":"Auvillar, un des Plus Beaux Village de France dans le Tarn et Garonne en Occitanie","potentialAction":[{"@type":"SearchAction","target":{"@type":"EntryPoint","urlTemplate":"https:\/\/gite-bourdettes-auvillar.com\/?s={search_term_string}"},"query-input":{"@type":"PropertyValueSpecification","valueRequired":true,"valueName":"search_term_string"}}],"inLanguage":"de-DE"}]}},"_links":{"self":[{"href":"https:\/\/gite-bourdettes-auvillar.com\/de\/wp-json\/wp\/v2\/pages\/152","targetHints":{"allow":["GET"]}}],"collection":[{"href":"https:\/\/gite-bourdettes-auvillar.com\/de\/wp-json\/wp\/v2\/pages"}],"about":[{"href":"https:\/\/gite-bourdettes-auvillar.com\/de\/wp-json\/wp\/v2\/types\/page"}],"author":[{"embeddable":true,"href":"https:\/\/gite-bourdettes-auvillar.com\/de\/wp-json\/wp\/v2\/users\/1"}],"replies":[{"embeddable":true,"href":"https:\/\/gite-bourdettes-auvillar.com\/de\/wp-json\/wp\/v2\/comments?post=152"}],"version-history":[{"count":18,"href":"https:\/\/gite-bourdettes-auvillar.com\/de\/wp-json\/wp\/v2\/pages\/152\/revisions"}],"predecessor-version":[{"id":994,"href":"https:\/\/gite-bourdettes-auvillar.com\/de\/wp-json\/wp\/v2\/pages\/152\/revisions\/994"}],"wp:attachment":[{"href":"https:\/\/gite-bourdettes-auvillar.com\/de\/wp-json\/wp\/v2\/media?parent=152"}],"curies":[{"name":"wp","href":"https:\/\/api.w.org\/{rel}","templated":true}]}}