{"id":19,"date":"2018-05-06T09:12:00","date_gmt":"2018-05-06T07:12:00","guid":{"rendered":"http:\/\/gite-bourdettes-auvillar.com\/?page_id=19"},"modified":"2023-11-28T11:48:40","modified_gmt":"2023-11-28T10:48:40","slug":"gite-auvillar","status":"publish","type":"page","link":"https:\/\/gite-bourdettes-auvillar.com\/de\/gite-auvillar\/","title":{"rendered":"Die H\u00fctte"},"content":{"rendered":"<p>Das 75 m\u00b2 gro\u00dfe Ferienhaus auf den H\u00f6hen von Auvillar ist ein Holzrahmenhaus mit Holzverkleidungsfassaden, das 2018 erbaut wurde und \u00fcber eine Privatstra\u00dfe erreichbar ist.<br \/>\nUnser Ferienhaus verf\u00fcgt \u00fcber eine 11 x 3 m gro\u00dfe Terrasse mit herrlichem Blick auf das Garonne-Tal.<br \/>\nIm Inneren befinden sich ein Elternschlafzimmer mit einem 140-cm-Bett, ein Kinderzimmer mit zwei Etagenbetten und ein 90-cm-Bett (Schlafzimmer mit einer Bibliothek mit B\u00fcchern, DVDs, Spielen und einer Spielzeugkiste), a Ess- \/ Wohnzimmer und offene K\u00fcche, Speisekammer mit Waschmaschine (kein Trockner, aber W\u00e4schest\u00e4nder), sekund\u00e4res WC, Babybett, Wickeltisch, Hochstuhl, B\u00fcgeleisen und B\u00fcgelbrett. Klappbares Kinderbett.<br \/>\nKapazit\u00e4t: 2 Erwachsene und 3 Kinder (+ 1 Kind mit Zustellbett + Baby m\u00f6glicherweise)<br \/>\nBadezimmer mit Doppelwaschbecken, Duschkabine und Wand-WC.<br \/>\nFernseher in allen Zimmern.<br \/>\nKostenloses WIFI von Hotspot<br \/>\nDrau\u00dfen, angrenzender \u00fcberdachter Carport, alle auf einem leicht abfallenden, bl\u00fchenden Grundst\u00fcck von 1000 m\u00b2.<\/p>\n<p>Warmwasser wird von einem thermodynamischen Warmwasserbereiter geliefert. Heizung durch W\u00e4rmepumpe, die bei Bedarf im Sommer klimatisiert wird.<\/p>\n<p>Das Haus ist nicht wirklich f\u00fcr Menschen mit eingeschr\u00e4nkter Mobilit\u00e4t geeignet, auch wenn sich alles auf einer Ebene befindet, gibt es eine Stufe zum Betreten der Duschkabine und der Rollstuhl konnte die Zimmer nicht betreten.<\/p>\n<p>Bei Ostwind k\u00f6nnen Sie von der Terrasse aus den L\u00e4rm der Autobahn h\u00f6ren (trotzdem unsichtbar).<\/p>\n<p>Feste, Geschichte, Gottesdienste in Auvillar: <a href=\"http:\/\/www.auvillar.fr\" target=\"_blank\" rel=\"noopener noreferrer\">www.auvillar.fr<\/a> et <a href=\"http:\/\/www.auvillar.com\" target=\"_blank\" rel=\"noopener noreferrer\">www.auvillar.com<\/a><\/p>\n<hr \/>\n<div class=\"QmZWSe\">\n<div class=\"DHcWmd\"><\/div>\n<\/div>\n<div class=\"oSioSc\">\n<div id=\"tw-target\">\n<div id=\"kAz1tf\" class=\"g9WsWb\">\n<div id=\"tw-target-text-container\" class=\"tw-ta-container hide-focus-ring tw-nfl\" style=\"text-align: center;\" tabindex=\"0\">\n<h4 id=\"tw-target-text\" class=\"tw-data-text tw-text-large XcVN5d tw-ta\" dir=\"ltr\" data-placeholder=\"Traduction\"><span lang=\"de\">Karte der Unterkunft<\/span><\/h4>\n<\/div>\n<\/div>\n<\/div>\n<\/div>\n<p><img loading=\"lazy\" decoding=\"async\" class=\"aligncenter size-full wp-image-1253\" src=\"https:\/\/gite-bourdettes-auvillar.com\/wp-content\/uploads\/2023\/11\/plan-gite.jpg\" alt=\"\" width=\"907\" height=\"641\" srcset=\"https:\/\/gite-bourdettes-auvillar.com\/wp-content\/uploads\/2023\/11\/plan-gite.jpg 907w, https:\/\/gite-bourdettes-auvillar.com\/wp-content\/uploads\/2023\/11\/plan-gite-300x212.jpg 300w, https:\/\/gite-bourdettes-auvillar.com\/wp-content\/uploads\/2023\/11\/plan-gite-768x543.jpg 768w, https:\/\/gite-bourdettes-auvillar.com\/wp-content\/uploads\/2023\/11\/plan-gite-800x565.jpg 800w\" sizes=\"auto, (max-width: 907px) 100vw, 907px\" \/><\/p>\n\r\n\t\t<style type='text\/css'>\r\n\t\t\t#gallery-1 {\r\n\t\t\t\tmargin: auto;\r\n\t\t\t}\r\n\t\t\t#gallery-1 .gallery-item {\r\n\t\t\t\tfloat: left;\r\n\t\t\t\tmargin-top: 10px;\r\n\t\t\t\ttext-align: center;\r\n\t\t\t\twidth: 25%;\r\n\t\t\t}\r\n\t\t\t#gallery-1 img {\r\n\t\t\t\tborder: 2px solid #cfcfcf;\r\n\t\t\t}\r\n\t\t\t#gallery-1 .gallery-caption {\r\n\t\t\t\tmargin-left: 0;\r\n\t\t\t}\r\n\t\t\t\/* see gallery_shortcode() in wp-includes\/media.php *\/\r\n\t\t<\/style>\n\t\t<div id='gallery-1' class='gallery galleryid-19 gallery-columns-4 gallery-size-thumbnail'><dl class='gallery-item'>\r\n\t\t\t<dt class='gallery-icon landscape'>\r\n\t\t\t\t<a href='https:\/\/gite-bourdettes-auvillar.com\/wp-content\/uploads\/2018\/07\/gite-300.jpg'><img loading=\"lazy\" decoding=\"async\" width=\"150\" height=\"150\" src=\"https:\/\/gite-bourdettes-auvillar.com\/wp-content\/uploads\/2018\/07\/gite-300-150x150.jpg\" class=\"attachment-thumbnail size-thumbnail\" alt=\"\" \/><\/a>\r\n\t\t\t<\/dt><\/dl><dl class='gallery-item'>\r\n\t\t\t<dt class='gallery-icon landscape'>\r\n\t\t\t\t<a href='https:\/\/gite-bourdettes-auvillar.com\/wp-content\/uploads\/2018\/07\/gite-217.jpg'><img loading=\"lazy\" decoding=\"async\" width=\"150\" height=\"150\" src=\"https:\/\/gite-bourdettes-auvillar.com\/wp-content\/uploads\/2018\/07\/gite-217-150x150.jpg\" class=\"attachment-thumbnail size-thumbnail\" alt=\"\" \/><\/a>\r\n\t\t\t<\/dt><\/dl><dl class='gallery-item'>\r\n\t\t\t<dt class='gallery-icon landscape'>\r\n\t\t\t\t<a href='https:\/\/gite-bourdettes-auvillar.com\/wp-content\/uploads\/2018\/07\/gite-215.jpg'><img loading=\"lazy\" decoding=\"async\" width=\"150\" height=\"150\" src=\"https:\/\/gite-bourdettes-auvillar.com\/wp-content\/uploads\/2018\/07\/gite-215-150x150.jpg\" class=\"attachment-thumbnail size-thumbnail\" alt=\"\" \/><\/a>\r\n\t\t\t<\/dt><\/dl><dl class='gallery-item'>\r\n\t\t\t<dt class='gallery-icon landscape'>\r\n\t\t\t\t<a href='https:\/\/gite-bourdettes-auvillar.com\/wp-content\/uploads\/2018\/07\/gite-213.jpg'><img loading=\"lazy\" decoding=\"async\" width=\"150\" height=\"150\" src=\"https:\/\/gite-bourdettes-auvillar.com\/wp-content\/uploads\/2018\/07\/gite-213-150x150.jpg\" class=\"attachment-thumbnail size-thumbnail\" alt=\"\" \/><\/a>\r\n\t\t\t<\/dt><\/dl><br style=\"clear: both\" \/><dl class='gallery-item'>\r\n\t\t\t<dt class='gallery-icon landscape'>\r\n\t\t\t\t<a href='https:\/\/gite-bourdettes-auvillar.com\/wp-content\/uploads\/2018\/07\/gite-212.jpg'><img loading=\"lazy\" decoding=\"async\" width=\"150\" height=\"150\" src=\"https:\/\/gite-bourdettes-auvillar.com\/wp-content\/uploads\/2018\/07\/gite-212-150x150.jpg\" class=\"attachment-thumbnail size-thumbnail\" alt=\"\" \/><\/a>\r\n\t\t\t<\/dt><\/dl><dl class='gallery-item'>\r\n\t\t\t<dt class='gallery-icon landscape'>\r\n\t\t\t\t<a href='https:\/\/gite-bourdettes-auvillar.com\/wp-content\/uploads\/2018\/07\/gite-211.jpg'><img loading=\"lazy\" decoding=\"async\" width=\"150\" height=\"150\" src=\"https:\/\/gite-bourdettes-auvillar.com\/wp-content\/uploads\/2018\/07\/gite-211-150x150.jpg\" class=\"attachment-thumbnail size-thumbnail\" alt=\"\" \/><\/a>\r\n\t\t\t<\/dt><\/dl><dl class='gallery-item'>\r\n\t\t\t<dt class='gallery-icon landscape'>\r\n\t\t\t\t<a href='https:\/\/gite-bourdettes-auvillar.com\/wp-content\/uploads\/2018\/07\/gite-209.jpg'><img loading=\"lazy\" decoding=\"async\" width=\"150\" height=\"150\" src=\"https:\/\/gite-bourdettes-auvillar.com\/wp-content\/uploads\/2018\/07\/gite-209-150x150.jpg\" class=\"attachment-thumbnail size-thumbnail\" alt=\"\" \/><\/a>\r\n\t\t\t<\/dt><\/dl><dl class='gallery-item'>\r\n\t\t\t<dt class='gallery-icon landscape'>\r\n\t\t\t\t<a href='https:\/\/gite-bourdettes-auvillar.com\/wp-content\/uploads\/2018\/07\/gite-207.jpg'><img loading=\"lazy\" decoding=\"async\" width=\"150\" height=\"150\" src=\"https:\/\/gite-bourdettes-auvillar.com\/wp-content\/uploads\/2018\/07\/gite-207-150x150.jpg\" class=\"attachment-thumbnail size-thumbnail\" alt=\"\" \/><\/a>\r\n\t\t\t<\/dt><\/dl><br style=\"clear: both\" \/><dl class='gallery-item'>\r\n\t\t\t<dt class='gallery-icon portrait'>\r\n\t\t\t\t<a href='https:\/\/gite-bourdettes-auvillar.com\/wp-content\/uploads\/2018\/07\/gite-206.jpg'><img loading=\"lazy\" decoding=\"async\" width=\"150\" height=\"150\" src=\"https:\/\/gite-bourdettes-auvillar.com\/wp-content\/uploads\/2018\/07\/gite-206-150x150.jpg\" class=\"attachment-thumbnail size-thumbnail\" alt=\"\" \/><\/a>\r\n\t\t\t<\/dt><\/dl><dl class='gallery-item'>\r\n\t\t\t<dt class='gallery-icon portrait'>\r\n\t\t\t\t<a href='https:\/\/gite-bourdettes-auvillar.com\/wp-content\/uploads\/2018\/07\/gite-205.jpg'><img loading=\"lazy\" decoding=\"async\" width=\"150\" height=\"150\" src=\"https:\/\/gite-bourdettes-auvillar.com\/wp-content\/uploads\/2018\/07\/gite-205-150x150.jpg\" class=\"attachment-thumbnail size-thumbnail\" alt=\"\" \/><\/a>\r\n\t\t\t<\/dt><\/dl><dl class='gallery-item'>\r\n\t\t\t<dt class='gallery-icon landscape'>\r\n\t\t\t\t<a href='https:\/\/gite-bourdettes-auvillar.com\/wp-content\/uploads\/2018\/07\/gite-204.jpg'><img loading=\"lazy\" decoding=\"async\" width=\"150\" height=\"150\" src=\"https:\/\/gite-bourdettes-auvillar.com\/wp-content\/uploads\/2018\/07\/gite-204-150x150.jpg\" class=\"attachment-thumbnail size-thumbnail\" alt=\"\" \/><\/a>\r\n\t\t\t<\/dt><\/dl><dl class='gallery-item'>\r\n\t\t\t<dt class='gallery-icon portrait'>\r\n\t\t\t\t<a href='https:\/\/gite-bourdettes-auvillar.com\/wp-content\/uploads\/2018\/07\/gite-203.jpg'><img loading=\"lazy\" decoding=\"async\" width=\"150\" height=\"150\" src=\"https:\/\/gite-bourdettes-auvillar.com\/wp-content\/uploads\/2018\/07\/gite-203-150x150.jpg\" class=\"attachment-thumbnail size-thumbnail\" alt=\"\" \/><\/a>\r\n\t\t\t<\/dt><\/dl><br style=\"clear: both\" \/><dl class='gallery-item'>\r\n\t\t\t<dt class='gallery-icon landscape'>\r\n\t\t\t\t<a href='https:\/\/gite-bourdettes-auvillar.com\/wp-content\/uploads\/2018\/07\/gite-202.jpg'><img loading=\"lazy\" decoding=\"async\" width=\"150\" height=\"150\" src=\"https:\/\/gite-bourdettes-auvillar.com\/wp-content\/uploads\/2018\/07\/gite-202-150x150.jpg\" class=\"attachment-thumbnail size-thumbnail\" alt=\"\" \/><\/a>\r\n\t\t\t<\/dt><\/dl><dl class='gallery-item'>\r\n\t\t\t<dt class='gallery-icon landscape'>\r\n\t\t\t\t<a href='https:\/\/gite-bourdettes-auvillar.com\/wp-content\/uploads\/2018\/07\/gite-201.jpg'><img loading=\"lazy\" decoding=\"async\" width=\"150\" height=\"150\" src=\"https:\/\/gite-bourdettes-auvillar.com\/wp-content\/uploads\/2018\/07\/gite-201-150x150.jpg\" class=\"attachment-thumbnail size-thumbnail\" alt=\"\" \/><\/a>\r\n\t\t\t<\/dt><\/dl><dl class='gallery-item'>\r\n\t\t\t<dt class='gallery-icon landscape'>\r\n\t\t\t\t<a href='https:\/\/gite-bourdettes-auvillar.com\/wp-content\/uploads\/2018\/07\/gite-316.jpg'><img loading=\"lazy\" decoding=\"async\" width=\"150\" height=\"150\" src=\"https:\/\/gite-bourdettes-auvillar.com\/wp-content\/uploads\/2018\/07\/gite-316-150x150.jpg\" class=\"attachment-thumbnail size-thumbnail\" alt=\"\" \/><\/a>\r\n\t\t\t<\/dt><\/dl><dl class='gallery-item'>\r\n\t\t\t<dt class='gallery-icon landscape'>\r\n\t\t\t\t<a href='https:\/\/gite-bourdettes-auvillar.com\/wp-content\/uploads\/2018\/07\/gite-320.jpg'><img loading=\"lazy\" decoding=\"async\" width=\"150\" height=\"150\" src=\"https:\/\/gite-bourdettes-auvillar.com\/wp-content\/uploads\/2018\/07\/gite-320-150x150.jpg\" class=\"attachment-thumbnail size-thumbnail\" alt=\"\" \/><\/a>\r\n\t\t\t<\/dt><\/dl><br style=\"clear: both\" \/><dl class='gallery-item'>\r\n\t\t\t<dt class='gallery-icon portrait'>\r\n\t\t\t\t<a href='https:\/\/gite-bourdettes-auvillar.com\/wp-content\/uploads\/2018\/07\/gite-321.jpg'><img loading=\"lazy\" decoding=\"async\" width=\"150\" height=\"150\" src=\"https:\/\/gite-bourdettes-auvillar.com\/wp-content\/uploads\/2018\/07\/gite-321-150x150.jpg\" class=\"attachment-thumbnail size-thumbnail\" alt=\"\" \/><\/a>\r\n\t\t\t<\/dt><\/dl><dl class='gallery-item'>\r\n\t\t\t<dt class='gallery-icon landscape'>\r\n\t\t\t\t<a href='https:\/\/gite-bourdettes-auvillar.com\/wp-content\/uploads\/2018\/07\/gite-301.jpg'><img loading=\"lazy\" decoding=\"async\" width=\"150\" height=\"150\" src=\"https:\/\/gite-bourdettes-auvillar.com\/wp-content\/uploads\/2018\/07\/gite-301-150x150.jpg\" class=\"attachment-thumbnail size-thumbnail\" alt=\"\" \/><\/a>\r\n\t\t\t<\/dt><\/dl><dl class='gallery-item'>\r\n\t\t\t<dt class='gallery-icon landscape'>\r\n\t\t\t\t<a href='https:\/\/gite-bourdettes-auvillar.com\/wp-content\/uploads\/2018\/07\/gite-312.jpg'><img loading=\"lazy\" decoding=\"async\" width=\"150\" height=\"150\" src=\"https:\/\/gite-bourdettes-auvillar.com\/wp-content\/uploads\/2018\/07\/gite-312-150x150.jpg\" class=\"attachment-thumbnail size-thumbnail\" alt=\"\" \/><\/a>\r\n\t\t\t<\/dt><\/dl><dl class='gallery-item'>\r\n\t\t\t<dt class='gallery-icon landscape'>\r\n\t\t\t\t<a href='https:\/\/gite-bourdettes-auvillar.com\/wp-content\/uploads\/2020\/05\/gite-03.jpg'><img loading=\"lazy\" decoding=\"async\" width=\"150\" height=\"150\" src=\"https:\/\/gite-bourdettes-auvillar.com\/wp-content\/uploads\/2020\/05\/gite-03-150x150.jpg\" class=\"attachment-thumbnail size-thumbnail\" alt=\"\" \/><\/a>\r\n\t\t\t<\/dt><\/dl><br style=\"clear: both\" \/><dl class='gallery-item'>\r\n\t\t\t<dt class='gallery-icon landscape'>\r\n\t\t\t\t<a href='https:\/\/gite-bourdettes-auvillar.com\/wp-content\/uploads\/2018\/07\/gite-316-1.jpg'><img loading=\"lazy\" decoding=\"async\" width=\"150\" height=\"150\" src=\"https:\/\/gite-bourdettes-auvillar.com\/wp-content\/uploads\/2018\/07\/gite-316-1-150x150.jpg\" class=\"attachment-thumbnail size-thumbnail\" alt=\"\" \/><\/a>\r\n\t\t\t<\/dt><\/dl><dl class='gallery-item'>\r\n\t\t\t<dt class='gallery-icon landscape'>\r\n\t\t\t\t<a href='https:\/\/gite-bourdettes-auvillar.com\/wp-content\/uploads\/2018\/07\/gite-317.jpg'><img loading=\"lazy\" decoding=\"async\" width=\"150\" height=\"150\" src=\"https:\/\/gite-bourdettes-auvillar.com\/wp-content\/uploads\/2018\/07\/gite-317-150x150.jpg\" class=\"attachment-thumbnail size-thumbnail\" alt=\"\" \/><\/a>\r\n\t\t\t<\/dt><\/dl><dl class='gallery-item'>\r\n\t\t\t<dt class='gallery-icon landscape'>\r\n\t\t\t\t<a href='https:\/\/gite-bourdettes-auvillar.com\/wp-content\/uploads\/2018\/07\/gite-318.jpg'><img loading=\"lazy\" decoding=\"async\" width=\"150\" height=\"150\" src=\"https:\/\/gite-bourdettes-auvillar.com\/wp-content\/uploads\/2018\/07\/gite-318-150x150.jpg\" class=\"attachment-thumbnail size-thumbnail\" alt=\"\" \/><\/a>\r\n\t\t\t<\/dt><\/dl><dl class='gallery-item'>\r\n\t\t\t<dt class='gallery-icon landscape'>\r\n\t\t\t\t<a href='https:\/\/gite-bourdettes-auvillar.com\/wp-content\/uploads\/2018\/07\/gite-319.jpg'><img loading=\"lazy\" decoding=\"async\" width=\"150\" height=\"150\" src=\"https:\/\/gite-bourdettes-auvillar.com\/wp-content\/uploads\/2018\/07\/gite-319-150x150.jpg\" class=\"attachment-thumbnail size-thumbnail\" alt=\"\" \/><\/a>\r\n\t\t\t<\/dt><\/dl><br style=\"clear: both\" \/><dl class='gallery-item'>\r\n\t\t\t<dt class='gallery-icon landscape'>\r\n\t\t\t\t<a href='https:\/\/gite-bourdettes-auvillar.com\/wp-content\/uploads\/2018\/07\/terrain-02-1.jpg'><img loading=\"lazy\" decoding=\"async\" width=\"150\" height=\"150\" src=\"https:\/\/gite-bourdettes-auvillar.com\/wp-content\/uploads\/2018\/07\/terrain-02-1-150x150.jpg\" class=\"attachment-thumbnail size-thumbnail\" alt=\"\" \/><\/a>\r\n\t\t\t<\/dt><\/dl><dl class='gallery-item'>\r\n\t\t\t<dt class='gallery-icon landscape'>\r\n\t\t\t\t<a href='https:\/\/gite-bourdettes-auvillar.com\/wp-content\/uploads\/2018\/07\/terrain-06.jpg'><img loading=\"lazy\" decoding=\"async\" width=\"150\" height=\"150\" src=\"https:\/\/gite-bourdettes-auvillar.com\/wp-content\/uploads\/2018\/07\/terrain-06-150x150.jpg\" class=\"attachment-thumbnail size-thumbnail\" alt=\"\" \/><\/a>\r\n\t\t\t<\/dt><\/dl><dl class='gallery-item'>\r\n\t\t\t<dt class='gallery-icon landscape'>\r\n\t\t\t\t<a href='https:\/\/gite-bourdettes-auvillar.com\/wp-content\/uploads\/2020\/05\/gite-01-1.jpg'><img loading=\"lazy\" decoding=\"async\" width=\"150\" height=\"150\" src=\"https:\/\/gite-bourdettes-auvillar.com\/wp-content\/uploads\/2020\/05\/gite-01-1-150x150.jpg\" class=\"attachment-thumbnail size-thumbnail\" alt=\"\" \/><\/a>\r\n\t\t\t<\/dt><\/dl><dl class='gallery-item'>\r\n\t\t\t<dt class='gallery-icon landscape'>\r\n\t\t\t\t<a href='https:\/\/gite-bourdettes-auvillar.com\/wp-content\/uploads\/2020\/05\/gite-04.jpg'><img loading=\"lazy\" decoding=\"async\" width=\"150\" height=\"150\" src=\"https:\/\/gite-bourdettes-auvillar.com\/wp-content\/uploads\/2020\/05\/gite-04-150x150.jpg\" class=\"attachment-thumbnail size-thumbnail\" alt=\"\" \/><\/a>\r\n\t\t\t<\/dt><\/dl><br style=\"clear: both\" \/><dl class='gallery-item'>\r\n\t\t\t<dt class='gallery-icon landscape'>\r\n\t\t\t\t<a href='https:\/\/gite-bourdettes-auvillar.com\/wp-content\/uploads\/2020\/05\/gite-05.jpg'><img loading=\"lazy\" decoding=\"async\" width=\"150\" height=\"150\" src=\"https:\/\/gite-bourdettes-auvillar.com\/wp-content\/uploads\/2020\/05\/gite-05-150x150.jpg\" class=\"attachment-thumbnail size-thumbnail\" alt=\"\" \/><\/a>\r\n\t\t\t<\/dt><\/dl><dl class='gallery-item'>\r\n\t\t\t<dt class='gallery-icon landscape'>\r\n\t\t\t\t<a href='https:\/\/gite-bourdettes-auvillar.com\/wp-content\/uploads\/2020\/05\/gite-07.jpg'><img loading=\"lazy\" decoding=\"async\" width=\"150\" height=\"150\" src=\"https:\/\/gite-bourdettes-auvillar.com\/wp-content\/uploads\/2020\/05\/gite-07-150x150.jpg\" class=\"attachment-thumbnail size-thumbnail\" alt=\"\" \/><\/a>\r\n\t\t\t<\/dt><\/dl><br style=\"clear: both\" \/><\/div>\n\n","protected":false},"excerpt":{"rendered":"<p>Das 75 m\u00b2 gro\u00dfe Ferienhaus auf den H\u00f6hen von Auvillar ist ein Holzrahmenhaus mit Holzverkleidungsfassaden, das 2018 erbaut wurde und \u00fcber eine Privatstra\u00dfe erreichbar ist. Unser Ferienhaus verf\u00fcgt \u00fcber eine 11 x 3 m gro\u00dfe Terrasse mit herrlichem Blick auf das Garonne-Tal. Im Inneren befinden sich ein Elternschlafzimmer mit einem 140-cm-Bett, ein Kinderzimmer mit zwei Etagenbetten und ein 90-cm-Bett (Schlafzimmer<\/p>\n<p><a class=\"more-link\" href=\"https:\/\/gite-bourdettes-auvillar.com\/de\/gite-auvillar\/\">Weiterlesen<\/a><\/p>\n","protected":false},"author":1,"featured_media":0,"parent":0,"menu_order":1,"comment_status":"closed","ping_status":"closed","template":"","meta":{"footnotes":""},"class_list":["post-19","page","type-page","status-publish","hentry"],"yoast_head":"<!-- This site is optimized with the Yoast SEO plugin v25.2 - https:\/\/yoast.com\/wordpress\/plugins\/seo\/ -->\n<title>G\u00eete les Bourdettes - Auvillar, plus beau village de France<\/title>\n<meta name=\"description\" content=\"A Auvillar, dans un des plus beaux villages de France, gite neuf avec point de vue sur la vall\u00e9e de la Garonne. Maison \u00e0 bardage en bois, grande terrasse.\" \/>\n<meta name=\"robots\" content=\"index, follow, max-snippet:-1, max-image-preview:large, max-video-preview:-1\" \/>\n<link rel=\"canonical\" href=\"https:\/\/gite-bourdettes-auvillar.com\/de\/gite-auvillar\/\" \/>\n<meta property=\"og:locale\" content=\"de_DE\" \/>\n<meta property=\"og:locale:alternate\" content=\"en_GB\" \/>\n<meta property=\"og:locale:alternate\" content=\"es_ES\" \/>\n<meta property=\"og:locale:alternate\" content=\"fr_FR\" \/>\n<meta property=\"og:type\" content=\"article\" \/>\n<meta property=\"og:title\" content=\"G\u00eete les Bourdettes - Auvillar, plus beau village de France\" \/>\n<meta property=\"og:description\" content=\"A Auvillar, dans un des plus beaux villages de France, gite neuf avec point de vue sur la vall\u00e9e de la Garonne. Maison \u00e0 bardage en bois, grande terrasse.\" \/>\n<meta property=\"og:url\" content=\"https:\/\/gite-bourdettes-auvillar.com\/de\/gite-auvillar\/\" \/>\n<meta property=\"og:site_name\" content=\"Gite Les Bourdettes ***\" \/>\n<meta property=\"article:modified_time\" content=\"2023-11-28T10:48:40+00:00\" \/>\n<meta property=\"og:image\" content=\"https:\/\/gite-bourdettes-auvillar.com\/wp-content\/uploads\/2018\/07\/gite-300-150x150.jpg\" \/>\n<meta name=\"twitter:card\" content=\"summary_large_image\" \/>\n<meta name=\"twitter:label1\" content=\"Gesch\u00e4tzte Lesezeit\" \/>\n\t<meta name=\"twitter:data1\" content=\"2\u00a0Minuten\" \/>\n<script type=\"application\/ld+json\" class=\"yoast-schema-graph\">{\"@context\":\"https:\/\/schema.org\",\"@graph\":[{\"@type\":\"WebPage\",\"@id\":\"https:\/\/gite-bourdettes-auvillar.com\/es\/gite-auvillar\/\",\"url\":\"https:\/\/gite-bourdettes-auvillar.com\/es\/gite-auvillar\/\",\"name\":\"G\u00eete les Bourdettes - Auvillar, plus beau village de France\",\"isPartOf\":{\"@id\":\"https:\/\/gite-bourdettes-auvillar.com\/#website\"},\"primaryImageOfPage\":{\"@id\":\"https:\/\/gite-bourdettes-auvillar.com\/es\/gite-auvillar\/#primaryimage\"},\"image\":{\"@id\":\"https:\/\/gite-bourdettes-auvillar.com\/es\/gite-auvillar\/#primaryimage\"},\"thumbnailUrl\":\"https:\/\/gite-bourdettes-auvillar.com\/wp-content\/uploads\/2023\/11\/plan-gite.jpg\",\"datePublished\":\"2018-05-06T07:12:00+00:00\",\"dateModified\":\"2023-11-28T10:48:40+00:00\",\"description\":\"A Auvillar, dans un des plus beaux villages de France, gite neuf avec point de vue sur la vall\u00e9e de la Garonne. Maison \u00e0 bardage en bois, grande terrasse.\",\"breadcrumb\":{\"@id\":\"https:\/\/gite-bourdettes-auvillar.com\/es\/gite-auvillar\/#breadcrumb\"},\"inLanguage\":\"de-DE\",\"potentialAction\":[{\"@type\":\"ReadAction\",\"target\":[\"https:\/\/gite-bourdettes-auvillar.com\/es\/gite-auvillar\/\"]}]},{\"@type\":\"ImageObject\",\"inLanguage\":\"de-DE\",\"@id\":\"https:\/\/gite-bourdettes-auvillar.com\/es\/gite-auvillar\/#primaryimage\",\"url\":\"https:\/\/gite-bourdettes-auvillar.com\/wp-content\/uploads\/2023\/11\/plan-gite.jpg\",\"contentUrl\":\"https:\/\/gite-bourdettes-auvillar.com\/wp-content\/uploads\/2023\/11\/plan-gite.jpg\"},{\"@type\":\"BreadcrumbList\",\"@id\":\"https:\/\/gite-bourdettes-auvillar.com\/es\/gite-auvillar\/#breadcrumb\",\"itemListElement\":[{\"@type\":\"ListItem\",\"position\":1,\"name\":\"Accueil\",\"item\":\"https:\/\/gite-bourdettes-auvillar.com\/\"},{\"@type\":\"ListItem\",\"position\":2,\"name\":\"La casa de Campo\"}]},{\"@type\":\"WebSite\",\"@id\":\"https:\/\/gite-bourdettes-auvillar.com\/#website\",\"url\":\"https:\/\/gite-bourdettes-auvillar.com\/\",\"name\":\"Gite Les Bourdettes ***\",\"description\":\"Auvillar, un des Plus Beaux Village de France dans le Tarn et Garonne en Occitanie\",\"potentialAction\":[{\"@type\":\"SearchAction\",\"target\":{\"@type\":\"EntryPoint\",\"urlTemplate\":\"https:\/\/gite-bourdettes-auvillar.com\/?s={search_term_string}\"},\"query-input\":{\"@type\":\"PropertyValueSpecification\",\"valueRequired\":true,\"valueName\":\"search_term_string\"}}],\"inLanguage\":\"de-DE\"}]}<\/script>\n<!-- \/ Yoast SEO plugin. -->","yoast_head_json":{"title":"G\u00eete les Bourdettes - Auvillar, plus beau village de France","description":"A Auvillar, dans un des plus beaux villages de France, gite neuf avec point de vue sur la vall\u00e9e de la Garonne. Maison \u00e0 bardage en bois, grande terrasse.","robots":{"index":"index","follow":"follow","max-snippet":"max-snippet:-1","max-image-preview":"max-image-preview:large","max-video-preview":"max-video-preview:-1"},"canonical":"https:\/\/gite-bourdettes-auvillar.com\/de\/gite-auvillar\/","og_locale":"de_DE","og_type":"article","og_title":"G\u00eete les Bourdettes - Auvillar, plus beau village de France","og_description":"A Auvillar, dans un des plus beaux villages de France, gite neuf avec point de vue sur la vall\u00e9e de la Garonne. Maison \u00e0 bardage en bois, grande terrasse.","og_url":"https:\/\/gite-bourdettes-auvillar.com\/de\/gite-auvillar\/","og_site_name":"Gite Les Bourdettes ***","article_modified_time":"2023-11-28T10:48:40+00:00","og_image":[{"url":"https:\/\/gite-bourdettes-auvillar.com\/wp-content\/uploads\/2018\/07\/gite-300-150x150.jpg","type":"","width":"","height":""}],"twitter_card":"summary_large_image","twitter_misc":{"Gesch\u00e4tzte Lesezeit":"2\u00a0Minuten"},"schema":{"@context":"https:\/\/schema.org","@graph":[{"@type":"WebPage","@id":"https:\/\/gite-bourdettes-auvillar.com\/es\/gite-auvillar\/","url":"https:\/\/gite-bourdettes-auvillar.com\/es\/gite-auvillar\/","name":"G\u00eete les Bourdettes - Auvillar, plus beau village de France","isPartOf":{"@id":"https:\/\/gite-bourdettes-auvillar.com\/#website"},"primaryImageOfPage":{"@id":"https:\/\/gite-bourdettes-auvillar.com\/es\/gite-auvillar\/#primaryimage"},"image":{"@id":"https:\/\/gite-bourdettes-auvillar.com\/es\/gite-auvillar\/#primaryimage"},"thumbnailUrl":"https:\/\/gite-bourdettes-auvillar.com\/wp-content\/uploads\/2023\/11\/plan-gite.jpg","datePublished":"2018-05-06T07:12:00+00:00","dateModified":"2023-11-28T10:48:40+00:00","description":"A Auvillar, dans un des plus beaux villages de France, gite neuf avec point de vue sur la vall\u00e9e de la Garonne. Maison \u00e0 bardage en bois, grande terrasse.","breadcrumb":{"@id":"https:\/\/gite-bourdettes-auvillar.com\/es\/gite-auvillar\/#breadcrumb"},"inLanguage":"de-DE","potentialAction":[{"@type":"ReadAction","target":["https:\/\/gite-bourdettes-auvillar.com\/es\/gite-auvillar\/"]}]},{"@type":"ImageObject","inLanguage":"de-DE","@id":"https:\/\/gite-bourdettes-auvillar.com\/es\/gite-auvillar\/#primaryimage","url":"https:\/\/gite-bourdettes-auvillar.com\/wp-content\/uploads\/2023\/11\/plan-gite.jpg","contentUrl":"https:\/\/gite-bourdettes-auvillar.com\/wp-content\/uploads\/2023\/11\/plan-gite.jpg"},{"@type":"BreadcrumbList","@id":"https:\/\/gite-bourdettes-auvillar.com\/es\/gite-auvillar\/#breadcrumb","itemListElement":[{"@type":"ListItem","position":1,"name":"Accueil","item":"https:\/\/gite-bourdettes-auvillar.com\/"},{"@type":"ListItem","position":2,"name":"La casa de Campo"}]},{"@type":"WebSite","@id":"https:\/\/gite-bourdettes-auvillar.com\/#website","url":"https:\/\/gite-bourdettes-auvillar.com\/","name":"Gite Les Bourdettes ***","description":"Auvillar, un des Plus Beaux Village de France dans le Tarn et Garonne en Occitanie","potentialAction":[{"@type":"SearchAction","target":{"@type":"EntryPoint","urlTemplate":"https:\/\/gite-bourdettes-auvillar.com\/?s={search_term_string}"},"query-input":{"@type":"PropertyValueSpecification","valueRequired":true,"valueName":"search_term_string"}}],"inLanguage":"de-DE"}]}},"_links":{"self":[{"href":"https:\/\/gite-bourdettes-auvillar.com\/de\/wp-json\/wp\/v2\/pages\/19","targetHints":{"allow":["GET"]}}],"collection":[{"href":"https:\/\/gite-bourdettes-auvillar.com\/de\/wp-json\/wp\/v2\/pages"}],"about":[{"href":"https:\/\/gite-bourdettes-auvillar.com\/de\/wp-json\/wp\/v2\/types\/page"}],"author":[{"embeddable":true,"href":"https:\/\/gite-bourdettes-auvillar.com\/de\/wp-json\/wp\/v2\/users\/1"}],"replies":[{"embeddable":true,"href":"https:\/\/gite-bourdettes-auvillar.com\/de\/wp-json\/wp\/v2\/comments?post=19"}],"version-history":[{"count":49,"href":"https:\/\/gite-bourdettes-auvillar.com\/de\/wp-json\/wp\/v2\/pages\/19\/revisions"}],"predecessor-version":[{"id":1258,"href":"https:\/\/gite-bourdettes-auvillar.com\/de\/wp-json\/wp\/v2\/pages\/19\/revisions\/1258"}],"wp:attachment":[{"href":"https:\/\/gite-bourdettes-auvillar.com\/de\/wp-json\/wp\/v2\/media?parent=19"}],"curies":[{"name":"wp","href":"https:\/\/api.w.org\/{rel}","templated":true}]}}