{"id":196,"date":"2018-05-29T19:51:53","date_gmt":"2018-05-29T17:51:53","guid":{"rendered":"http:\/\/gite-bourdettes-auvillar.com\/?page_id=196"},"modified":"2020-12-02T12:57:25","modified_gmt":"2020-12-02T11:57:25","slug":"le-menage","status":"publish","type":"page","link":"https:\/\/gite-bourdettes-auvillar.com\/de\/tarifs\/le-menage\/","title":{"rendered":"Hausarbeiten"},"content":{"rendered":"<p>Die Reinigung erfolgt zus\u00e4tzlich zum Gesamtpreis (40 \u20ac). Es liegt jedoch in Ihrer Verantwortung, das folgende Minimum zu tun:<\/p>\n<p>K\u00dcCHE WOHNZIMMER:<br \/>\nGeschirr, K\u00fcchenutensilien und Ger\u00e4te waschen und aufbewahren. Leere den Geschirrsp\u00fcler. Alles wird \u00fcberpr\u00fcft, auch die Pfannen!<br \/>\nLeeren Sie den M\u00fcll in den gr\u00fcnen Beh\u00e4lter. Legen Sie Papier, Pappe und Plastik in den gelben Beh\u00e4lter. Der gr\u00fcne M\u00fclleimer soll am Dienstagabend auf dem B\u00fcrgersteig an der Stra\u00dfe und der gelbe M\u00fclleimer am Sonntagabend herausgenommen werden.<\/p>\n<p>SCHLAFZIMMER):<br \/>\nFalten Sie die Decken und lassen Sie sie auf den Betten. Falten Sie die Laken, Matratzenbez\u00fcge, Kissenbez\u00fcge und lassen Sie sie auf den Betten.<\/p>\n<p>Bad WC:<br \/>\nLeeren Sie den M\u00fcll, reinigen Sie den Duschabfluss und die Toilettensch\u00fcssel.<\/p>\n","protected":false},"excerpt":{"rendered":"<p>Die Reinigung erfolgt zus\u00e4tzlich zum Gesamtpreis (40 \u20ac). Es liegt jedoch in Ihrer Verantwortung, das folgende Minimum zu tun: K\u00dcCHE WOHNZIMMER: Geschirr, K\u00fcchenutensilien und Ger\u00e4te waschen und aufbewahren. Leere den Geschirrsp\u00fcler. Alles wird \u00fcberpr\u00fcft, auch die Pfannen! Leeren Sie den M\u00fcll in den gr\u00fcnen Beh\u00e4lter. Legen Sie Papier, Pappe und Plastik in den gelben Beh\u00e4lter. Der gr\u00fcne M\u00fclleimer soll am<\/p>\n<p><a class=\"more-link\" href=\"https:\/\/gite-bourdettes-auvillar.com\/de\/tarifs\/le-menage\/\">Weiterlesen<\/a><\/p>\n","protected":false},"author":1,"featured_media":0,"parent":278,"menu_order":0,"comment_status":"closed","ping_status":"closed","template":"","meta":{"footnotes":""},"class_list":["post-196","page","type-page","status-publish","hentry"],"yoast_head":"<!-- This site is optimized with the Yoast SEO plugin v25.2 - https:\/\/yoast.com\/wordpress\/plugins\/seo\/ -->\n<title>Hausarbeiten - Gite Les Bourdettes ***<\/title>\n<meta name=\"description\" content=\"Hausarbeiten\" \/>\n<meta name=\"robots\" content=\"index, follow, max-snippet:-1, max-image-preview:large, max-video-preview:-1\" \/>\n<link rel=\"canonical\" href=\"https:\/\/gite-bourdettes-auvillar.com\/de\/tarifs\/le-menage\/\" \/>\n<meta property=\"og:locale\" content=\"de_DE\" \/>\n<meta property=\"og:locale:alternate\" content=\"en_GB\" \/>\n<meta property=\"og:locale:alternate\" content=\"es_ES\" \/>\n<meta property=\"og:locale:alternate\" content=\"fr_FR\" \/>\n<meta property=\"og:type\" content=\"article\" \/>\n<meta property=\"og:title\" content=\"Hausarbeiten\" \/>\n<meta property=\"og:description\" content=\"Hausarbeiten\" \/>\n<meta property=\"og:url\" content=\"https:\/\/gite-bourdettes-auvillar.com\/de\/tarifs\/le-menage\/\" \/>\n<meta property=\"og:site_name\" content=\"Gite Les Bourdettes ***\" \/>\n<meta property=\"article:modified_time\" content=\"2020-12-02T11:57:25+00:00\" \/>\n<meta name=\"twitter:card\" content=\"summary_large_image\" \/>\n<meta name=\"twitter:label1\" content=\"Gesch\u00e4tzte Lesezeit\" \/>\n\t<meta name=\"twitter:data1\" content=\"3\u00a0Minuten\" \/>\n<script type=\"application\/ld+json\" class=\"yoast-schema-graph\">{\"@context\":\"https:\/\/schema.org\",\"@graph\":[{\"@type\":\"WebPage\",\"@id\":\"https:\/\/gite-bourdettes-auvillar.com\/tarifs\/le-menage\/\",\"url\":\"https:\/\/gite-bourdettes-auvillar.com\/tarifs\/le-menage\/\",\"name\":\"Hausarbeiten\",\"isPartOf\":{\"@id\":\"https:\/\/gite-bourdettes-auvillar.com\/#website\"},\"datePublished\":\"2018-05-29T17:51:53+00:00\",\"dateModified\":\"2020-12-02T11:57:25+00:00\",\"description\":\"Hausarbeiten\",\"breadcrumb\":{\"@id\":\"https:\/\/gite-bourdettes-auvillar.com\/tarifs\/le-menage\/#breadcrumb\"},\"inLanguage\":\"de-DE\",\"potentialAction\":[{\"@type\":\"ReadAction\",\"target\":[\"https:\/\/gite-bourdettes-auvillar.com\/tarifs\/le-menage\/\"]}]},{\"@type\":\"BreadcrumbList\",\"@id\":\"https:\/\/gite-bourdettes-auvillar.com\/tarifs\/le-menage\/#breadcrumb\",\"itemListElement\":[{\"@type\":\"ListItem\",\"position\":1,\"name\":\"Accueil\",\"item\":\"https:\/\/gite-bourdettes-auvillar.com\/\"},{\"@type\":\"ListItem\",\"position\":2,\"name\":\"Tarifs\/contrat\",\"item\":\"https:\/\/gite-bourdettes-auvillar.com\/tarifs\/\"},{\"@type\":\"ListItem\",\"position\":3,\"name\":\"Le m\u00e9nage\"}]},{\"@type\":\"WebSite\",\"@id\":\"https:\/\/gite-bourdettes-auvillar.com\/#website\",\"url\":\"https:\/\/gite-bourdettes-auvillar.com\/\",\"name\":\"Gite Les Bourdettes ***\",\"description\":\"Auvillar, un des Plus Beaux Village de France dans le Tarn et Garonne en Occitanie\",\"potentialAction\":[{\"@type\":\"SearchAction\",\"target\":{\"@type\":\"EntryPoint\",\"urlTemplate\":\"https:\/\/gite-bourdettes-auvillar.com\/?s={search_term_string}\"},\"query-input\":{\"@type\":\"PropertyValueSpecification\",\"valueRequired\":true,\"valueName\":\"search_term_string\"}}],\"inLanguage\":\"de-DE\"}]}<\/script>\n<!-- \/ Yoast SEO plugin. -->","yoast_head_json":{"title":"Hausarbeiten - Gite Les Bourdettes ***","description":"[:en]Household chores[:de]Hausarbeiten[:es]Las tareas domesticas[:fr]Le m\u00e9nage[:]","robots":{"index":"index","follow":"follow","max-snippet":"max-snippet:-1","max-image-preview":"max-image-preview:large","max-video-preview":"max-video-preview:-1"},"canonical":"https:\/\/gite-bourdettes-auvillar.com\/de\/tarifs\/le-menage\/","og_locale":"de_DE","og_type":"article","og_title":"[:en]Household chores[:de]Hausarbeiten[:es]Las tareas domesticas[:fr]Le m\u00e9nage[:] - Gite Les Bourdettes ***","og_description":"[:en]Household chores[:de]Hausarbeiten[:es]Las tareas domesticas[:fr]Le m\u00e9nage[:]","og_url":"https:\/\/gite-bourdettes-auvillar.com\/de\/tarifs\/le-menage\/","og_site_name":"Gite Les Bourdettes ***","article_modified_time":"2020-12-02T11:57:25+00:00","twitter_card":"summary_large_image","twitter_misc":{"Gesch\u00e4tzte Lesezeit":"3\u00a0Minuten"},"schema":{"@context":"https:\/\/schema.org","@graph":[{"@type":"WebPage","@id":"https:\/\/gite-bourdettes-auvillar.com\/tarifs\/le-menage\/","url":"https:\/\/gite-bourdettes-auvillar.com\/tarifs\/le-menage\/","name":"Hausarbeiten","isPartOf":{"@id":"https:\/\/gite-bourdettes-auvillar.com\/#website"},"datePublished":"2018-05-29T17:51:53+00:00","dateModified":"2020-12-02T11:57:25+00:00","description":"Hausarbeiten","breadcrumb":{"@id":"https:\/\/gite-bourdettes-auvillar.com\/tarifs\/le-menage\/#breadcrumb"},"inLanguage":"de-DE","potentialAction":[{"@type":"ReadAction","target":["https:\/\/gite-bourdettes-auvillar.com\/tarifs\/le-menage\/"]}]},{"@type":"BreadcrumbList","@id":"https:\/\/gite-bourdettes-auvillar.com\/tarifs\/le-menage\/#breadcrumb","itemListElement":[{"@type":"ListItem","position":1,"name":"Accueil","item":"https:\/\/gite-bourdettes-auvillar.com\/"},{"@type":"ListItem","position":2,"name":"Tarifs\/contrat","item":"https:\/\/gite-bourdettes-auvillar.com\/tarifs\/"},{"@type":"ListItem","position":3,"name":"Le m\u00e9nage"}]},{"@type":"WebSite","@id":"https:\/\/gite-bourdettes-auvillar.com\/#website","url":"https:\/\/gite-bourdettes-auvillar.com\/","name":"Gite Les Bourdettes ***","description":"Auvillar, un des Plus Beaux Village de France dans le Tarn et Garonne en Occitanie","potentialAction":[{"@type":"SearchAction","target":{"@type":"EntryPoint","urlTemplate":"https:\/\/gite-bourdettes-auvillar.com\/?s={search_term_string}"},"query-input":{"@type":"PropertyValueSpecification","valueRequired":true,"valueName":"search_term_string"}}],"inLanguage":"de-DE"}]}},"_links":{"self":[{"href":"https:\/\/gite-bourdettes-auvillar.com\/de\/wp-json\/wp\/v2\/pages\/196","targetHints":{"allow":["GET"]}}],"collection":[{"href":"https:\/\/gite-bourdettes-auvillar.com\/de\/wp-json\/wp\/v2\/pages"}],"about":[{"href":"https:\/\/gite-bourdettes-auvillar.com\/de\/wp-json\/wp\/v2\/types\/page"}],"author":[{"embeddable":true,"href":"https:\/\/gite-bourdettes-auvillar.com\/de\/wp-json\/wp\/v2\/users\/1"}],"replies":[{"embeddable":true,"href":"https:\/\/gite-bourdettes-auvillar.com\/de\/wp-json\/wp\/v2\/comments?post=196"}],"version-history":[{"count":17,"href":"https:\/\/gite-bourdettes-auvillar.com\/de\/wp-json\/wp\/v2\/pages\/196\/revisions"}],"predecessor-version":[{"id":1083,"href":"https:\/\/gite-bourdettes-auvillar.com\/de\/wp-json\/wp\/v2\/pages\/196\/revisions\/1083"}],"up":[{"embeddable":true,"href":"https:\/\/gite-bourdettes-auvillar.com\/de\/wp-json\/wp\/v2\/pages\/278"}],"wp:attachment":[{"href":"https:\/\/gite-bourdettes-auvillar.com\/de\/wp-json\/wp\/v2\/media?parent=196"}],"curies":[{"name":"wp","href":"https:\/\/api.w.org\/{rel}","templated":true}]}}