{"id":2,"date":"2018-05-05T20:02:17","date_gmt":"2018-05-05T18:02:17","guid":{"rendered":"http:\/\/gite-bourdettes-auvillar.com\/?page_id=2"},"modified":"2024-10-10T08:07:52","modified_gmt":"2024-10-10T06:07:52","slug":"page-d-exemple","status":"publish","type":"page","link":"https:\/\/gite-bourdettes-auvillar.com\/de\/","title":{"rendered":"Zuhause"},"content":{"rendered":"\n<div id=\"ConstellationWidgetContainer1b203cbb-d890-4254-90e2-90ab93ba5b97\" style=\"width:100%\" title=\"G\u00eete les Bourdettes - Auvillar (82) - Occitanie\" data-id-projet=\"1b203cbbd890425490e290ab93ba5b97\">Wird geladen \u2026<\/div> <script type=\"text\/javascript\" src=\"https:\/\/reservation.elloha.com\/Scripts\/widget-loader.min.js?v=40\"><\/script> <script type=\"text\/javascript\">var constellationWidgetUrl1b203cbbd890425490e290ab93ba5b97, constellationTypeModule1b203cbbd890425490e290ab93ba5b97; constellationWidgetUrl1b203cbbd890425490e290ab93ba5b97 = 'https:\/\/reservation.elloha.com\/Widget\/BookingEngine\/1b203cbb-d890-4254-90e2-90ab93ba5b97?idoi=40ac75d3-d582-40f0-954e-20f11d501ac4&culture=de-DE'; constellationTypeModule1b203cbbd890425490e290ab93ba5b97=1; constellationWidgetLoad('ConstellationWidgetContainer1b203cbb-d890-4254-90e2-90ab93ba5b97'); constellationWidgetAddEvent(window, \"resize\", function () { constellationWidgetSetAppearance('ConstellationWidgetContainer1b203cbb-d890-4254-90e2-90ab93ba5b97'); });<\/script>\n\n\n\n<hr class=\"wp-block-separator has-css-opacity\"\/>\n\n\n<pre class=\"ti-widget\" style=\"display: none\"><template id=\"trustindex-google-widget-html\"><div class=\" ti-widget  ti-goog ti-disable-font ti-show-rating-text ti-review-text-mode-readmore ti-text-align-left\" data-no-translation=\"true\" data-layout-id=\"55\" data-layout-category=\"badge\" data-set-id=\"light-background\" data-pid=\"\" data-language=\"fr\" data-close-locale=\"Fermer\" data-css-version=\"2\" data-footer-link-domain=\"\" data-size=\"1\" > <div class=\"ti-widget-container\"> <a href=\"http:\/\/search.google.com\/local\/reviews?placeid=ChIJhR8THNbBqxIRhkXksEDZ_Ws\" role=\"button\" target=\"_blank\" rel=\"noopener nofollow\" class=\"ti-header ti-header-grid source-Google\" > <div class=\"ti-fade-container\"> <div class=\"ti-large-logo\"> <div class=\"ti-v-center\"> <trustindex-image class=\"ti-logo-fb\" data-imgurl=\"https:\/\/cdn.trustindex.io\/assets\/platform\/Google\/logo.svg\" width=\"150\" height=\"25\" loading=\"lazy\" alt=\"Google\" width=\"150\" height=\"25\" data-no-logo-styles=&quot;1&quot; ><\/trustindex-image> <\/div> <\/div> <span class=\"ti-stars\"><trustindex-image class=\"ti-star\" data-imgurl=\"https:\/\/cdn.trustindex.io\/assets\/platform\/Google\/star\/f.svg\" alt=\"Google\" width=\"17\" height=\"17\" loading=\"lazy\" ><\/trustindex-image><trustindex-image class=\"ti-star\" data-imgurl=\"https:\/\/cdn.trustindex.io\/assets\/platform\/Google\/star\/f.svg\" alt=\"Google\" width=\"17\" height=\"17\" loading=\"lazy\" ><\/trustindex-image><trustindex-image class=\"ti-star\" data-imgurl=\"https:\/\/cdn.trustindex.io\/assets\/platform\/Google\/star\/f.svg\" alt=\"Google\" width=\"17\" height=\"17\" loading=\"lazy\" ><\/trustindex-image><trustindex-image class=\"ti-star\" data-imgurl=\"https:\/\/cdn.trustindex.io\/assets\/platform\/Google\/star\/f.svg\" alt=\"Google\" width=\"17\" height=\"17\" loading=\"lazy\" ><\/trustindex-image><trustindex-image class=\"ti-star\" data-imgurl=\"https:\/\/cdn.trustindex.io\/assets\/platform\/Google\/star\/f.svg\" alt=\"Google\" width=\"17\" height=\"17\" loading=\"lazy\" ><\/trustindex-image><\/span> <div class=\"ti-text\"> <span class=\"nowrap\">5.0<span class=\"text-separator\"><\/span>22 avis<\/span> <\/div> <\/div> <\/a> <\/div> <\/div> <\/template><\/pre><div data-src=\"https:\/\/cdn.trustindex.io\/loader.js?wp-widget\" data-template-id=\"trustindex-google-widget-html\" data-css-url=\"https:\/\/gite-bourdettes-auvillar.com\/wp-content\/uploads\/trustindex-google-widget.css?1748063881\"><\/div>\n\n\n<p class=\"has-text-align-center has-vivid-red-color has-very-light-gray-background-color has-text-color has-background\"><strong>COVID-19<\/strong><br>Nach jeder Anmietung wird die Unterkunft bel\u00fcftet, gereinigt und anschlie\u00dfend desinfiziert (T\u00fcr- und M\u00f6belgriffe, Schalter, Wasserh\u00e4hne, Fernbedienungen, WC usw.). Laken und Matratzenauflagen werden durch saubere ersetzt.<\/p>\n\n\n<h4 style=\"text-align: center;\">Kapazit\u00e4t: 5 Personen (2 Erwachsene und 3 Kinder + Kinderbett). 2 Schlafzimmer (siehe Karte). Reservierungen von mindestens 3 oder 4 N\u00e4chten.<br \/>Preise pro Nacht von 55 bis 110 \u20ac je nach Saison (<a href=\"https:\/\/gite-bourdettes-auvillar.com\/de\/tarifs\/\">siehe Preise<\/a>).<br \/>F\u00fcr Pilger siehe die <a href=\"http:\/\/www.auvillar.fr\/fr\/tourisme\/le-gite-detape.html\" target=\"_blank\" rel=\"noopener noreferrer\">st\u00e4dtische Unterkunft<\/a>. <span class=\"Y2IQFc\" lang=\"de\">Kurtaxe 0,72 \u20ac\/Nacht\/Erwachsener<\/span><\/h4>\n<p style=\"text-align: center;\"><strong><a href=\"https:\/\/www.google.com\/travel\/hotels\/entity\/CgoIhouRh4uo9v5rEAE\/writereview?g2lb=2502405%2C2502548%2C4208993%2C4254308%2C4258168%2C4260007%2C4270442%2C4274032%2C4285990%2C4289525%2C4291318%2C4296668%2C4301054%2C4302821%2C4305595%2C4308216%2C4313006%2C4314846%2C4315873%2C4317816%2C4317915%2C4324289%2C4329288%2C4333189%2C4333231%2C4270859%2C4284970%2C4291517%2C4292955%2C4307997%2C4333106&#038;hl=fr&#038;gl=fr&#038;un=1&#038;rp=EIaLkYeLqPb-azgCQABIAQ&#038;ictx=1&#038;sa=X&#038;ved=2ahUKEwjSt4Ww4InmAhVD8uAKHZoLAigQ4gkwDXoECA0QIg&#038;hrf=KhYKBwjjDxAMGAwSBwjjDxAMGA0YASgAggElMHgxMmFiYzFkNjFjMTMxZjg1OjB4NmJmZGQ5NDBiMGU0NDU4NpoBJxolMHgxMmFiYzFkNjFjMTMxZjg1OjB4NmJmZGQ5NDBiMGU0NDU4Ng&#038;tcfs=EhoaGAoKMjAxOS0xMi0xMhIKMjAxOS0xMi0xM1IA&#038;rs=0\" target=\"_blank\" rel=\"noopener noreferrer\">Hinterlassen Sie eine Bewertung bei Google<\/a><\/strong><\/p>\n<hr \/>\n<p style=\"text-align: left;\">Unser Ferienhaus ist ein Neubau, der erst im Juli 2018 fertiggestellt wurde und von der ADT82 (Tarn &#038; Garonne Tourist Development Agency) mit 3 Sternen bewertet wurde.<br \/>Um diesem Haus ein anderes G\u00fctesiegel zu geben, w\u00e4hlten wir einen Holzrahmen und eine Abstellgleiskonstruktion, also ein ungew\u00f6hnliches Holzhaus (klassisches Interieur mit bemalten W\u00e4nden).<br \/>Das Haus verf\u00fcgt \u00fcber zwei Schlafzimmer, eine zum Esszimmer und Wohnzimmer offene K\u00fcche sowie einen Carport. Ideal f\u00fcr eine Familie mit mehreren Kindern.<br \/>Eine gro\u00dfe Terrasse bietet einen herrlichen Blick auf den Garten und das Garonne-Tal.<br \/>Die Terrasse ist teilweise \u00fcberdacht und vor Regen gesch\u00fctzt und mit Lounge \/ Couchtisch und Esstisch \/ St\u00fchlen ausgestattet. Das gesch\u00fctzte Teil ist mit einem Deckenventilator ausgestattet. 2 Liegest\u00fchle erm\u00f6glichen Ruhe oder Sonnenbaden.<br \/>Zur Unterhaltung gibt es einen Bouleplatz direkt unter der Terrasse.<br \/>Der Zugang zur Unterkunft erfolgt \u00fcber eine Privatstra\u00dfe.<br \/>Tiere werden akzeptiert, sofern sie ihren Kot gut sammeln und nicht bellen. Ebenso k\u00f6nnen sie nicht mit ihrem Meister im Bett oder auf dem Sofa schlafen. Bitte beachten Sie, dass das Gel\u00e4nde nicht eingez\u00e4unt ist.<br \/>Fahrr\u00e4der k\u00f6nnen in einem Fachgesch\u00e4ft in Golfech (5 km), Go Cycles, direkt neben dem Deux Mers-Kanal, gemietet werden.<\/p>\n<div style=\"text-align: left;\">\n<p style=\"text-align: left;\">Auvillar, eines der sch\u00f6nsten D\u00f6rfer Frankreichs, auf dem Weg nach Saint-Jacques de Compostelle zwischen Agen und Montauban in Okzitanien, ist ein idealer Zwischenstopp f\u00fcr einen Besuch der Region. Sie befinden sich auch in der N\u00e4he der Lot-Abteilung mit ihren vielen Sehensw\u00fcrdigkeiten, die Sie gesehen haben m\u00fcssen, und der Gers im S\u00fcden.<br \/>Bei einem Besuch in Auvillar k\u00f6nnen Sie die kreisf\u00f6rmige Halle, die alte und pr\u00e4chtige Kirche, den Glockenturm und die engen Gassen mit den alten Fachwerkh\u00e4usern bewundern.<br \/>Am Fu\u00dfe des Place de la Halle empf\u00e4ngt Sie das Tourismusb\u00fcro der Gemeinde in seinem neuen Geb\u00e4ude, das vollst\u00e4ndig restauriert wurde und fr\u00fcher ein Kloster war, und bietet Ihnen alle Informationen, die Sie f\u00fcr einen Besuch in der Umgebung ben\u00f6tigen.<br \/>In Auvillar gibt es alle n\u00fctzlichen Gesch\u00e4fte: Lebensmittelgesch\u00e4ft \/ Tabak \/ Presse, B\u00e4ckerei, Restaurants, Bar, Brauereien und jeden Sonntagmorgen einen Bauernmarkt, auf dem Sie auf authentische Weise wie die Einheimischen leben k\u00f6nnen. Au\u00dferdem ein Sch\u00f6nheitssalon, ein B\u00fcro f\u00fcr Fu\u00dfreflexzonenmassage, ein Friseursalon, eine Seifenfabrik und mehrere Kunstgalerien. In Bezug auf die Gesundheit, ein Arzt, eine Apotheke, eine Zahnarztpraxis, Krankenschwestern.<br \/>In Auvillar werden das ganze Jahr \u00fcber viele Veranstaltungen angeboten.<br \/>Im Dorf gibt es auch eine doppelte Ladestation f\u00fcr Elektrofahrzeuge (Bd Papayette).<br \/>Unsere Unterkunft befindet sich 8 km vom Kernkraftwerk Golfech entfernt.<\/p>\n<p><a href=\"http:\/\/gite-bourdettes-auvillar.com\/wp-content\/uploads\/2018\/09\/logo-ADT-small.jpg\"><img loading=\"lazy\" decoding=\"async\" class=\"aligncenter wp-image-394 size-full\" src=\"http:\/\/gite-bourdettes-auvillar.com\/wp-content\/uploads\/2018\/09\/logo-ADT-small.jpg\" alt=\"\" width=\"300\" height=\"300\" srcset=\"https:\/\/gite-bourdettes-auvillar.com\/wp-content\/uploads\/2018\/09\/logo-ADT-small.jpg 300w, https:\/\/gite-bourdettes-auvillar.com\/wp-content\/uploads\/2018\/09\/logo-ADT-small-150x150.jpg 150w\" sizes=\"auto, (max-width: 300px) 100vw, 300px\" \/><\/a><\/p>\n<hr \/>\n<p style=\"text-align: center;\"><a href=\"http:\/\/gite-bourdettes-auvillar.com\/wp-content\/uploads\/2020\/05\/Itin\u00e9raires-Moissac-Auvillar-Lauzerte-pages-26-\u00e0-29.pdf\" target=\"_blank\" rel=\"noopener noreferrer\">Voir les pages du magazine de promotion <\/a><br \/>de destination locale, autour d&#8217;Auvillar.<\/p>\n<p><a href=\"http:\/\/gite-bourdettes-auvillar.com\/wp-content\/uploads\/2020\/05\/Bestjobers-deux-rives-auvillar.jpg\"><img loading=\"lazy\" decoding=\"async\" class=\"aligncenter wp-image-787 size-full\" src=\"http:\/\/gite-bourdettes-auvillar.com\/wp-content\/uploads\/2020\/05\/Bestjobers-deux-rives-auvillar.jpg\" alt=\"\" width=\"500\" height=\"587\" srcset=\"https:\/\/gite-bourdettes-auvillar.com\/wp-content\/uploads\/2020\/05\/Bestjobers-deux-rives-auvillar.jpg 500w, https:\/\/gite-bourdettes-auvillar.com\/wp-content\/uploads\/2020\/05\/Bestjobers-deux-rives-auvillar-256x300.jpg 256w\" sizes=\"auto, (max-width: 500px) 100vw, 500px\" \/><\/a><br \/>Nachrichten:<br \/>&#8211; F\u00fchrung durch einen Garten mit Sukkulenten in T\u00f6pfen (siehe Seite Besuche \/ Erlebnisse &#8211; 3 \u20ac pro Gruppe, maximal 5 Personen, reserviert f\u00fcr Bewohner der G\u00eete).<br \/>&#8211; Begleiten Sie einen Imker bei seiner Honigernte (mit Ausr\u00fcstung &#8211; 5 \u20ac, maximal 1 Person, nicht allergisch gegen Bienenstiche, reserviert f\u00fcr Bewohner der G\u00eete). Siehe Seite Erfahrungen.<br \/>&#8211; Wir k\u00f6nnen in unseren \u00f6rtlichen Gesch\u00e4ften f\u00fcr Ihre Ankunft einkaufen (Lebensmittelgesch\u00e4ft, B\u00e4ckerei). Kostenloser Service (Sie bezahlen f\u00fcr die gekauften Produkte).<br \/>&#8211; Kostenloser Internetzugang mit sicherem WLAN (Hotspot).<\/p>\n<hr \/>\n<p style=\"text-align: center;\"><a href=\"http:\/\/gite-bourdettes-auvillar.com\/wp-content\/uploads\/2019\/05\/maison-501-small.jpg\"><img loading=\"lazy\" decoding=\"async\" class=\"aligncenter wp-image-626 \" src=\"http:\/\/gite-bourdettes-auvillar.com\/wp-content\/uploads\/2019\/05\/maison-501-small.jpg\" alt=\"\" width=\"498\" height=\"332\" srcset=\"https:\/\/gite-bourdettes-auvillar.com\/wp-content\/uploads\/2019\/05\/maison-501-small.jpg 600w, https:\/\/gite-bourdettes-auvillar.com\/wp-content\/uploads\/2019\/05\/maison-501-small-300x200.jpg 300w\" sizes=\"auto, (max-width: 498px) 100vw, 498px\" \/><\/a><\/p>\n<p style=\"text-align: center;\"><a href=\"http:\/\/gite-bourdettes-auvillar.com\/wp-content\/uploads\/2020\/05\/gite-01-1.jpg\"><img loading=\"lazy\" decoding=\"async\" class=\"aligncenter wp-image-819 \" src=\"http:\/\/gite-bourdettes-auvillar.com\/wp-content\/uploads\/2020\/05\/gite-01-1.jpg\" alt=\"\" width=\"494\" height=\"260\" srcset=\"https:\/\/gite-bourdettes-auvillar.com\/wp-content\/uploads\/2020\/05\/gite-01-1.jpg 1024w, https:\/\/gite-bourdettes-auvillar.com\/wp-content\/uploads\/2020\/05\/gite-01-1-300x158.jpg 300w, https:\/\/gite-bourdettes-auvillar.com\/wp-content\/uploads\/2020\/05\/gite-01-1-768x404.jpg 768w, https:\/\/gite-bourdettes-auvillar.com\/wp-content\/uploads\/2020\/05\/gite-01-1-800x421.jpg 800w\" sizes=\"auto, (max-width: 494px) 100vw, 494px\" \/><\/a><\/p>\n<p style=\"text-align: center;\"><a href=\"http:\/\/gite-bourdettes-auvillar.com\/wp-content\/uploads\/2018\/07\/gite-316-1.jpg\"><img loading=\"lazy\" decoding=\"async\" class=\"aligncenter wp-image-333 \" src=\"http:\/\/gite-bourdettes-auvillar.com\/wp-content\/uploads\/2018\/07\/gite-316-1-1024x745.jpg\" alt=\"\" width=\"498\" height=\"363\" srcset=\"https:\/\/gite-bourdettes-auvillar.com\/wp-content\/uploads\/2018\/07\/gite-316-1.jpg 1024w, https:\/\/gite-bourdettes-auvillar.com\/wp-content\/uploads\/2018\/07\/gite-316-1-300x218.jpg 300w, https:\/\/gite-bourdettes-auvillar.com\/wp-content\/uploads\/2018\/07\/gite-316-1-768x559.jpg 768w, https:\/\/gite-bourdettes-auvillar.com\/wp-content\/uploads\/2018\/07\/gite-316-1-800x582.jpg 800w\" sizes=\"auto, (max-width: 498px) 100vw, 498px\" \/><\/a><\/p>\n<p style=\"text-align: center;\"><a href=\"http:\/\/gite-bourdettes-auvillar.com\/wp-content\/uploads\/2019\/09\/gite-nuit-02.jpg\"><img loading=\"lazy\" decoding=\"async\" class=\"aligncenter wp-image-741 \" src=\"http:\/\/gite-bourdettes-auvillar.com\/wp-content\/uploads\/2019\/09\/gite-nuit-02-1024x683.jpg\" alt=\"\" width=\"504\" height=\"336\" srcset=\"https:\/\/gite-bourdettes-auvillar.com\/wp-content\/uploads\/2019\/09\/gite-nuit-02-1024x683.jpg 1024w, https:\/\/gite-bourdettes-auvillar.com\/wp-content\/uploads\/2019\/09\/gite-nuit-02-300x200.jpg 300w, https:\/\/gite-bourdettes-auvillar.com\/wp-content\/uploads\/2019\/09\/gite-nuit-02-768x512.jpg 768w, https:\/\/gite-bourdettes-auvillar.com\/wp-content\/uploads\/2019\/09\/gite-nuit-02-800x533.jpg 800w\" sizes=\"auto, (max-width: 504px) 100vw, 504px\" \/><\/a><\/p>\n<p style=\"text-align: center;\"><a href=\"http:\/\/gite-bourdettes-auvillar.com\/wp-content\/uploads\/2019\/09\/gite-nuit-08.jpg\"><img loading=\"lazy\" decoding=\"async\" class=\"aligncenter wp-image-736 \" src=\"http:\/\/gite-bourdettes-auvillar.com\/wp-content\/uploads\/2019\/09\/gite-nuit-08-1024x520.jpg\" alt=\"\" width=\"495\" height=\"252\" srcset=\"https:\/\/gite-bourdettes-auvillar.com\/wp-content\/uploads\/2019\/09\/gite-nuit-08-1024x520.jpg 1024w, https:\/\/gite-bourdettes-auvillar.com\/wp-content\/uploads\/2019\/09\/gite-nuit-08-300x152.jpg 300w, https:\/\/gite-bourdettes-auvillar.com\/wp-content\/uploads\/2019\/09\/gite-nuit-08-768x390.jpg 768w, https:\/\/gite-bourdettes-auvillar.com\/wp-content\/uploads\/2019\/09\/gite-nuit-08-800x406.jpg 800w\" sizes=\"auto, (max-width: 495px) 100vw, 495px\" \/><\/a><em>lever de soleil sur la vall\u00e9e de la Garonne<\/em><\/p>\n<p style=\"text-align: center;\">Site web de la mairie : <a href=\"http:\/\/www.auvillar.fr\" target=\"_blank\" rel=\"noopener noreferrer\">www.auvillar.fr<\/a><br \/>Site web communautaire :\u00a0<a href=\"http:\/\/www.auvillar.com\" target=\"_blank\" rel=\"noopener noreferrer\">www.auvillar.com<\/a><br \/>Site du Mus\u00e9e du Vieil Auvillar : <a href=\"https:\/\/auvillar.museum\" target=\"_blank\" rel=\"noopener noreferrer\">https:\/\/auvillar.museum<\/a><\/p>\n<p>Auvillar est proche de Moissac, Valence d&#8217;Agen, Lauzerte, Saint-Nicolas de la Grave, Agen, Astaffort, Dunes, Donzac, Golfech, Lamagist\u00e8re, Puymirol, Castelsarrasin, Lavit.<\/p>\n<hr \/><\/div>\n\n\n<p><center>Ungew\u00f6hnliches Ferienhaus 40 Minuten von Auvillar, Puycornet, in der N\u00e4he von Lafran\u00e7aise, schlafen Sie in einer Blase und bewundern Sie die Sterne! <a href=\"http:\/\/nebuleuse-insolite.com\" target=\"_blanck\" rel=\"noopener noreferrer\"> N\u00e9buleuse<\/a><\/center>\n <div id=\"ConstellationWidgetContainer82e4a911-c7c3-4342-9375-7667b7f5a19f\" style=\"width:100%\" title=\"N&#233;buleuse\" data-id-projet='82e4a911c7c3434293757667b7f5a19f'>Chargement en cours&#8230;<\/div> <script type=\"text\/javascript\" src=\"https:\/\/reservation.elloha.com\/Scripts\/widget-loader.min.js?v=39\"><\/script> <script type=\"text\/javascript\">var constellationWidgetUrl82e4a911c7c3434293757667b7f5a19f, constellationTypeModule82e4a911c7c3434293757667b7f5a19f; constellationWidgetUrl82e4a911c7c3434293757667b7f5a19f = 'https:\/\/reservation.elloha.com\/Widget\/BookingEngine\/82e4a911-c7c3-4342-9375-7667b7f5a19f?idoi=0c374320-38cb-412e-b8e4-6d53f86bf2cc&culture=fr-FR'; constellationTypeModule82e4a911c7c3434293757667b7f5a19f=1; constellationWidgetLoad('ConstellationWidgetContainer82e4a911-c7c3-4342-9375-7667b7f5a19f'); constellationWidgetAddEvent(window, \"resize\", function () { constellationWidgetSetAppearance('ConstellationWidgetContainer82e4a911-c7c3-4342-9375-7667b7f5a19f'); });<\/script> <\/p>\n\n\n\n<p><\/p>\n","protected":false},"excerpt":{"rendered":"<p>Wird geladen \u2026 COVID-19Nach jeder Anmietung wird die Unterkunft bel\u00fcftet, gereinigt und anschlie\u00dfend desinfiziert (T\u00fcr- und M\u00f6belgriffe, Schalter, Wasserh\u00e4hne, Fernbedienungen, WC usw.). Laken und Matratzenauflagen werden durch saubere ersetzt. Kapazit\u00e4t: 5 Personen (2 Erwachsene und 3 Kinder + Kinderbett). 2 Schlafzimmer (siehe Karte). Reservierungen von mindestens 3 oder 4 N\u00e4chten.Preise pro Nacht von 55 bis 110 \u20ac je nach Saison<\/p>\n<p><a class=\"more-link\" href=\"https:\/\/gite-bourdettes-auvillar.com\/de\/\">Weiterlesen<\/a><\/p>\n","protected":false},"author":1,"featured_media":0,"parent":0,"menu_order":0,"comment_status":"closed","ping_status":"open","template":"","meta":{"footnotes":""},"class_list":["post-2","page","type-page","status-publish","hentry"],"yoast_head":"<!-- This site is optimized with the Yoast SEO plugin v25.2 - https:\/\/yoast.com\/wordpress\/plugins\/seo\/ -->\n<title>Gite 3 \u00e9toiles, plus beaux villages de France, tourisme sud-ouest, Garonne<\/title>\n<meta name=\"description\" content=\"Auvillar, Plus beau village de France en Tarn et Garonne- gite Les Bourdettes - Most beautiful villages in France. Site touristique du sud-ouest.\" \/>\n<meta name=\"robots\" content=\"index, follow, max-snippet:-1, max-image-preview:large, max-video-preview:-1\" \/>\n<link rel=\"canonical\" href=\"https:\/\/gite-bourdettes-auvillar.com\/de\/\" \/>\n<meta property=\"og:locale\" content=\"de_DE\" \/>\n<meta property=\"og:locale:alternate\" content=\"en_GB\" \/>\n<meta property=\"og:locale:alternate\" content=\"es_ES\" \/>\n<meta property=\"og:locale:alternate\" content=\"fr_FR\" \/>\n<meta property=\"og:type\" content=\"article\" \/>\n<meta property=\"og:title\" content=\"Gite 3 \u00e9toiles, plus beaux villages de France, tourisme sud-ouest, Garonne\" \/>\n<meta property=\"og:description\" content=\"Auvillar, Plus beau village de France en Tarn et Garonne- gite Les Bourdettes - Most beautiful villages in France. Site touristique du sud-ouest.\" \/>\n<meta property=\"og:url\" content=\"https:\/\/gite-bourdettes-auvillar.com\/de\/\" \/>\n<meta property=\"og:site_name\" content=\"Gite Les Bourdettes ***\" \/>\n<meta property=\"article:modified_time\" content=\"2024-10-10T06:07:52+00:00\" \/>\n<meta property=\"og:image\" content=\"http:\/\/gite-bourdettes-auvillar.com\/wp-content\/uploads\/2018\/09\/logo-ADT-small.jpg\" \/>\n<meta name=\"twitter:card\" content=\"summary_large_image\" \/>\n<meta name=\"twitter:label1\" content=\"Gesch\u00e4tzte Lesezeit\" \/>\n\t<meta name=\"twitter:data1\" content=\"3\u00a0Minuten\" \/>\n<script type=\"application\/ld+json\" class=\"yoast-schema-graph\">{\"@context\":\"https:\/\/schema.org\",\"@graph\":[{\"@type\":\"WebPage\",\"@id\":\"https:\/\/gite-bourdettes-auvillar.com\/\",\"url\":\"https:\/\/gite-bourdettes-auvillar.com\/\",\"name\":\"Gite 3 \u00e9toiles, plus beaux villages de France, tourisme sud-ouest, Garonne\",\"isPartOf\":{\"@id\":\"https:\/\/gite-bourdettes-auvillar.com\/#website\"},\"primaryImageOfPage\":{\"@id\":\"https:\/\/gite-bourdettes-auvillar.com\/#primaryimage\"},\"image\":{\"@id\":\"https:\/\/gite-bourdettes-auvillar.com\/#primaryimage\"},\"thumbnailUrl\":\"http:\/\/gite-bourdettes-auvillar.com\/wp-content\/uploads\/2018\/09\/logo-ADT-small.jpg\",\"datePublished\":\"2018-05-05T18:02:17+00:00\",\"dateModified\":\"2024-10-10T06:07:52+00:00\",\"description\":\"Auvillar, Plus beau village de France en Tarn et Garonne- gite Les Bourdettes - Most beautiful villages in France. Site touristique du sud-ouest.\",\"breadcrumb\":{\"@id\":\"https:\/\/gite-bourdettes-auvillar.com\/#breadcrumb\"},\"inLanguage\":\"de-DE\",\"potentialAction\":[{\"@type\":\"ReadAction\",\"target\":[\"https:\/\/gite-bourdettes-auvillar.com\/\"]}]},{\"@type\":\"ImageObject\",\"inLanguage\":\"de-DE\",\"@id\":\"https:\/\/gite-bourdettes-auvillar.com\/#primaryimage\",\"url\":\"http:\/\/gite-bourdettes-auvillar.com\/wp-content\/uploads\/2018\/09\/logo-ADT-small.jpg\",\"contentUrl\":\"http:\/\/gite-bourdettes-auvillar.com\/wp-content\/uploads\/2018\/09\/logo-ADT-small.jpg\"},{\"@type\":\"BreadcrumbList\",\"@id\":\"https:\/\/gite-bourdettes-auvillar.com\/#breadcrumb\",\"itemListElement\":[{\"@type\":\"ListItem\",\"position\":1,\"name\":\"Accueil\",\"item\":\"https:\/\/gite-bourdettes-auvillar.com\/\"},{\"@type\":\"ListItem\",\"position\":2,\"name\":\"Accueil\"}]},{\"@type\":\"WebSite\",\"@id\":\"https:\/\/gite-bourdettes-auvillar.com\/#website\",\"url\":\"https:\/\/gite-bourdettes-auvillar.com\/\",\"name\":\"Gite Les Bourdettes ***\",\"description\":\"Auvillar, un des Plus Beaux Village de France dans le Tarn et Garonne en Occitanie\",\"potentialAction\":[{\"@type\":\"SearchAction\",\"target\":{\"@type\":\"EntryPoint\",\"urlTemplate\":\"https:\/\/gite-bourdettes-auvillar.com\/?s={search_term_string}\"},\"query-input\":{\"@type\":\"PropertyValueSpecification\",\"valueRequired\":true,\"valueName\":\"search_term_string\"}}],\"inLanguage\":\"de-DE\"}]}<\/script>\n<!-- \/ Yoast SEO plugin. -->","yoast_head_json":{"title":"Gite 3 \u00e9toiles, plus beaux villages de France, tourisme sud-ouest, Garonne","description":"Auvillar, Plus beau village de France en Tarn et Garonne- gite Les Bourdettes - Most beautiful villages in France. Site touristique du sud-ouest.","robots":{"index":"index","follow":"follow","max-snippet":"max-snippet:-1","max-image-preview":"max-image-preview:large","max-video-preview":"max-video-preview:-1"},"canonical":"https:\/\/gite-bourdettes-auvillar.com\/de\/","og_locale":"de_DE","og_type":"article","og_title":"[:fr]Gite 3 \u00e9toiles, plus beaux villages de France, tourisme sud-ouest, Garonne[:]","og_description":"[:fr]Auvillar, Plus beau village de France en Tarn et Garonne- gite Les Bourdettes - Most beautiful villages in France. Site touristique du sud-ouest.[:]","og_url":"https:\/\/gite-bourdettes-auvillar.com\/de\/","og_site_name":"Gite Les Bourdettes ***","article_modified_time":"2024-10-10T06:07:52+00:00","og_image":[{"url":"http:\/\/gite-bourdettes-auvillar.com\/wp-content\/uploads\/2018\/09\/logo-ADT-small.jpg","type":"","width":"","height":""}],"twitter_card":"summary_large_image","twitter_misc":{"Gesch\u00e4tzte Lesezeit":"3\u00a0Minuten"},"schema":{"@context":"https:\/\/schema.org","@graph":[{"@type":"WebPage","@id":"https:\/\/gite-bourdettes-auvillar.com\/","url":"https:\/\/gite-bourdettes-auvillar.com\/","name":"Gite 3 \u00e9toiles, plus beaux villages de France, tourisme sud-ouest, Garonne","isPartOf":{"@id":"https:\/\/gite-bourdettes-auvillar.com\/#website"},"primaryImageOfPage":{"@id":"https:\/\/gite-bourdettes-auvillar.com\/#primaryimage"},"image":{"@id":"https:\/\/gite-bourdettes-auvillar.com\/#primaryimage"},"thumbnailUrl":"http:\/\/gite-bourdettes-auvillar.com\/wp-content\/uploads\/2018\/09\/logo-ADT-small.jpg","datePublished":"2018-05-05T18:02:17+00:00","dateModified":"2024-10-10T06:07:52+00:00","description":"Auvillar, Plus beau village de France en Tarn et Garonne- gite Les Bourdettes - Most beautiful villages in France. Site touristique du sud-ouest.","breadcrumb":{"@id":"https:\/\/gite-bourdettes-auvillar.com\/#breadcrumb"},"inLanguage":"de-DE","potentialAction":[{"@type":"ReadAction","target":["https:\/\/gite-bourdettes-auvillar.com\/"]}]},{"@type":"ImageObject","inLanguage":"de-DE","@id":"https:\/\/gite-bourdettes-auvillar.com\/#primaryimage","url":"http:\/\/gite-bourdettes-auvillar.com\/wp-content\/uploads\/2018\/09\/logo-ADT-small.jpg","contentUrl":"http:\/\/gite-bourdettes-auvillar.com\/wp-content\/uploads\/2018\/09\/logo-ADT-small.jpg"},{"@type":"BreadcrumbList","@id":"https:\/\/gite-bourdettes-auvillar.com\/#breadcrumb","itemListElement":[{"@type":"ListItem","position":1,"name":"Accueil","item":"https:\/\/gite-bourdettes-auvillar.com\/"},{"@type":"ListItem","position":2,"name":"Accueil"}]},{"@type":"WebSite","@id":"https:\/\/gite-bourdettes-auvillar.com\/#website","url":"https:\/\/gite-bourdettes-auvillar.com\/","name":"Gite Les Bourdettes ***","description":"Auvillar, un des Plus Beaux Village de France dans le Tarn et Garonne en Occitanie","potentialAction":[{"@type":"SearchAction","target":{"@type":"EntryPoint","urlTemplate":"https:\/\/gite-bourdettes-auvillar.com\/?s={search_term_string}"},"query-input":{"@type":"PropertyValueSpecification","valueRequired":true,"valueName":"search_term_string"}}],"inLanguage":"de-DE"}]}},"_links":{"self":[{"href":"https:\/\/gite-bourdettes-auvillar.com\/de\/wp-json\/wp\/v2\/pages\/2","targetHints":{"allow":["GET"]}}],"collection":[{"href":"https:\/\/gite-bourdettes-auvillar.com\/de\/wp-json\/wp\/v2\/pages"}],"about":[{"href":"https:\/\/gite-bourdettes-auvillar.com\/de\/wp-json\/wp\/v2\/types\/page"}],"author":[{"embeddable":true,"href":"https:\/\/gite-bourdettes-auvillar.com\/de\/wp-json\/wp\/v2\/users\/1"}],"replies":[{"embeddable":true,"href":"https:\/\/gite-bourdettes-auvillar.com\/de\/wp-json\/wp\/v2\/comments?post=2"}],"version-history":[{"count":267,"href":"https:\/\/gite-bourdettes-auvillar.com\/de\/wp-json\/wp\/v2\/pages\/2\/revisions"}],"predecessor-version":[{"id":1677,"href":"https:\/\/gite-bourdettes-auvillar.com\/de\/wp-json\/wp\/v2\/pages\/2\/revisions\/1677"}],"wp:attachment":[{"href":"https:\/\/gite-bourdettes-auvillar.com\/de\/wp-json\/wp\/v2\/media?parent=2"}],"curies":[{"name":"wp","href":"https:\/\/api.w.org\/{rel}","templated":true}]}}