{"id":278,"date":"2018-06-27T13:34:40","date_gmt":"2018-06-27T11:34:40","guid":{"rendered":"http:\/\/gite-bourdettes-auvillar.com\/?page_id=278"},"modified":"2024-10-10T08:11:00","modified_gmt":"2024-10-10T06:11:00","slug":"tarifs","status":"publish","type":"page","link":"https:\/\/gite-bourdettes-auvillar.com\/de\/tarifs\/","title":{"rendered":"Preise\/Vertrag"},"content":{"rendered":"<p style=\"text-align: center;\"><img loading=\"lazy\" decoding=\"async\" class=\"wp-image-454 aligncenter\" src=\"http:\/\/gite-bourdettes-auvillar.com\/wp-content\/uploads\/2018\/10\/logo-pdf-150x150.jpg\" alt=\"\" width=\"39\" height=\"39\" srcset=\"https:\/\/gite-bourdettes-auvillar.com\/wp-content\/uploads\/2018\/10\/logo-pdf-150x150.jpg 150w, https:\/\/gite-bourdettes-auvillar.com\/wp-content\/uploads\/2018\/10\/logo-pdf.jpg 223w\" sizes=\"auto, (max-width: 39px) 100vw, 39px\" \/><strong>\u21d2 <a href=\"https:\/\/gite-bourdettes-auvillar.com\/wp-content\/uploads\/2023\/12\/contrat-location-gite-meuble-touristique.pdf\" target=\"_blank\" rel=\"noopener\">Vertrag und allgemeine Bedingungen zum Download<\/a> \u21d0<br \/>\n<\/strong>(Abs\u00e4tze in Rot, die vom Mieter auszuf\u00fcllen sind)<\/p>\n<p>Sie drucken den Vertrag aus und f\u00fcllen ihn aus. Anschlie\u00dfend senden Sie ihn per Post oder E-Mail (nur Seite Nr. 1 mit Unterschrift), mit Ihrer Haftpflichtversicherungsbescheinigung und dem Einzahlungsscheck (oder per Bank\u00fcberweisung im Falle von &#8218;den Vertrag per E-Mail senden). Ich werde Ihre unterschriebene Kopie an Sie zur\u00fccksenden.<\/p>\n<hr \/>\n<p>ALLE INKLUSIVE PREISE (Bettw\u00e4sche, Bettw\u00e4sche, Heizung, Klimaanlage, Wasser, :<\/p>\n<p>Vom 3. Juli bis 1. September 2020:<br \/>\n110 \u20ac \/ Nacht (mindestens 4 N\u00e4chte)<\/p>\n<p>1.\/2. Juni \/ 2. Juli und September:<br \/>\n90 \u20ac \/ Nacht (mindestens 3 N\u00e4chte)<\/p>\n<p>Oktober bis Mai au\u00dferhalb der Schulferien:<br \/>\n55=>70 \u20ac \/ Nacht (mindestens 3 N\u00e4chte)<\/p>\n<p>Feiertage alle Regionen Allerheiligen, Weihnachten, Februar und Ostern:<br \/>\n07. Februar bis 08. M\u00e4rz 2020<br \/>\n03. April bis 03. Mai 2020<br \/>\n17. Oktober bis 02. November 2020<br \/>\n19. Dezember bis 4. Januar 2021<br \/>\n90 \u20ac \/ Nacht (mindestens 3 N\u00e4chte)<\/p>\n<p>=> Bei Anfragen, die l\u00e4nger als eine Woche dauern, kontaktieren Sie uns, um den Preis anzupassen.<\/p>\n<p>=> <span class=\"Y2IQFc\" lang=\"de\">Kurtaxe 0,72 \u20ac\/Nacht\/Erwachsener<\/span><\/p>\n<p>Zahlung per Scheck, Urlaubsgutschein oder IBAN-\u00dcberweisung.<\/p>\n<p>Dieser Preis bedeutet:<\/p>\n<p>Strom \/ Wasser im Preis inbegriffen.<br \/>\nFr\u00fchst\u00fcck und Mahlzeiten nicht inbegriffen und nicht angeboten.<br \/>\nBettw\u00e4sche, Haushaltsw\u00e4sche und Badw\u00e4sche inklusive (mit Ausnahme der mitzubringenden Toilettenhandschuhe und der Bettw\u00e4sche \/ Bettdecke). *<br \/>\nReinigungsset angeboten: Schw\u00e4mme, Geschirrsp\u00fclmittel, Geschirrsp\u00fclmittel und Waschmaschine.<\/p>\n<p>* Badw\u00e4sche: 1 Badetuch und 1 Handtuch pro Person, 1 Badematte. Waschlappen nicht vorhanden.<br \/>\n* Haushaltsw\u00e4sche: 2 Handt\u00fccher, 2 Geschirrt\u00fccher, 1 Satz Servietten.<\/p>\n","protected":false},"excerpt":{"rendered":"<p>\u21d2 Vertrag und allgemeine Bedingungen zum Download \u21d0 (Abs\u00e4tze in Rot, die vom Mieter auszuf\u00fcllen sind) Sie drucken den Vertrag aus und f\u00fcllen ihn aus. Anschlie\u00dfend senden Sie ihn per Post oder E-Mail (nur Seite Nr. 1 mit Unterschrift), mit Ihrer Haftpflichtversicherungsbescheinigung und dem Einzahlungsscheck (oder per Bank\u00fcberweisung im Falle von &#8218;den Vertrag per E-Mail senden). Ich werde Ihre unterschriebene<\/p>\n<p><a class=\"more-link\" href=\"https:\/\/gite-bourdettes-auvillar.com\/de\/tarifs\/\">Weiterlesen<\/a><\/p>\n","protected":false},"author":1,"featured_media":0,"parent":0,"menu_order":4,"comment_status":"closed","ping_status":"closed","template":"","meta":{"footnotes":""},"class_list":["post-278","page","type-page","status-publish","hentry"],"yoast_head":"<!-- This site is optimized with the Yoast SEO plugin v25.2 - https:\/\/yoast.com\/wordpress\/plugins\/seo\/ -->\n<title>Preise\/Vertrag - Gite Les Bourdettes ***<\/title>\n<meta name=\"description\" content=\"Preise\/Vertrag\" \/>\n<meta name=\"robots\" content=\"index, follow, max-snippet:-1, max-image-preview:large, max-video-preview:-1\" \/>\n<link rel=\"canonical\" href=\"https:\/\/gite-bourdettes-auvillar.com\/de\/tarifs\/\" \/>\n<meta property=\"og:locale\" content=\"de_DE\" \/>\n<meta property=\"og:locale:alternate\" content=\"en_GB\" \/>\n<meta property=\"og:locale:alternate\" content=\"es_ES\" \/>\n<meta property=\"og:locale:alternate\" content=\"fr_FR\" \/>\n<meta property=\"og:type\" content=\"article\" \/>\n<meta property=\"og:title\" content=\"Preise\/Vertrag\" \/>\n<meta property=\"og:description\" content=\"Preise\/Vertrag\" \/>\n<meta property=\"og:url\" content=\"https:\/\/gite-bourdettes-auvillar.com\/de\/tarifs\/\" \/>\n<meta property=\"og:site_name\" content=\"Gite Les Bourdettes ***\" \/>\n<meta property=\"article:modified_time\" content=\"2024-10-10T06:11:00+00:00\" \/>\n<meta property=\"og:image\" content=\"http:\/\/gite-bourdettes-auvillar.com\/wp-content\/uploads\/2018\/10\/logo-pdf-150x150.jpg\" \/>\n<meta name=\"twitter:card\" content=\"summary_large_image\" \/>\n<meta name=\"twitter:label1\" content=\"Gesch\u00e4tzte Lesezeit\" \/>\n\t<meta name=\"twitter:data1\" content=\"3\u00a0Minuten\" \/>\n<script type=\"application\/ld+json\" class=\"yoast-schema-graph\">{\"@context\":\"https:\/\/schema.org\",\"@graph\":[{\"@type\":\"WebPage\",\"@id\":\"https:\/\/gite-bourdettes-auvillar.com\/tarifs\/\",\"url\":\"https:\/\/gite-bourdettes-auvillar.com\/tarifs\/\",\"name\":\"Preise\/Vertrag\",\"isPartOf\":{\"@id\":\"https:\/\/gite-bourdettes-auvillar.com\/#website\"},\"primaryImageOfPage\":{\"@id\":\"https:\/\/gite-bourdettes-auvillar.com\/tarifs\/#primaryimage\"},\"image\":{\"@id\":\"https:\/\/gite-bourdettes-auvillar.com\/tarifs\/#primaryimage\"},\"thumbnailUrl\":\"http:\/\/gite-bourdettes-auvillar.com\/wp-content\/uploads\/2018\/10\/logo-pdf-150x150.jpg\",\"datePublished\":\"2018-06-27T11:34:40+00:00\",\"dateModified\":\"2024-10-10T06:11:00+00:00\",\"description\":\"Preise\/Vertrag\",\"breadcrumb\":{\"@id\":\"https:\/\/gite-bourdettes-auvillar.com\/tarifs\/#breadcrumb\"},\"inLanguage\":\"de-DE\",\"potentialAction\":[{\"@type\":\"ReadAction\",\"target\":[\"https:\/\/gite-bourdettes-auvillar.com\/tarifs\/\"]}]},{\"@type\":\"ImageObject\",\"inLanguage\":\"de-DE\",\"@id\":\"https:\/\/gite-bourdettes-auvillar.com\/tarifs\/#primaryimage\",\"url\":\"http:\/\/gite-bourdettes-auvillar.com\/wp-content\/uploads\/2018\/10\/logo-pdf-150x150.jpg\",\"contentUrl\":\"http:\/\/gite-bourdettes-auvillar.com\/wp-content\/uploads\/2018\/10\/logo-pdf-150x150.jpg\"},{\"@type\":\"BreadcrumbList\",\"@id\":\"https:\/\/gite-bourdettes-auvillar.com\/tarifs\/#breadcrumb\",\"itemListElement\":[{\"@type\":\"ListItem\",\"position\":1,\"name\":\"Accueil\",\"item\":\"https:\/\/gite-bourdettes-auvillar.com\/\"},{\"@type\":\"ListItem\",\"position\":2,\"name\":\"Tarifs\/contrat\"}]},{\"@type\":\"WebSite\",\"@id\":\"https:\/\/gite-bourdettes-auvillar.com\/#website\",\"url\":\"https:\/\/gite-bourdettes-auvillar.com\/\",\"name\":\"Gite Les Bourdettes ***\",\"description\":\"Auvillar, un des Plus Beaux Village de France dans le Tarn et Garonne en Occitanie\",\"potentialAction\":[{\"@type\":\"SearchAction\",\"target\":{\"@type\":\"EntryPoint\",\"urlTemplate\":\"https:\/\/gite-bourdettes-auvillar.com\/?s={search_term_string}\"},\"query-input\":{\"@type\":\"PropertyValueSpecification\",\"valueRequired\":true,\"valueName\":\"search_term_string\"}}],\"inLanguage\":\"de-DE\"}]}<\/script>\n<!-- \/ Yoast SEO plugin. -->","yoast_head_json":{"title":"Preise\/Vertrag - Gite Les Bourdettes ***","description":"[:en]Rates \/ contract[:de]Preise\/Vertrag[:es]Tarifas\/contrato[:fr]Tarifs\/contrat[:]","robots":{"index":"index","follow":"follow","max-snippet":"max-snippet:-1","max-image-preview":"max-image-preview:large","max-video-preview":"max-video-preview:-1"},"canonical":"https:\/\/gite-bourdettes-auvillar.com\/de\/tarifs\/","og_locale":"de_DE","og_type":"article","og_title":"[:en]Rates \/ contract[:de]Preise\/Vertrag[:es]Tarifas\/contrato[:fr]Tarifs\/contrat[:] - Gite Les Bourdettes ***","og_description":"[:en]Rates \/ contract[:de]Preise\/Vertrag[:es]Tarifas\/contrato[:fr]Tarifs\/contrat[:]","og_url":"https:\/\/gite-bourdettes-auvillar.com\/de\/tarifs\/","og_site_name":"Gite Les Bourdettes ***","article_modified_time":"2024-10-10T06:11:00+00:00","og_image":[{"url":"http:\/\/gite-bourdettes-auvillar.com\/wp-content\/uploads\/2018\/10\/logo-pdf-150x150.jpg","type":"","width":"","height":""}],"twitter_card":"summary_large_image","twitter_misc":{"Gesch\u00e4tzte Lesezeit":"3\u00a0Minuten"},"schema":{"@context":"https:\/\/schema.org","@graph":[{"@type":"WebPage","@id":"https:\/\/gite-bourdettes-auvillar.com\/tarifs\/","url":"https:\/\/gite-bourdettes-auvillar.com\/tarifs\/","name":"Preise\/Vertrag","isPartOf":{"@id":"https:\/\/gite-bourdettes-auvillar.com\/#website"},"primaryImageOfPage":{"@id":"https:\/\/gite-bourdettes-auvillar.com\/tarifs\/#primaryimage"},"image":{"@id":"https:\/\/gite-bourdettes-auvillar.com\/tarifs\/#primaryimage"},"thumbnailUrl":"http:\/\/gite-bourdettes-auvillar.com\/wp-content\/uploads\/2018\/10\/logo-pdf-150x150.jpg","datePublished":"2018-06-27T11:34:40+00:00","dateModified":"2024-10-10T06:11:00+00:00","description":"Preise\/Vertrag","breadcrumb":{"@id":"https:\/\/gite-bourdettes-auvillar.com\/tarifs\/#breadcrumb"},"inLanguage":"de-DE","potentialAction":[{"@type":"ReadAction","target":["https:\/\/gite-bourdettes-auvillar.com\/tarifs\/"]}]},{"@type":"ImageObject","inLanguage":"de-DE","@id":"https:\/\/gite-bourdettes-auvillar.com\/tarifs\/#primaryimage","url":"http:\/\/gite-bourdettes-auvillar.com\/wp-content\/uploads\/2018\/10\/logo-pdf-150x150.jpg","contentUrl":"http:\/\/gite-bourdettes-auvillar.com\/wp-content\/uploads\/2018\/10\/logo-pdf-150x150.jpg"},{"@type":"BreadcrumbList","@id":"https:\/\/gite-bourdettes-auvillar.com\/tarifs\/#breadcrumb","itemListElement":[{"@type":"ListItem","position":1,"name":"Accueil","item":"https:\/\/gite-bourdettes-auvillar.com\/"},{"@type":"ListItem","position":2,"name":"Tarifs\/contrat"}]},{"@type":"WebSite","@id":"https:\/\/gite-bourdettes-auvillar.com\/#website","url":"https:\/\/gite-bourdettes-auvillar.com\/","name":"Gite Les Bourdettes ***","description":"Auvillar, un des Plus Beaux Village de France dans le Tarn et Garonne en Occitanie","potentialAction":[{"@type":"SearchAction","target":{"@type":"EntryPoint","urlTemplate":"https:\/\/gite-bourdettes-auvillar.com\/?s={search_term_string}"},"query-input":{"@type":"PropertyValueSpecification","valueRequired":true,"valueName":"search_term_string"}}],"inLanguage":"de-DE"}]}},"_links":{"self":[{"href":"https:\/\/gite-bourdettes-auvillar.com\/de\/wp-json\/wp\/v2\/pages\/278","targetHints":{"allow":["GET"]}}],"collection":[{"href":"https:\/\/gite-bourdettes-auvillar.com\/de\/wp-json\/wp\/v2\/pages"}],"about":[{"href":"https:\/\/gite-bourdettes-auvillar.com\/de\/wp-json\/wp\/v2\/types\/page"}],"author":[{"embeddable":true,"href":"https:\/\/gite-bourdettes-auvillar.com\/de\/wp-json\/wp\/v2\/users\/1"}],"replies":[{"embeddable":true,"href":"https:\/\/gite-bourdettes-auvillar.com\/de\/wp-json\/wp\/v2\/comments?post=278"}],"version-history":[{"count":102,"href":"https:\/\/gite-bourdettes-auvillar.com\/de\/wp-json\/wp\/v2\/pages\/278\/revisions"}],"predecessor-version":[{"id":1580,"href":"https:\/\/gite-bourdettes-auvillar.com\/de\/wp-json\/wp\/v2\/pages\/278\/revisions\/1580"}],"wp:attachment":[{"href":"https:\/\/gite-bourdettes-auvillar.com\/de\/wp-json\/wp\/v2\/media?parent=278"}],"curies":[{"name":"wp","href":"https:\/\/api.w.org\/{rel}","templated":true}]}}