{"id":475,"date":"2018-11-27T11:52:16","date_gmt":"2018-11-27T10:52:16","guid":{"rendered":"http:\/\/gite-bourdettes-auvillar.com\/?page_id=475"},"modified":"2024-09-11T08:22:14","modified_gmt":"2024-09-11T06:22:14","slug":"alentours","status":"publish","type":"page","link":"https:\/\/gite-bourdettes-auvillar.com\/de\/alentours\/","title":{"rendered":"Besuche\/Erfahrungen"},"content":{"rendered":"<p><strong>Offizielle Tourismus-Website von Tarn &#038; Garonne :<\/strong><br \/>\n<a href=\"http:\/\/www.tourisme-tarnetgaronne.fr\/\" target=\"_blank\" rel=\"noopener noreferrer\">http:\/\/www.tourisme-tarnetgaronne.fr\/<\/a><\/p>\n<p><span style=\"color: #ff6600;\"><strong>Erfahrungen :<\/strong><\/span><br \/>\n<strong>Golfech (8km)<\/strong><br \/>\nKernkraftwerk- CNPE de Golfech &#8211; <a href=\"https:\/\/www.edf.fr\/groupe-edf\/nos-energies\/carte-de-nos-implantations-industrielles-en-france\/centrale-nucleaire-de-golfech\/visitez-la-centrale-et-l-espace-decouverte\" target=\"_blank\" rel=\"noopener noreferrer\">visites<\/a><br \/>\nHydraulikkraftwerk &#8211; Fischaufzug : <a href=\"https:\/\/www.entrepriseetdecouverte.fr\/property\/edf-centrale-hydraulique-de-golfech\/\" target=\"_blank\" rel=\"noopener noreferrer\">visites<\/a><\/p>\n<p><strong>Vandern<\/strong> : <a href=\"_wp_link_placeholder\" data-wplink-edit=\"true\">https:\/\/www.cirkwi.com\/fr\/auteur\/161217\/office-de-tourisme-des-deux-rives<\/a><\/p>\n<p style=\"text-align: left;\"><strong>Flamarens<\/strong><\/p>\n<ul>\n<li><a href=\"http:\/\/patrimoines.laregion.fr\/rechercher\/recherche-base-de-donnees\/index.html?notice=IA00038544&#038;tx_patrimoinesearch_pi1%5Bstate%5D=detail_simple&#038;tx_patrimoinesearch_pi1%5Bniveau_detail%5D=N3\" target=\"_blank\" rel=\"noopener noreferrer\">Kirche in Restaurierung<\/a><\/li>\n<li>Die Pyren\u00e4en bei sch\u00f6nem Wetter sichtbar.<\/li>\n<\/ul>\n<p><strong>Geschirrmuseum in Lalande (6km)<\/strong><br \/>\nGratuit et sur RV &#8211; <a href=\"http:\/\/www.museedelattelage.sitew.fr\/#Introduction_du_musee.A\" target=\"_blank\" rel=\"noopener noreferrer\">site web<\/a><br \/>\n<a href=\"http:\/\/www.tourisme-tarnetgaronne.fr\/diffusio\/en\/near\/goudourville\/musee-de-l-attelage-a-lalande_TFOLCUMIP0820000312.php\" target=\"_blank\" rel=\"noopener noreferrer\">Voir aussi sur le site Tarn &#038; Garonne Tourisme<\/a><\/p>\n<p><strong><span style=\"color: #ff6600;\">Besuche \/ Freizeit:<br \/>\n<\/span><\/strong><strong>Valence d&#8217;Agen (\u00e0 5km)<br \/>\n<\/strong>Cin\u00e9ma Apollo : <a href=\"https:\/\/valencedagen.fr\/index.php\/cinema-apollo\/\" target=\"_blank\" rel=\"noopener noreferrer\">https:\/\/valencedagen.fr\/index.php\/cinema-apollo\/<\/a><br \/>\n<a href=\"http:\/\/www.cc-deuxrives.fr\/spip\/-Piscine-d-ete-Valence-d-Agen-.html\" target=\"_blank\" rel=\"noopener noreferrer\">Piscine<\/a> pr\u00e8s du stade : <a href=\"http:\/\/www.cc-deuxrives.fr\/spip\/-Piscine-d-ete-Valence-d-Agen-.html\" target=\"_blank\" rel=\"noopener noreferrer\">http:\/\/www.cc-deuxrives.fr\/spip\/-Piscine-d-ete-Valence-d-Agen-.html<\/a><\/p>\n<p style=\"text-align: left;\"><strong>Espalais (\u00e0 1km)<\/strong><br \/>\n<a href=\"http:\/\/www.golfespalais.com\/\" target=\"_blank\" rel=\"noopener noreferrer\">Golf<\/a> 9 trous : <a href=\"http:\/\/www.golfespalais.com\/\" target=\"_blank\" rel=\"noopener noreferrer\">http:\/\/www.golfespalais.com\/<\/a><\/p>\n<p><strong>Das Schloss von Lamotte Bardigues (4 km)<\/strong><br \/>\nDas Ch\u00e2teau de Lamotte-Bardigues wurde im Juli 2018 von einem jungen Paar aus der 20. Generation von Eigent\u00fcmern \u00fcbernommen und ist diese Woche zum ersten Mal f\u00fcr F\u00fchrungen von Montag bis Freitag ab 9:30 Uhr sowie sonntags um 15:00 Uhr ge\u00f6ffnet, au\u00dfer in Juli und August (siehe unten).<br \/>\n<a href=\"http:\/\/gite-bourdettes-auvillar.com\/wp-content\/uploads\/2019\/04\/lamotte-bardigues.pdf\" target=\"_blank\" rel=\"noopener noreferrer\">Siehe den Flyer<\/a><\/p>\n<p><strong>Donzac (8km)<\/strong><br \/>\nMuseum f\u00fcr l\u00e4ndliche Gebiete. Conservatoire des m\u00e9tiers d&#8217;autrefois : <a href=\"https:\/\/www.conservatoiredesmetiersdautrefois.fr\" target=\"_blank\" rel=\"noopener\">https:\/\/www.conservatoiredesmetiersdautrefois.fr<\/a><\/p>\n<p><strong>Merles (8km)<\/strong><br \/>\nHenry IV Eiche :<a href=\"http:\/\/www.merles.fr\/fr\/tourisme\/le-chene-dhenri-iv.html\" target=\"_blank\" rel=\"noopener noreferrer\"> http:\/\/www.merles.fr\/fr\/tourisme\/le-chene-dhenri-iv.html<\/a><\/p>\n<p><strong>Freizeitbasis Saint-Nicolas de la Grave<\/strong> (10 km)<br \/>\n<a href=\"http:\/\/www.stnicolasdelag.online.fr\/loisirs.htm\" target=\"_blank\" rel=\"noopener noreferrer\">http:\/\/www.stnicolasdelag.online.fr\/loisirs.htm<\/a><br \/>\nMountainbiketouren &#8211; Bogenschie\u00dfen &#8211; Bowlingplatz &#8211; Picknickplatz.<br \/>\nArboretum &#8211; Wanderwege.<br \/>\nEntdeckung des ornithologischen Observatoriums &#8230;<br \/>\nSegel-, Windsurf- und Kanu-Kajak-Kurse f\u00fcr Gruppen und Einzelpersonen (420, X4, Katamarane, Optimisten, Mini-Solisten, Karavellen, Kanu, Kajak, &#8230;).<br \/>\nFahrt in kleinen Motorbooten, Tretboot, Schwimmbad, Angeln.<\/p>\n<p><strong>Lauzerte, plus beau village de France (25km)<\/strong><br \/>\n<a href=\"http:\/\/www.lauzerte.fr\/\" target=\"_blank\" rel=\"noopener noreferrer\">http:\/\/www.lauzerte.fr\/<\/a><\/p>\n<p><strong>Goudourville (10km)<\/strong><br \/>\nLe Ch\u00e2teau :\u00a0<a href=\"http:\/\/www.chateau-goudourville.fr\/fr\/\" target=\"_blank\" rel=\"noopener noreferrer\">http:\/\/www.chateau-goudourville.fr\/fr\/<\/a><\/p>\n<p><strong>Zwei-Meere-Kanal<\/strong><br \/>\nA v\u00e9lo : <a href=\"https:\/\/www.canaldes2mersavelo.com\/\" target=\"_blank\" rel=\"noopener noreferrer\">https:\/\/www.canaldes2mersavelo.com\/<\/a><br \/>\nEn bateau : <a href=\"https:\/\/www.tourisme-moissac-terresdesconfluences.fr\/fr\/decouvrir\/nos-incontournables\/le-canal-des-deux-mers-entre-castel-et-st-nicolas\" target=\"_blank\" rel=\"noopener noreferrer\">https:\/\/www.tourisme-moissac-terresdesconfluences.fr\/fr\/decouvrir\/nos-incontournables\/le-canal-des-deux-mers-entre-castel-et-st-nicolas<\/a><\/p>\n<p><strong>Castelculier (20km)<\/strong><br \/>\nVillascopia, Gallo-r\u00f6mische B\u00e4der aus dem 4. Jahrhundert :<a href=\"https:\/\/www.villascopia.fr\/\" target=\"_blank\" rel=\"noopener noreferrer\">https:\/\/www.villascopia.fr\/<\/a><\/p>\n<p><strong>Moissac (20km)<\/strong><br \/>\nL&#8217;abbaye et son clo\u00eetre : <a href=\"https:\/\/www.tourisme-moissac-terresdesconfluences.fr\/fr\" target=\"_blank\" rel=\"noopener noreferrer\">https:\/\/www.tourisme-moissac-terresdesconfluences.fr\/fr<\/a><\/p>\n<p><strong>Agen (30km)<\/strong><br \/>\nTourisme :<a href=\"http:\/\/www.destination-agen.com\/\" target=\"_blank\" rel=\"noopener noreferrer\"> http:\/\/www.destination-agen.com\/<\/a><br \/>\n<a href=\"https:\/\/www.parcagen.fr\/\" target=\"_blank\" rel=\"noopener noreferrer\">Walygator : <\/a><a href=\"https:\/\/www.walygatorparc.com\/sudouest\/\" target=\"_blank\" rel=\"noopener\">https:\/\/www.walygatorparc.com\/sudouest\/<\/a><br \/>\nMus\u00e9e des Beaux-Arts : <a href=\"http:\/\/www.agen.fr\/musee\" target=\"_blank\" rel=\"noopener noreferrer\">http:\/\/www.agen.fr\/musee<\/a><\/p>\n","protected":false},"excerpt":{"rendered":"<p>Offizielle Tourismus-Website von Tarn &#038; Garonne : http:\/\/www.tourisme-tarnetgaronne.fr\/ Erfahrungen : Golfech (8km) Kernkraftwerk- CNPE de Golfech &#8211; visites Hydraulikkraftwerk &#8211; Fischaufzug : visites Vandern : https:\/\/www.cirkwi.com\/fr\/auteur\/161217\/office-de-tourisme-des-deux-rives Flamarens Kirche in Restaurierung Die Pyren\u00e4en bei sch\u00f6nem Wetter sichtbar. Geschirrmuseum in Lalande (6km) Gratuit et sur RV &#8211; site web Voir aussi sur le site Tarn &#038; Garonne Tourisme Besuche \/ Freizeit: Valence<\/p>\n<p><a class=\"more-link\" href=\"https:\/\/gite-bourdettes-auvillar.com\/de\/alentours\/\">Weiterlesen<\/a><\/p>\n","protected":false},"author":1,"featured_media":0,"parent":0,"menu_order":7,"comment_status":"closed","ping_status":"closed","template":"","meta":{"footnotes":""},"class_list":["post-475","page","type-page","status-publish","hentry"],"yoast_head":"<!-- This site is optimized with the Yoast SEO plugin v25.2 - https:\/\/yoast.com\/wordpress\/plugins\/seo\/ -->\n<title>Besuche\/Erfahrungen - Gite Les Bourdettes ***<\/title>\n<meta name=\"description\" content=\"Besuche\/Erfahrungen\" \/>\n<meta name=\"robots\" content=\"index, follow, max-snippet:-1, max-image-preview:large, max-video-preview:-1\" \/>\n<link rel=\"canonical\" href=\"https:\/\/gite-bourdettes-auvillar.com\/de\/alentours\/\" \/>\n<meta property=\"og:locale\" content=\"de_DE\" \/>\n<meta property=\"og:locale:alternate\" content=\"en_GB\" \/>\n<meta property=\"og:locale:alternate\" content=\"es_ES\" \/>\n<meta property=\"og:locale:alternate\" content=\"fr_FR\" \/>\n<meta property=\"og:type\" content=\"article\" \/>\n<meta property=\"og:title\" content=\"Besuche\/Erfahrungen\" \/>\n<meta property=\"og:description\" content=\"Besuche\/Erfahrungen\" \/>\n<meta property=\"og:url\" content=\"https:\/\/gite-bourdettes-auvillar.com\/de\/alentours\/\" \/>\n<meta property=\"og:site_name\" content=\"Gite Les Bourdettes ***\" \/>\n<meta property=\"article:modified_time\" content=\"2024-09-11T06:22:14+00:00\" \/>\n<meta name=\"twitter:card\" content=\"summary_large_image\" \/>\n<meta name=\"twitter:label1\" content=\"Gesch\u00e4tzte Lesezeit\" \/>\n\t<meta name=\"twitter:data1\" content=\"2\u00a0Minuten\" \/>\n<script type=\"application\/ld+json\" class=\"yoast-schema-graph\">{\"@context\":\"https:\/\/schema.org\",\"@graph\":[{\"@type\":\"WebPage\",\"@id\":\"https:\/\/gite-bourdettes-auvillar.com\/alentours\/\",\"url\":\"https:\/\/gite-bourdettes-auvillar.com\/alentours\/\",\"name\":\"Besuche\/Erfahrungen\",\"isPartOf\":{\"@id\":\"https:\/\/gite-bourdettes-auvillar.com\/#website\"},\"datePublished\":\"2018-11-27T10:52:16+00:00\",\"dateModified\":\"2024-09-11T06:22:14+00:00\",\"description\":\"Besuche\/Erfahrungen\",\"breadcrumb\":{\"@id\":\"https:\/\/gite-bourdettes-auvillar.com\/alentours\/#breadcrumb\"},\"inLanguage\":\"de-DE\",\"potentialAction\":[{\"@type\":\"ReadAction\",\"target\":[\"https:\/\/gite-bourdettes-auvillar.com\/alentours\/\"]}]},{\"@type\":\"BreadcrumbList\",\"@id\":\"https:\/\/gite-bourdettes-auvillar.com\/alentours\/#breadcrumb\",\"itemListElement\":[{\"@type\":\"ListItem\",\"position\":1,\"name\":\"Accueil\",\"item\":\"https:\/\/gite-bourdettes-auvillar.com\/\"},{\"@type\":\"ListItem\",\"position\":2,\"name\":\"Visites\/Exp\u00e9riences\"}]},{\"@type\":\"WebSite\",\"@id\":\"https:\/\/gite-bourdettes-auvillar.com\/#website\",\"url\":\"https:\/\/gite-bourdettes-auvillar.com\/\",\"name\":\"Gite Les Bourdettes ***\",\"description\":\"Auvillar, un des Plus Beaux Village de France dans le Tarn et Garonne en Occitanie\",\"potentialAction\":[{\"@type\":\"SearchAction\",\"target\":{\"@type\":\"EntryPoint\",\"urlTemplate\":\"https:\/\/gite-bourdettes-auvillar.com\/?s={search_term_string}\"},\"query-input\":{\"@type\":\"PropertyValueSpecification\",\"valueRequired\":true,\"valueName\":\"search_term_string\"}}],\"inLanguage\":\"de-DE\"}]}<\/script>\n<!-- \/ Yoast SEO plugin. -->","yoast_head_json":{"title":"Besuche\/Erfahrungen - Gite Les Bourdettes ***","description":"[:en]Visits\/Exp\u00e9riences[:de]Besuche\/Erfahrungen[:es]Visitas\/experiencias[:fr]Visites\/Exp\u00e9riences[:]","robots":{"index":"index","follow":"follow","max-snippet":"max-snippet:-1","max-image-preview":"max-image-preview:large","max-video-preview":"max-video-preview:-1"},"canonical":"https:\/\/gite-bourdettes-auvillar.com\/de\/alentours\/","og_locale":"de_DE","og_type":"article","og_title":"[:en]Visits\/Exp\u00e9riences[:de]Besuche\/Erfahrungen[:es]Visitas\/experiencias[:fr]Visites\/Exp\u00e9riences[:] - Gite Les Bourdettes ***","og_description":"[:en]Visits\/Exp\u00e9riences[:de]Besuche\/Erfahrungen[:es]Visitas\/experiencias[:fr]Visites\/Exp\u00e9riences[:]","og_url":"https:\/\/gite-bourdettes-auvillar.com\/de\/alentours\/","og_site_name":"Gite Les Bourdettes ***","article_modified_time":"2024-09-11T06:22:14+00:00","twitter_card":"summary_large_image","twitter_misc":{"Gesch\u00e4tzte Lesezeit":"2\u00a0Minuten"},"schema":{"@context":"https:\/\/schema.org","@graph":[{"@type":"WebPage","@id":"https:\/\/gite-bourdettes-auvillar.com\/alentours\/","url":"https:\/\/gite-bourdettes-auvillar.com\/alentours\/","name":"Besuche\/Erfahrungen","isPartOf":{"@id":"https:\/\/gite-bourdettes-auvillar.com\/#website"},"datePublished":"2018-11-27T10:52:16+00:00","dateModified":"2024-09-11T06:22:14+00:00","description":"Besuche\/Erfahrungen","breadcrumb":{"@id":"https:\/\/gite-bourdettes-auvillar.com\/alentours\/#breadcrumb"},"inLanguage":"de-DE","potentialAction":[{"@type":"ReadAction","target":["https:\/\/gite-bourdettes-auvillar.com\/alentours\/"]}]},{"@type":"BreadcrumbList","@id":"https:\/\/gite-bourdettes-auvillar.com\/alentours\/#breadcrumb","itemListElement":[{"@type":"ListItem","position":1,"name":"Accueil","item":"https:\/\/gite-bourdettes-auvillar.com\/"},{"@type":"ListItem","position":2,"name":"Visites\/Exp\u00e9riences"}]},{"@type":"WebSite","@id":"https:\/\/gite-bourdettes-auvillar.com\/#website","url":"https:\/\/gite-bourdettes-auvillar.com\/","name":"Gite Les Bourdettes ***","description":"Auvillar, un des Plus Beaux Village de France dans le Tarn et Garonne en Occitanie","potentialAction":[{"@type":"SearchAction","target":{"@type":"EntryPoint","urlTemplate":"https:\/\/gite-bourdettes-auvillar.com\/?s={search_term_string}"},"query-input":{"@type":"PropertyValueSpecification","valueRequired":true,"valueName":"search_term_string"}}],"inLanguage":"de-DE"}]}},"_links":{"self":[{"href":"https:\/\/gite-bourdettes-auvillar.com\/de\/wp-json\/wp\/v2\/pages\/475","targetHints":{"allow":["GET"]}}],"collection":[{"href":"https:\/\/gite-bourdettes-auvillar.com\/de\/wp-json\/wp\/v2\/pages"}],"about":[{"href":"https:\/\/gite-bourdettes-auvillar.com\/de\/wp-json\/wp\/v2\/types\/page"}],"author":[{"embeddable":true,"href":"https:\/\/gite-bourdettes-auvillar.com\/de\/wp-json\/wp\/v2\/users\/1"}],"replies":[{"embeddable":true,"href":"https:\/\/gite-bourdettes-auvillar.com\/de\/wp-json\/wp\/v2\/comments?post=475"}],"version-history":[{"count":57,"href":"https:\/\/gite-bourdettes-auvillar.com\/de\/wp-json\/wp\/v2\/pages\/475\/revisions"}],"predecessor-version":[{"id":1530,"href":"https:\/\/gite-bourdettes-auvillar.com\/de\/wp-json\/wp\/v2\/pages\/475\/revisions\/1530"}],"wp:attachment":[{"href":"https:\/\/gite-bourdettes-auvillar.com\/de\/wp-json\/wp\/v2\/media?parent=475"}],"curies":[{"name":"wp","href":"https:\/\/api.w.org\/{rel}","templated":true}]}}