{"id":152,"date":"2018-05-17T13:24:34","date_gmt":"2018-05-17T11:24:34","guid":{"rendered":"http:\/\/gite-bourdettes-auvillar.com\/?page_id=152"},"modified":"2020-06-15T08:15:50","modified_gmt":"2020-06-15T06:15:50","slug":"auvillar","status":"publish","type":"page","link":"https:\/\/gite-bourdettes-auvillar.com\/es\/auvillar\/","title":{"rendered":"Auvillar"},"content":{"rendered":"<p>La magn\u00edfica ciudad de Auvillar, entre Toulouse y Burdeos, con vistas al valle del Garona en el suroeste de Francia, es uno de los pueblos m\u00e1s bellos de Francia, un centro tur\u00edstico y art\u00edstico de la regi\u00f3n de Occitania. Tambi\u00e9n es una parada imprescindible en los caminos de Santiago de Compostela. Una casa rural muy famosa y confortable ofrece 16 lugares para dormir para peregrinos.<\/p>\n<p><strong>Servicios:<\/strong><br \/>\nUn hotel, habitaciones y alojamientos privados. Por lo tanto, se ofrecen muchas opciones de alojamiento, as\u00ed como lugares para comer (5 restaurantes), as\u00ed como un servicio de bocadillos. La ciudad tiene todas las tiendas necesarias: supermercado, panader\u00eda, peluquer\u00eda, farmacia, pero tambi\u00e9n dentistas, un m\u00e9dico, sin mencionar el mercado de agricultores del domingo por la ma\u00f1ana.<\/p>\n<p><strong>Letras:<\/strong><br \/>\nAuvillar tiene 3 galer\u00edas de arte: Artkads (pinturas, esculturas), regaliz azul con obras de Toutain en hilo com\u00fan (pinturas, esculturas, aperitivos, bebidas) y Espace 213-Auvill&#8217;Art (pinturas, esculturas de madera y tienda). velas, cafe y te).<\/p>\n<p><strong>Turismo:<\/strong><br \/>\nDespu\u00e9s de siglos de historia, Auvillar ha perdido su castillo y sus murallas, pero sigue siendo hoy un pueblo muy din\u00e1mico, que se puede visitar agradablemente, en sus hermosas calles renovadas. Hay muchos eventos desde la primavera hasta el oto\u00f1o y, finalmente, el museo alberga una colecci\u00f3n extraordinaria de loza del siglo XVIII para los m\u00e1s antiguos, que se hicieron en Auvillar de 1739 a 1909. Los Amigos del Viejo Auvillar organizan visitas coment\u00f3 sobre el pueblo y los museos (05.63.39.89.82).<\/p>\n<p><strong>Monumentos:<\/strong><br \/>\nLa torre del reloj, una puerta de entrada monumental del siglo XVII, proporciona un acceso \u00fanico al centro hist\u00f3rico del pueblo. Hoy en d\u00eda alberga el museo de las v\u00edas navegables interiores.<br \/>\nLa plaza triangular, rodeada de ricas residencias de ladrillo y piedra de los siglos XVII y XVIII, da testimonio del prestigioso pasado de la ciudad mercantil, forma un verdadero escenario para la sala de cereales, circular, cuyas columnas toscanas confieren elegancia y un sello \u00fanico a este Monumento catalogado que alberga el mercado de agricultores del domingo por la ma\u00f1ana.<br \/>\nPasee por las calles empedradas para descubrir las casas de entramado de madera y en voladizo, el palacio de los c\u00f3nsules, el lavadero y, por supuesto, el inevitable mirador sobre el valle del Garona y las laderas de Quercy ubicadas en la Place du Ch\u00e2teau.<br \/>\nLa iglesia de Saint Pierre, una de las m\u00e1s grandes de Tarn-et-Garonne, est\u00e1 adornada con un excepcional retablo barroco (actualmente en restauraci\u00f3n). La explanada recientemente renovada permite a los visitantes apreciar el esplendor de la fachada oeste del monumento.<br \/>\nEl antiguo camino de Peyrat, una secci\u00f3n del camino de Podiensis que conduce a Santiago de Compostela, es un enlace entre el pueblo y su puerto, a lo largo del r\u00edo Garona.<br \/>\nLas casas de los barqueros dan al arroyo y se codean con la capilla de Santa Catalina, patrona de los marineros, reconstruida en el siglo XIV por orden del papa Clemente V.<br \/>\nEste hito hist\u00f3rico, de origen carolingio, acaba de ser renovado bajo los auspicios de los edificios franceses.<br \/>\nUn paseo es esencial en los muelles, testigos de la intensa actividad de este puerto desde el que se embarcaron las famosas piezas de barro de Auvillaraise con la apreciada decoraci\u00f3n y solidez (rica colecci\u00f3n que se ver\u00e1 en el museo de los Amigos del Viejo Auvillar), as\u00ed como el Plumas de ganso de calidad para caligraf\u00eda.<\/p>\n<p>Sitio web del ayuntamiento, con todos los restaurantes, tiendas, artesanos, etc. : <a href=\"http:\/\/www.auvillar.fr\" target=\"_blank\" rel=\"noopener noreferrer\">www.auvillar.fr<\/a><br \/>\nSitio de la comunidad: historia, museo, loza, artes de Auvernia, etc. : <a href=\"http:\/\/www.auvillar.com\" target=\"_blank\" rel=\"noopener noreferrer\">www.auvillar.com<\/a><\/p>\n<p style=\"text-align: center;\"><a href=\"http:\/\/gite-bourdettes-auvillar.com\/wp-content\/uploads\/2018\/06\/carte-itine\u0301raire-copie.jpg\"><img loading=\"lazy\" decoding=\"async\" class=\"aligncenter wp-image-229 size-full\" src=\"http:\/\/gite-bourdettes-auvillar.com\/wp-content\/uploads\/2018\/06\/carte-itine\u0301raire-copie.jpg\" alt=\"\" width=\"349\" height=\"226\" srcset=\"https:\/\/gite-bourdettes-auvillar.com\/wp-content\/uploads\/2018\/06\/carte-itine\u0301raire-copie.jpg 349w, https:\/\/gite-bourdettes-auvillar.com\/wp-content\/uploads\/2018\/06\/carte-itine\u0301raire-copie-300x194.jpg 300w\" sizes=\"auto, (max-width: 349px) 100vw, 349px\" \/><\/a><\/p>\n<p style=\"text-align: center;\"><a href=\"http:\/\/gite-bourdettes-auvillar.com\/wp-content\/uploads\/2019\/05\/paysage.jpg\"><img loading=\"lazy\" decoding=\"async\" class=\"aligncenter wp-image-638 \" src=\"http:\/\/gite-bourdettes-auvillar.com\/wp-content\/uploads\/2019\/05\/paysage-1024x476.jpg\" alt=\"\" width=\"496\" height=\"231\" srcset=\"https:\/\/gite-bourdettes-auvillar.com\/wp-content\/uploads\/2019\/05\/paysage-1024x476.jpg 1024w, https:\/\/gite-bourdettes-auvillar.com\/wp-content\/uploads\/2019\/05\/paysage-300x140.jpg 300w, https:\/\/gite-bourdettes-auvillar.com\/wp-content\/uploads\/2019\/05\/paysage-768x357.jpg 768w, https:\/\/gite-bourdettes-auvillar.com\/wp-content\/uploads\/2019\/05\/paysage-800x372.jpg 800w\" sizes=\"auto, (max-width: 496px) 100vw, 496px\" \/><\/a><\/p>\n<p style=\"text-align: center;\"><a href=\"http:\/\/gite-bourdettes-auvillar.com\/wp-content\/uploads\/2019\/05\/halle-511.jpg\"><img loading=\"lazy\" decoding=\"async\" class=\"aligncenter wp-image-636 \" src=\"http:\/\/gite-bourdettes-auvillar.com\/wp-content\/uploads\/2019\/05\/halle-511-1024x683.jpg\" alt=\"\" width=\"462\" height=\"308\" srcset=\"https:\/\/gite-bourdettes-auvillar.com\/wp-content\/uploads\/2019\/05\/halle-511-1024x683.jpg 1024w, https:\/\/gite-bourdettes-auvillar.com\/wp-content\/uploads\/2019\/05\/halle-511-300x200.jpg 300w, https:\/\/gite-bourdettes-auvillar.com\/wp-content\/uploads\/2019\/05\/halle-511-768x512.jpg 768w, https:\/\/gite-bourdettes-auvillar.com\/wp-content\/uploads\/2019\/05\/halle-511-800x533.jpg 800w\" sizes=\"auto, (max-width: 462px) 100vw, 462px\" \/><\/a><\/p>\n<p style=\"text-align: center;\"><a href=\"http:\/\/gite-bourdettes-auvillar.com\/wp-content\/uploads\/2019\/05\/tour-106.jpg\"><img loading=\"lazy\" decoding=\"async\" class=\"aligncenter wp-image-634 \" src=\"http:\/\/gite-bourdettes-auvillar.com\/wp-content\/uploads\/2019\/05\/tour-106-1024x691.jpg\" alt=\"\" width=\"495\" height=\"334\" srcset=\"https:\/\/gite-bourdettes-auvillar.com\/wp-content\/uploads\/2019\/05\/tour-106-1024x691.jpg 1024w, https:\/\/gite-bourdettes-auvillar.com\/wp-content\/uploads\/2019\/05\/tour-106-300x202.jpg 300w, https:\/\/gite-bourdettes-auvillar.com\/wp-content\/uploads\/2019\/05\/tour-106-768x518.jpg 768w, https:\/\/gite-bourdettes-auvillar.com\/wp-content\/uploads\/2019\/05\/tour-106-800x540.jpg 800w\" sizes=\"auto, (max-width: 495px) 100vw, 495px\" \/><\/a><\/p>\n","protected":false},"excerpt":{"rendered":"<p>La magn\u00edfica ciudad de Auvillar, entre Toulouse y Burdeos, con vistas al valle del Garona en el suroeste de Francia, es uno de los pueblos m\u00e1s bellos de Francia, un centro tur\u00edstico y art\u00edstico de la regi\u00f3n de Occitania. Tambi\u00e9n es una parada imprescindible en los caminos de Santiago de Compostela. Una casa rural muy famosa y confortable ofrece 16<\/p>\n<p><a class=\"more-link\" href=\"https:\/\/gite-bourdettes-auvillar.com\/es\/auvillar\/\">Leer m\u00e1s<\/a><\/p>\n","protected":false},"author":1,"featured_media":0,"parent":0,"menu_order":6,"comment_status":"closed","ping_status":"closed","template":"","meta":{"footnotes":""},"class_list":["post-152","page","type-page","status-publish","hentry"],"yoast_head":"<!-- This site is optimized with the Yoast SEO plugin v25.2 - https:\/\/yoast.com\/wordpress\/plugins\/seo\/ -->\n<title>Auvillar - Gite Les Bourdettes ***<\/title>\n<meta name=\"description\" content=\"Auvillar\" \/>\n<meta name=\"robots\" content=\"index, follow, max-snippet:-1, max-image-preview:large, max-video-preview:-1\" \/>\n<link rel=\"canonical\" href=\"https:\/\/gite-bourdettes-auvillar.com\/es\/auvillar\/\" \/>\n<meta property=\"og:locale\" content=\"es_ES\" \/>\n<meta property=\"og:locale:alternate\" content=\"en_GB\" \/>\n<meta property=\"og:locale:alternate\" content=\"de_DE\" \/>\n<meta property=\"og:locale:alternate\" content=\"fr_FR\" \/>\n<meta property=\"og:type\" content=\"article\" \/>\n<meta property=\"og:title\" content=\"Auvillar\" \/>\n<meta property=\"og:description\" content=\"Auvillar\" \/>\n<meta property=\"og:url\" content=\"https:\/\/gite-bourdettes-auvillar.com\/es\/auvillar\/\" \/>\n<meta property=\"og:site_name\" content=\"Gite Les Bourdettes ***\" \/>\n<meta property=\"article:modified_time\" content=\"2020-06-15T06:15:50+00:00\" \/>\n<meta property=\"og:image\" content=\"http:\/\/gite-bourdettes-auvillar.com\/wp-content\/uploads\/2019\/05\/paysage-1024x476.jpg\" \/>\n<meta name=\"twitter:card\" content=\"summary_large_image\" \/>\n<meta name=\"twitter:label1\" content=\"Tiempo de lectura\" \/>\n\t<meta name=\"twitter:data1\" content=\"12 minutos\" \/>\n<script type=\"application\/ld+json\" class=\"yoast-schema-graph\">{\"@context\":\"https:\/\/schema.org\",\"@graph\":[{\"@type\":\"WebPage\",\"@id\":\"https:\/\/gite-bourdettes-auvillar.com\/auvillar\/\",\"url\":\"https:\/\/gite-bourdettes-auvillar.com\/auvillar\/\",\"name\":\"Auvillar\",\"isPartOf\":{\"@id\":\"https:\/\/gite-bourdettes-auvillar.com\/#website\"},\"primaryImageOfPage\":{\"@id\":\"https:\/\/gite-bourdettes-auvillar.com\/auvillar\/#primaryimage\"},\"image\":{\"@id\":\"https:\/\/gite-bourdettes-auvillar.com\/auvillar\/#primaryimage\"},\"thumbnailUrl\":\"http:\/\/gite-bourdettes-auvillar.com\/wp-content\/uploads\/2019\/05\/paysage-1024x476.jpg\",\"datePublished\":\"2018-05-17T11:24:34+00:00\",\"dateModified\":\"2020-06-15T06:15:50+00:00\",\"description\":\"Auvillar\",\"breadcrumb\":{\"@id\":\"https:\/\/gite-bourdettes-auvillar.com\/auvillar\/#breadcrumb\"},\"inLanguage\":\"es-ES\",\"potentialAction\":[{\"@type\":\"ReadAction\",\"target\":[\"https:\/\/gite-bourdettes-auvillar.com\/auvillar\/\"]}]},{\"@type\":\"ImageObject\",\"inLanguage\":\"es-ES\",\"@id\":\"https:\/\/gite-bourdettes-auvillar.com\/auvillar\/#primaryimage\",\"url\":\"http:\/\/gite-bourdettes-auvillar.com\/wp-content\/uploads\/2019\/05\/paysage-1024x476.jpg\",\"contentUrl\":\"http:\/\/gite-bourdettes-auvillar.com\/wp-content\/uploads\/2019\/05\/paysage-1024x476.jpg\"},{\"@type\":\"BreadcrumbList\",\"@id\":\"https:\/\/gite-bourdettes-auvillar.com\/auvillar\/#breadcrumb\",\"itemListElement\":[{\"@type\":\"ListItem\",\"position\":1,\"name\":\"Accueil\",\"item\":\"https:\/\/gite-bourdettes-auvillar.com\/\"},{\"@type\":\"ListItem\",\"position\":2,\"name\":\"Auvillar\"}]},{\"@type\":\"WebSite\",\"@id\":\"https:\/\/gite-bourdettes-auvillar.com\/#website\",\"url\":\"https:\/\/gite-bourdettes-auvillar.com\/\",\"name\":\"Gite Les Bourdettes ***\",\"description\":\"Auvillar, un des Plus Beaux Village de France dans le Tarn et Garonne en Occitanie\",\"potentialAction\":[{\"@type\":\"SearchAction\",\"target\":{\"@type\":\"EntryPoint\",\"urlTemplate\":\"https:\/\/gite-bourdettes-auvillar.com\/?s={search_term_string}\"},\"query-input\":{\"@type\":\"PropertyValueSpecification\",\"valueRequired\":true,\"valueName\":\"search_term_string\"}}],\"inLanguage\":\"es-ES\"}]}<\/script>\n<!-- \/ Yoast SEO plugin. -->","yoast_head_json":{"title":"Auvillar - Gite Les Bourdettes ***","description":"[:en]Auvillar[:fr]Auvillar[:]","robots":{"index":"index","follow":"follow","max-snippet":"max-snippet:-1","max-image-preview":"max-image-preview:large","max-video-preview":"max-video-preview:-1"},"canonical":"https:\/\/gite-bourdettes-auvillar.com\/es\/auvillar\/","og_locale":"es_ES","og_type":"article","og_title":"[:en]Auvillar[:fr]Auvillar[:] - Gite Les Bourdettes ***","og_description":"[:en]Auvillar[:fr]Auvillar[:]","og_url":"https:\/\/gite-bourdettes-auvillar.com\/es\/auvillar\/","og_site_name":"Gite Les Bourdettes ***","article_modified_time":"2020-06-15T06:15:50+00:00","og_image":[{"url":"http:\/\/gite-bourdettes-auvillar.com\/wp-content\/uploads\/2019\/05\/paysage-1024x476.jpg","type":"","width":"","height":""}],"twitter_card":"summary_large_image","twitter_misc":{"Tiempo de lectura":"12 minutos"},"schema":{"@context":"https:\/\/schema.org","@graph":[{"@type":"WebPage","@id":"https:\/\/gite-bourdettes-auvillar.com\/auvillar\/","url":"https:\/\/gite-bourdettes-auvillar.com\/auvillar\/","name":"Auvillar","isPartOf":{"@id":"https:\/\/gite-bourdettes-auvillar.com\/#website"},"primaryImageOfPage":{"@id":"https:\/\/gite-bourdettes-auvillar.com\/auvillar\/#primaryimage"},"image":{"@id":"https:\/\/gite-bourdettes-auvillar.com\/auvillar\/#primaryimage"},"thumbnailUrl":"http:\/\/gite-bourdettes-auvillar.com\/wp-content\/uploads\/2019\/05\/paysage-1024x476.jpg","datePublished":"2018-05-17T11:24:34+00:00","dateModified":"2020-06-15T06:15:50+00:00","description":"Auvillar","breadcrumb":{"@id":"https:\/\/gite-bourdettes-auvillar.com\/auvillar\/#breadcrumb"},"inLanguage":"es-ES","potentialAction":[{"@type":"ReadAction","target":["https:\/\/gite-bourdettes-auvillar.com\/auvillar\/"]}]},{"@type":"ImageObject","inLanguage":"es-ES","@id":"https:\/\/gite-bourdettes-auvillar.com\/auvillar\/#primaryimage","url":"http:\/\/gite-bourdettes-auvillar.com\/wp-content\/uploads\/2019\/05\/paysage-1024x476.jpg","contentUrl":"http:\/\/gite-bourdettes-auvillar.com\/wp-content\/uploads\/2019\/05\/paysage-1024x476.jpg"},{"@type":"BreadcrumbList","@id":"https:\/\/gite-bourdettes-auvillar.com\/auvillar\/#breadcrumb","itemListElement":[{"@type":"ListItem","position":1,"name":"Accueil","item":"https:\/\/gite-bourdettes-auvillar.com\/"},{"@type":"ListItem","position":2,"name":"Auvillar"}]},{"@type":"WebSite","@id":"https:\/\/gite-bourdettes-auvillar.com\/#website","url":"https:\/\/gite-bourdettes-auvillar.com\/","name":"Gite Les Bourdettes ***","description":"Auvillar, un des Plus Beaux Village de France dans le Tarn et Garonne en Occitanie","potentialAction":[{"@type":"SearchAction","target":{"@type":"EntryPoint","urlTemplate":"https:\/\/gite-bourdettes-auvillar.com\/?s={search_term_string}"},"query-input":{"@type":"PropertyValueSpecification","valueRequired":true,"valueName":"search_term_string"}}],"inLanguage":"es-ES"}]}},"_links":{"self":[{"href":"https:\/\/gite-bourdettes-auvillar.com\/es\/wp-json\/wp\/v2\/pages\/152","targetHints":{"allow":["GET"]}}],"collection":[{"href":"https:\/\/gite-bourdettes-auvillar.com\/es\/wp-json\/wp\/v2\/pages"}],"about":[{"href":"https:\/\/gite-bourdettes-auvillar.com\/es\/wp-json\/wp\/v2\/types\/page"}],"author":[{"embeddable":true,"href":"https:\/\/gite-bourdettes-auvillar.com\/es\/wp-json\/wp\/v2\/users\/1"}],"replies":[{"embeddable":true,"href":"https:\/\/gite-bourdettes-auvillar.com\/es\/wp-json\/wp\/v2\/comments?post=152"}],"version-history":[{"count":18,"href":"https:\/\/gite-bourdettes-auvillar.com\/es\/wp-json\/wp\/v2\/pages\/152\/revisions"}],"predecessor-version":[{"id":994,"href":"https:\/\/gite-bourdettes-auvillar.com\/es\/wp-json\/wp\/v2\/pages\/152\/revisions\/994"}],"wp:attachment":[{"href":"https:\/\/gite-bourdettes-auvillar.com\/es\/wp-json\/wp\/v2\/media?parent=152"}],"curies":[{"name":"wp","href":"https:\/\/api.w.org\/{rel}","templated":true}]}}