{"id":19,"date":"2018-05-06T09:12:00","date_gmt":"2018-05-06T07:12:00","guid":{"rendered":"http:\/\/gite-bourdettes-auvillar.com\/?page_id=19"},"modified":"2023-11-28T11:48:40","modified_gmt":"2023-11-28T10:48:40","slug":"gite-auvillar","status":"publish","type":"page","link":"https:\/\/gite-bourdettes-auvillar.com\/es\/gite-auvillar\/","title":{"rendered":"La casa de Campo"},"content":{"rendered":"<p>La casa rural de 75 m\u00b2, ubicada en las alturas de Auvillar, es una casa de estructura de madera con fachadas de revestimiento de madera, construida en 2018 y accesible por un camino privado.<br \/>\nNuestra casa tiene una terraza de 11m por 3m, con magn\u00edficas vistas del valle del Garona.<br \/>\nEn el interior, un dormitorio para padres con una cama de 140 cm, un dormitorio para ni\u00f1os con dos literas y una cama de 90 cm (dormitorio equipado con una biblioteca con libros, DVD, juegos y una caja de juguetes), un comedor \/ sala de estar y cocina abierta, despensa con lavadora (sin secadora pero con tendedero), WC secundario, cuna, mesa para cambiar pa\u00f1ales, trona, plancha y tabla de planchar. Cama supletoria infantil plegable.<br \/>\nCapacidad: 2 adultos y 3 ni\u00f1os (+ 1 ni\u00f1o con cama supletoria + beb\u00e9 posiblemente)<br \/>\nBa\u00f1o con doble lavabo, cabina de ducha completa y WC suspendido.<br \/>\nTelevisi\u00f3n en todas las habitaciones.<br \/>\nWIFI gratuito por punto de acceso<br \/>\nEn el exterior, junto a la cochera cubierta, todo en una parcela con flores ligeramente inclinada de 1000m\u00b2.<\/p>\n<p>El agua caliente es suministrada por un calentador de agua termodin\u00e1mico. Calefacci\u00f3n por bomba de calor que se convierte en aire acondicionado en verano si es necesario.<\/p>\n<p>La caba\u00f1a no es realmente adecuada para personas con movilidad reducida, incluso si todo est\u00e1 en un nivel, hay un paso para ingresar a la cabina de ducha y la silla de ruedas no puede acceder a las habitaciones.<\/p>\n<p>Por el viento del este, desde la terraza, se puede escuchar el ruido de la carretera (no obstante invisible).<\/p>\n<p>Fiestas, historia, servicios en Auvillar : <a href=\"http:\/\/www.auvillar.fr\" target=\"_blank\" rel=\"noopener noreferrer\">www.auvillar.fr<\/a> y <a href=\"http:\/\/www.auvillar.com\" target=\"_blank\" rel=\"noopener noreferrer\">www.auvillar.com<\/a><\/p>\n<hr \/>\n<p style=\"text-align: center;\">Mapa de la casa rural<\/p>\n<p><img loading=\"lazy\" decoding=\"async\" class=\"aligncenter size-full wp-image-1253\" src=\"https:\/\/gite-bourdettes-auvillar.com\/wp-content\/uploads\/2023\/11\/plan-gite.jpg\" alt=\"\" width=\"907\" height=\"641\" srcset=\"https:\/\/gite-bourdettes-auvillar.com\/wp-content\/uploads\/2023\/11\/plan-gite.jpg 907w, https:\/\/gite-bourdettes-auvillar.com\/wp-content\/uploads\/2023\/11\/plan-gite-300x212.jpg 300w, https:\/\/gite-bourdettes-auvillar.com\/wp-content\/uploads\/2023\/11\/plan-gite-768x543.jpg 768w, https:\/\/gite-bourdettes-auvillar.com\/wp-content\/uploads\/2023\/11\/plan-gite-800x565.jpg 800w\" sizes=\"auto, (max-width: 907px) 100vw, 907px\" \/><\/p>\n\r\n\t\t<style type='text\/css'>\r\n\t\t\t#gallery-1 {\r\n\t\t\t\tmargin: auto;\r\n\t\t\t}\r\n\t\t\t#gallery-1 .gallery-item {\r\n\t\t\t\tfloat: left;\r\n\t\t\t\tmargin-top: 10px;\r\n\t\t\t\ttext-align: center;\r\n\t\t\t\twidth: 25%;\r\n\t\t\t}\r\n\t\t\t#gallery-1 img {\r\n\t\t\t\tborder: 2px solid #cfcfcf;\r\n\t\t\t}\r\n\t\t\t#gallery-1 .gallery-caption {\r\n\t\t\t\tmargin-left: 0;\r\n\t\t\t}\r\n\t\t\t\/* see gallery_shortcode() in wp-includes\/media.php *\/\r\n\t\t<\/style>\n\t\t<div id='gallery-1' class='gallery galleryid-19 gallery-columns-4 gallery-size-thumbnail'><dl class='gallery-item'>\r\n\t\t\t<dt class='gallery-icon landscape'>\r\n\t\t\t\t<a href='https:\/\/gite-bourdettes-auvillar.com\/wp-content\/uploads\/2018\/07\/gite-300.jpg'><img loading=\"lazy\" decoding=\"async\" width=\"150\" height=\"150\" src=\"https:\/\/gite-bourdettes-auvillar.com\/wp-content\/uploads\/2018\/07\/gite-300-150x150.jpg\" class=\"attachment-thumbnail size-thumbnail\" alt=\"\" \/><\/a>\r\n\t\t\t<\/dt><\/dl><dl class='gallery-item'>\r\n\t\t\t<dt class='gallery-icon landscape'>\r\n\t\t\t\t<a href='https:\/\/gite-bourdettes-auvillar.com\/wp-content\/uploads\/2018\/07\/gite-217.jpg'><img loading=\"lazy\" decoding=\"async\" width=\"150\" height=\"150\" src=\"https:\/\/gite-bourdettes-auvillar.com\/wp-content\/uploads\/2018\/07\/gite-217-150x150.jpg\" class=\"attachment-thumbnail size-thumbnail\" alt=\"\" \/><\/a>\r\n\t\t\t<\/dt><\/dl><dl class='gallery-item'>\r\n\t\t\t<dt class='gallery-icon landscape'>\r\n\t\t\t\t<a href='https:\/\/gite-bourdettes-auvillar.com\/wp-content\/uploads\/2018\/07\/gite-215.jpg'><img loading=\"lazy\" decoding=\"async\" width=\"150\" height=\"150\" src=\"https:\/\/gite-bourdettes-auvillar.com\/wp-content\/uploads\/2018\/07\/gite-215-150x150.jpg\" class=\"attachment-thumbnail size-thumbnail\" alt=\"\" \/><\/a>\r\n\t\t\t<\/dt><\/dl><dl class='gallery-item'>\r\n\t\t\t<dt class='gallery-icon landscape'>\r\n\t\t\t\t<a href='https:\/\/gite-bourdettes-auvillar.com\/wp-content\/uploads\/2018\/07\/gite-213.jpg'><img loading=\"lazy\" decoding=\"async\" width=\"150\" height=\"150\" src=\"https:\/\/gite-bourdettes-auvillar.com\/wp-content\/uploads\/2018\/07\/gite-213-150x150.jpg\" class=\"attachment-thumbnail size-thumbnail\" alt=\"\" \/><\/a>\r\n\t\t\t<\/dt><\/dl><br style=\"clear: both\" \/><dl class='gallery-item'>\r\n\t\t\t<dt class='gallery-icon landscape'>\r\n\t\t\t\t<a href='https:\/\/gite-bourdettes-auvillar.com\/wp-content\/uploads\/2018\/07\/gite-212.jpg'><img loading=\"lazy\" decoding=\"async\" width=\"150\" height=\"150\" src=\"https:\/\/gite-bourdettes-auvillar.com\/wp-content\/uploads\/2018\/07\/gite-212-150x150.jpg\" class=\"attachment-thumbnail size-thumbnail\" alt=\"\" \/><\/a>\r\n\t\t\t<\/dt><\/dl><dl class='gallery-item'>\r\n\t\t\t<dt class='gallery-icon landscape'>\r\n\t\t\t\t<a href='https:\/\/gite-bourdettes-auvillar.com\/wp-content\/uploads\/2018\/07\/gite-211.jpg'><img loading=\"lazy\" decoding=\"async\" width=\"150\" height=\"150\" src=\"https:\/\/gite-bourdettes-auvillar.com\/wp-content\/uploads\/2018\/07\/gite-211-150x150.jpg\" class=\"attachment-thumbnail size-thumbnail\" alt=\"\" \/><\/a>\r\n\t\t\t<\/dt><\/dl><dl class='gallery-item'>\r\n\t\t\t<dt class='gallery-icon landscape'>\r\n\t\t\t\t<a href='https:\/\/gite-bourdettes-auvillar.com\/wp-content\/uploads\/2018\/07\/gite-209.jpg'><img loading=\"lazy\" decoding=\"async\" width=\"150\" height=\"150\" src=\"https:\/\/gite-bourdettes-auvillar.com\/wp-content\/uploads\/2018\/07\/gite-209-150x150.jpg\" class=\"attachment-thumbnail size-thumbnail\" alt=\"\" \/><\/a>\r\n\t\t\t<\/dt><\/dl><dl class='gallery-item'>\r\n\t\t\t<dt class='gallery-icon landscape'>\r\n\t\t\t\t<a href='https:\/\/gite-bourdettes-auvillar.com\/wp-content\/uploads\/2018\/07\/gite-207.jpg'><img loading=\"lazy\" decoding=\"async\" width=\"150\" height=\"150\" src=\"https:\/\/gite-bourdettes-auvillar.com\/wp-content\/uploads\/2018\/07\/gite-207-150x150.jpg\" class=\"attachment-thumbnail size-thumbnail\" alt=\"\" \/><\/a>\r\n\t\t\t<\/dt><\/dl><br style=\"clear: both\" \/><dl class='gallery-item'>\r\n\t\t\t<dt class='gallery-icon portrait'>\r\n\t\t\t\t<a href='https:\/\/gite-bourdettes-auvillar.com\/wp-content\/uploads\/2018\/07\/gite-206.jpg'><img loading=\"lazy\" decoding=\"async\" width=\"150\" height=\"150\" src=\"https:\/\/gite-bourdettes-auvillar.com\/wp-content\/uploads\/2018\/07\/gite-206-150x150.jpg\" class=\"attachment-thumbnail size-thumbnail\" alt=\"\" \/><\/a>\r\n\t\t\t<\/dt><\/dl><dl class='gallery-item'>\r\n\t\t\t<dt class='gallery-icon portrait'>\r\n\t\t\t\t<a href='https:\/\/gite-bourdettes-auvillar.com\/wp-content\/uploads\/2018\/07\/gite-205.jpg'><img loading=\"lazy\" decoding=\"async\" width=\"150\" height=\"150\" src=\"https:\/\/gite-bourdettes-auvillar.com\/wp-content\/uploads\/2018\/07\/gite-205-150x150.jpg\" class=\"attachment-thumbnail size-thumbnail\" alt=\"\" \/><\/a>\r\n\t\t\t<\/dt><\/dl><dl class='gallery-item'>\r\n\t\t\t<dt class='gallery-icon landscape'>\r\n\t\t\t\t<a href='https:\/\/gite-bourdettes-auvillar.com\/wp-content\/uploads\/2018\/07\/gite-204.jpg'><img loading=\"lazy\" decoding=\"async\" width=\"150\" height=\"150\" src=\"https:\/\/gite-bourdettes-auvillar.com\/wp-content\/uploads\/2018\/07\/gite-204-150x150.jpg\" class=\"attachment-thumbnail size-thumbnail\" alt=\"\" \/><\/a>\r\n\t\t\t<\/dt><\/dl><dl class='gallery-item'>\r\n\t\t\t<dt class='gallery-icon portrait'>\r\n\t\t\t\t<a href='https:\/\/gite-bourdettes-auvillar.com\/wp-content\/uploads\/2018\/07\/gite-203.jpg'><img loading=\"lazy\" decoding=\"async\" width=\"150\" height=\"150\" src=\"https:\/\/gite-bourdettes-auvillar.com\/wp-content\/uploads\/2018\/07\/gite-203-150x150.jpg\" class=\"attachment-thumbnail size-thumbnail\" alt=\"\" \/><\/a>\r\n\t\t\t<\/dt><\/dl><br style=\"clear: both\" \/><dl class='gallery-item'>\r\n\t\t\t<dt class='gallery-icon landscape'>\r\n\t\t\t\t<a href='https:\/\/gite-bourdettes-auvillar.com\/wp-content\/uploads\/2018\/07\/gite-202.jpg'><img loading=\"lazy\" decoding=\"async\" width=\"150\" height=\"150\" src=\"https:\/\/gite-bourdettes-auvillar.com\/wp-content\/uploads\/2018\/07\/gite-202-150x150.jpg\" class=\"attachment-thumbnail size-thumbnail\" alt=\"\" \/><\/a>\r\n\t\t\t<\/dt><\/dl><dl class='gallery-item'>\r\n\t\t\t<dt class='gallery-icon landscape'>\r\n\t\t\t\t<a href='https:\/\/gite-bourdettes-auvillar.com\/wp-content\/uploads\/2018\/07\/gite-201.jpg'><img loading=\"lazy\" decoding=\"async\" width=\"150\" height=\"150\" src=\"https:\/\/gite-bourdettes-auvillar.com\/wp-content\/uploads\/2018\/07\/gite-201-150x150.jpg\" class=\"attachment-thumbnail size-thumbnail\" alt=\"\" \/><\/a>\r\n\t\t\t<\/dt><\/dl><dl class='gallery-item'>\r\n\t\t\t<dt class='gallery-icon landscape'>\r\n\t\t\t\t<a href='https:\/\/gite-bourdettes-auvillar.com\/wp-content\/uploads\/2018\/07\/gite-316.jpg'><img loading=\"lazy\" decoding=\"async\" width=\"150\" height=\"150\" src=\"https:\/\/gite-bourdettes-auvillar.com\/wp-content\/uploads\/2018\/07\/gite-316-150x150.jpg\" class=\"attachment-thumbnail size-thumbnail\" alt=\"\" \/><\/a>\r\n\t\t\t<\/dt><\/dl><dl class='gallery-item'>\r\n\t\t\t<dt class='gallery-icon landscape'>\r\n\t\t\t\t<a href='https:\/\/gite-bourdettes-auvillar.com\/wp-content\/uploads\/2018\/07\/gite-320.jpg'><img loading=\"lazy\" decoding=\"async\" width=\"150\" height=\"150\" src=\"https:\/\/gite-bourdettes-auvillar.com\/wp-content\/uploads\/2018\/07\/gite-320-150x150.jpg\" class=\"attachment-thumbnail size-thumbnail\" alt=\"\" \/><\/a>\r\n\t\t\t<\/dt><\/dl><br style=\"clear: both\" \/><dl class='gallery-item'>\r\n\t\t\t<dt class='gallery-icon portrait'>\r\n\t\t\t\t<a href='https:\/\/gite-bourdettes-auvillar.com\/wp-content\/uploads\/2018\/07\/gite-321.jpg'><img loading=\"lazy\" decoding=\"async\" width=\"150\" height=\"150\" src=\"https:\/\/gite-bourdettes-auvillar.com\/wp-content\/uploads\/2018\/07\/gite-321-150x150.jpg\" class=\"attachment-thumbnail size-thumbnail\" alt=\"\" \/><\/a>\r\n\t\t\t<\/dt><\/dl><dl class='gallery-item'>\r\n\t\t\t<dt class='gallery-icon landscape'>\r\n\t\t\t\t<a href='https:\/\/gite-bourdettes-auvillar.com\/wp-content\/uploads\/2018\/07\/gite-301.jpg'><img loading=\"lazy\" decoding=\"async\" width=\"150\" height=\"150\" src=\"https:\/\/gite-bourdettes-auvillar.com\/wp-content\/uploads\/2018\/07\/gite-301-150x150.jpg\" class=\"attachment-thumbnail size-thumbnail\" alt=\"\" \/><\/a>\r\n\t\t\t<\/dt><\/dl><dl class='gallery-item'>\r\n\t\t\t<dt class='gallery-icon landscape'>\r\n\t\t\t\t<a href='https:\/\/gite-bourdettes-auvillar.com\/wp-content\/uploads\/2018\/07\/gite-312.jpg'><img loading=\"lazy\" decoding=\"async\" width=\"150\" height=\"150\" src=\"https:\/\/gite-bourdettes-auvillar.com\/wp-content\/uploads\/2018\/07\/gite-312-150x150.jpg\" class=\"attachment-thumbnail size-thumbnail\" alt=\"\" \/><\/a>\r\n\t\t\t<\/dt><\/dl><dl class='gallery-item'>\r\n\t\t\t<dt class='gallery-icon landscape'>\r\n\t\t\t\t<a href='https:\/\/gite-bourdettes-auvillar.com\/wp-content\/uploads\/2020\/05\/gite-03.jpg'><img loading=\"lazy\" decoding=\"async\" width=\"150\" height=\"150\" src=\"https:\/\/gite-bourdettes-auvillar.com\/wp-content\/uploads\/2020\/05\/gite-03-150x150.jpg\" class=\"attachment-thumbnail size-thumbnail\" alt=\"\" \/><\/a>\r\n\t\t\t<\/dt><\/dl><br style=\"clear: both\" \/><dl class='gallery-item'>\r\n\t\t\t<dt class='gallery-icon landscape'>\r\n\t\t\t\t<a href='https:\/\/gite-bourdettes-auvillar.com\/wp-content\/uploads\/2018\/07\/gite-316-1.jpg'><img loading=\"lazy\" decoding=\"async\" width=\"150\" height=\"150\" src=\"https:\/\/gite-bourdettes-auvillar.com\/wp-content\/uploads\/2018\/07\/gite-316-1-150x150.jpg\" class=\"attachment-thumbnail size-thumbnail\" alt=\"\" \/><\/a>\r\n\t\t\t<\/dt><\/dl><dl class='gallery-item'>\r\n\t\t\t<dt class='gallery-icon landscape'>\r\n\t\t\t\t<a href='https:\/\/gite-bourdettes-auvillar.com\/wp-content\/uploads\/2018\/07\/gite-317.jpg'><img loading=\"lazy\" decoding=\"async\" width=\"150\" height=\"150\" src=\"https:\/\/gite-bourdettes-auvillar.com\/wp-content\/uploads\/2018\/07\/gite-317-150x150.jpg\" class=\"attachment-thumbnail size-thumbnail\" alt=\"\" \/><\/a>\r\n\t\t\t<\/dt><\/dl><dl class='gallery-item'>\r\n\t\t\t<dt class='gallery-icon landscape'>\r\n\t\t\t\t<a href='https:\/\/gite-bourdettes-auvillar.com\/wp-content\/uploads\/2018\/07\/gite-318.jpg'><img loading=\"lazy\" decoding=\"async\" width=\"150\" height=\"150\" src=\"https:\/\/gite-bourdettes-auvillar.com\/wp-content\/uploads\/2018\/07\/gite-318-150x150.jpg\" class=\"attachment-thumbnail size-thumbnail\" alt=\"\" \/><\/a>\r\n\t\t\t<\/dt><\/dl><dl class='gallery-item'>\r\n\t\t\t<dt class='gallery-icon landscape'>\r\n\t\t\t\t<a href='https:\/\/gite-bourdettes-auvillar.com\/wp-content\/uploads\/2018\/07\/gite-319.jpg'><img loading=\"lazy\" decoding=\"async\" width=\"150\" height=\"150\" src=\"https:\/\/gite-bourdettes-auvillar.com\/wp-content\/uploads\/2018\/07\/gite-319-150x150.jpg\" class=\"attachment-thumbnail size-thumbnail\" alt=\"\" \/><\/a>\r\n\t\t\t<\/dt><\/dl><br style=\"clear: both\" \/><dl class='gallery-item'>\r\n\t\t\t<dt class='gallery-icon landscape'>\r\n\t\t\t\t<a href='https:\/\/gite-bourdettes-auvillar.com\/wp-content\/uploads\/2018\/07\/terrain-02-1.jpg'><img loading=\"lazy\" decoding=\"async\" width=\"150\" height=\"150\" src=\"https:\/\/gite-bourdettes-auvillar.com\/wp-content\/uploads\/2018\/07\/terrain-02-1-150x150.jpg\" class=\"attachment-thumbnail size-thumbnail\" alt=\"\" \/><\/a>\r\n\t\t\t<\/dt><\/dl><dl class='gallery-item'>\r\n\t\t\t<dt class='gallery-icon landscape'>\r\n\t\t\t\t<a href='https:\/\/gite-bourdettes-auvillar.com\/wp-content\/uploads\/2018\/07\/terrain-06.jpg'><img loading=\"lazy\" decoding=\"async\" width=\"150\" height=\"150\" src=\"https:\/\/gite-bourdettes-auvillar.com\/wp-content\/uploads\/2018\/07\/terrain-06-150x150.jpg\" class=\"attachment-thumbnail size-thumbnail\" alt=\"\" \/><\/a>\r\n\t\t\t<\/dt><\/dl><dl class='gallery-item'>\r\n\t\t\t<dt class='gallery-icon landscape'>\r\n\t\t\t\t<a href='https:\/\/gite-bourdettes-auvillar.com\/wp-content\/uploads\/2020\/05\/gite-01-1.jpg'><img loading=\"lazy\" decoding=\"async\" width=\"150\" height=\"150\" src=\"https:\/\/gite-bourdettes-auvillar.com\/wp-content\/uploads\/2020\/05\/gite-01-1-150x150.jpg\" class=\"attachment-thumbnail size-thumbnail\" alt=\"\" \/><\/a>\r\n\t\t\t<\/dt><\/dl><dl class='gallery-item'>\r\n\t\t\t<dt class='gallery-icon landscape'>\r\n\t\t\t\t<a href='https:\/\/gite-bourdettes-auvillar.com\/wp-content\/uploads\/2020\/05\/gite-04.jpg'><img loading=\"lazy\" decoding=\"async\" width=\"150\" height=\"150\" src=\"https:\/\/gite-bourdettes-auvillar.com\/wp-content\/uploads\/2020\/05\/gite-04-150x150.jpg\" class=\"attachment-thumbnail size-thumbnail\" alt=\"\" \/><\/a>\r\n\t\t\t<\/dt><\/dl><br style=\"clear: both\" \/><dl class='gallery-item'>\r\n\t\t\t<dt class='gallery-icon landscape'>\r\n\t\t\t\t<a href='https:\/\/gite-bourdettes-auvillar.com\/wp-content\/uploads\/2020\/05\/gite-05.jpg'><img loading=\"lazy\" decoding=\"async\" width=\"150\" height=\"150\" src=\"https:\/\/gite-bourdettes-auvillar.com\/wp-content\/uploads\/2020\/05\/gite-05-150x150.jpg\" class=\"attachment-thumbnail size-thumbnail\" alt=\"\" \/><\/a>\r\n\t\t\t<\/dt><\/dl><dl class='gallery-item'>\r\n\t\t\t<dt class='gallery-icon landscape'>\r\n\t\t\t\t<a href='https:\/\/gite-bourdettes-auvillar.com\/wp-content\/uploads\/2020\/05\/gite-07.jpg'><img loading=\"lazy\" decoding=\"async\" width=\"150\" height=\"150\" src=\"https:\/\/gite-bourdettes-auvillar.com\/wp-content\/uploads\/2020\/05\/gite-07-150x150.jpg\" class=\"attachment-thumbnail size-thumbnail\" alt=\"\" \/><\/a>\r\n\t\t\t<\/dt><\/dl><br style=\"clear: both\" \/><\/div>\n\n","protected":false},"excerpt":{"rendered":"<p>La casa rural de 75 m\u00b2, ubicada en las alturas de Auvillar, es una casa de estructura de madera con fachadas de revestimiento de madera, construida en 2018 y accesible por un camino privado. Nuestra casa tiene una terraza de 11m por 3m, con magn\u00edficas vistas del valle del Garona. En el interior, un dormitorio para padres con una cama<\/p>\n<p><a class=\"more-link\" href=\"https:\/\/gite-bourdettes-auvillar.com\/es\/gite-auvillar\/\">Leer m\u00e1s<\/a><\/p>\n","protected":false},"author":1,"featured_media":0,"parent":0,"menu_order":1,"comment_status":"closed","ping_status":"closed","template":"","meta":{"footnotes":""},"class_list":["post-19","page","type-page","status-publish","hentry"],"yoast_head":"<!-- This site is optimized with the Yoast SEO plugin v25.2 - https:\/\/yoast.com\/wordpress\/plugins\/seo\/ -->\n<title>G\u00eete les Bourdettes - Auvillar, plus beau village de France<\/title>\n<meta name=\"description\" content=\"A Auvillar, dans un des plus beaux villages de France, gite neuf avec point de vue sur la vall\u00e9e de la Garonne. Maison \u00e0 bardage en bois, grande terrasse.\" \/>\n<meta name=\"robots\" content=\"index, follow, max-snippet:-1, max-image-preview:large, max-video-preview:-1\" \/>\n<link rel=\"canonical\" href=\"https:\/\/gite-bourdettes-auvillar.com\/es\/gite-auvillar\/\" \/>\n<meta property=\"og:locale\" content=\"es_ES\" \/>\n<meta property=\"og:locale:alternate\" content=\"en_GB\" \/>\n<meta property=\"og:locale:alternate\" content=\"de_DE\" \/>\n<meta property=\"og:locale:alternate\" content=\"fr_FR\" \/>\n<meta property=\"og:type\" content=\"article\" \/>\n<meta property=\"og:title\" content=\"G\u00eete les Bourdettes - Auvillar, plus beau village de France\" \/>\n<meta property=\"og:description\" content=\"A Auvillar, dans un des plus beaux villages de France, gite neuf avec point de vue sur la vall\u00e9e de la Garonne. Maison \u00e0 bardage en bois, grande terrasse.\" \/>\n<meta property=\"og:url\" content=\"https:\/\/gite-bourdettes-auvillar.com\/es\/gite-auvillar\/\" \/>\n<meta property=\"og:site_name\" content=\"Gite Les Bourdettes ***\" \/>\n<meta property=\"article:modified_time\" content=\"2023-11-28T10:48:40+00:00\" \/>\n<meta property=\"og:image\" content=\"https:\/\/gite-bourdettes-auvillar.com\/wp-content\/uploads\/2018\/07\/gite-300-150x150.jpg\" \/>\n<meta name=\"twitter:card\" content=\"summary_large_image\" \/>\n<meta name=\"twitter:label1\" content=\"Tiempo de lectura\" \/>\n\t<meta name=\"twitter:data1\" content=\"2 minutos\" \/>\n<script type=\"application\/ld+json\" class=\"yoast-schema-graph\">{\"@context\":\"https:\/\/schema.org\",\"@graph\":[{\"@type\":\"WebPage\",\"@id\":\"https:\/\/gite-bourdettes-auvillar.com\/es\/gite-auvillar\/\",\"url\":\"https:\/\/gite-bourdettes-auvillar.com\/es\/gite-auvillar\/\",\"name\":\"G\u00eete les Bourdettes - Auvillar, plus beau village de France\",\"isPartOf\":{\"@id\":\"https:\/\/gite-bourdettes-auvillar.com\/#website\"},\"primaryImageOfPage\":{\"@id\":\"https:\/\/gite-bourdettes-auvillar.com\/es\/gite-auvillar\/#primaryimage\"},\"image\":{\"@id\":\"https:\/\/gite-bourdettes-auvillar.com\/es\/gite-auvillar\/#primaryimage\"},\"thumbnailUrl\":\"https:\/\/gite-bourdettes-auvillar.com\/wp-content\/uploads\/2023\/11\/plan-gite.jpg\",\"datePublished\":\"2018-05-06T07:12:00+00:00\",\"dateModified\":\"2023-11-28T10:48:40+00:00\",\"description\":\"A Auvillar, dans un des plus beaux villages de France, gite neuf avec point de vue sur la vall\u00e9e de la Garonne. Maison \u00e0 bardage en bois, grande terrasse.\",\"breadcrumb\":{\"@id\":\"https:\/\/gite-bourdettes-auvillar.com\/es\/gite-auvillar\/#breadcrumb\"},\"inLanguage\":\"es-ES\",\"potentialAction\":[{\"@type\":\"ReadAction\",\"target\":[\"https:\/\/gite-bourdettes-auvillar.com\/es\/gite-auvillar\/\"]}]},{\"@type\":\"ImageObject\",\"inLanguage\":\"es-ES\",\"@id\":\"https:\/\/gite-bourdettes-auvillar.com\/es\/gite-auvillar\/#primaryimage\",\"url\":\"https:\/\/gite-bourdettes-auvillar.com\/wp-content\/uploads\/2023\/11\/plan-gite.jpg\",\"contentUrl\":\"https:\/\/gite-bourdettes-auvillar.com\/wp-content\/uploads\/2023\/11\/plan-gite.jpg\"},{\"@type\":\"BreadcrumbList\",\"@id\":\"https:\/\/gite-bourdettes-auvillar.com\/es\/gite-auvillar\/#breadcrumb\",\"itemListElement\":[{\"@type\":\"ListItem\",\"position\":1,\"name\":\"Accueil\",\"item\":\"https:\/\/gite-bourdettes-auvillar.com\/\"},{\"@type\":\"ListItem\",\"position\":2,\"name\":\"La casa de Campo\"}]},{\"@type\":\"WebSite\",\"@id\":\"https:\/\/gite-bourdettes-auvillar.com\/#website\",\"url\":\"https:\/\/gite-bourdettes-auvillar.com\/\",\"name\":\"Gite Les Bourdettes ***\",\"description\":\"Auvillar, un des Plus Beaux Village de France dans le Tarn et Garonne en Occitanie\",\"potentialAction\":[{\"@type\":\"SearchAction\",\"target\":{\"@type\":\"EntryPoint\",\"urlTemplate\":\"https:\/\/gite-bourdettes-auvillar.com\/?s={search_term_string}\"},\"query-input\":{\"@type\":\"PropertyValueSpecification\",\"valueRequired\":true,\"valueName\":\"search_term_string\"}}],\"inLanguage\":\"es-ES\"}]}<\/script>\n<!-- \/ Yoast SEO plugin. -->","yoast_head_json":{"title":"G\u00eete les Bourdettes - Auvillar, plus beau village de France","description":"A Auvillar, dans un des plus beaux villages de France, gite neuf avec point de vue sur la vall\u00e9e de la Garonne. Maison \u00e0 bardage en bois, grande terrasse.","robots":{"index":"index","follow":"follow","max-snippet":"max-snippet:-1","max-image-preview":"max-image-preview:large","max-video-preview":"max-video-preview:-1"},"canonical":"https:\/\/gite-bourdettes-auvillar.com\/es\/gite-auvillar\/","og_locale":"es_ES","og_type":"article","og_title":"G\u00eete les Bourdettes - Auvillar, plus beau village de France","og_description":"A Auvillar, dans un des plus beaux villages de France, gite neuf avec point de vue sur la vall\u00e9e de la Garonne. Maison \u00e0 bardage en bois, grande terrasse.","og_url":"https:\/\/gite-bourdettes-auvillar.com\/es\/gite-auvillar\/","og_site_name":"Gite Les Bourdettes ***","article_modified_time":"2023-11-28T10:48:40+00:00","og_image":[{"url":"https:\/\/gite-bourdettes-auvillar.com\/wp-content\/uploads\/2018\/07\/gite-300-150x150.jpg","type":"","width":"","height":""}],"twitter_card":"summary_large_image","twitter_misc":{"Tiempo de lectura":"2 minutos"},"schema":{"@context":"https:\/\/schema.org","@graph":[{"@type":"WebPage","@id":"https:\/\/gite-bourdettes-auvillar.com\/es\/gite-auvillar\/","url":"https:\/\/gite-bourdettes-auvillar.com\/es\/gite-auvillar\/","name":"G\u00eete les Bourdettes - Auvillar, plus beau village de France","isPartOf":{"@id":"https:\/\/gite-bourdettes-auvillar.com\/#website"},"primaryImageOfPage":{"@id":"https:\/\/gite-bourdettes-auvillar.com\/es\/gite-auvillar\/#primaryimage"},"image":{"@id":"https:\/\/gite-bourdettes-auvillar.com\/es\/gite-auvillar\/#primaryimage"},"thumbnailUrl":"https:\/\/gite-bourdettes-auvillar.com\/wp-content\/uploads\/2023\/11\/plan-gite.jpg","datePublished":"2018-05-06T07:12:00+00:00","dateModified":"2023-11-28T10:48:40+00:00","description":"A Auvillar, dans un des plus beaux villages de France, gite neuf avec point de vue sur la vall\u00e9e de la Garonne. Maison \u00e0 bardage en bois, grande terrasse.","breadcrumb":{"@id":"https:\/\/gite-bourdettes-auvillar.com\/es\/gite-auvillar\/#breadcrumb"},"inLanguage":"es-ES","potentialAction":[{"@type":"ReadAction","target":["https:\/\/gite-bourdettes-auvillar.com\/es\/gite-auvillar\/"]}]},{"@type":"ImageObject","inLanguage":"es-ES","@id":"https:\/\/gite-bourdettes-auvillar.com\/es\/gite-auvillar\/#primaryimage","url":"https:\/\/gite-bourdettes-auvillar.com\/wp-content\/uploads\/2023\/11\/plan-gite.jpg","contentUrl":"https:\/\/gite-bourdettes-auvillar.com\/wp-content\/uploads\/2023\/11\/plan-gite.jpg"},{"@type":"BreadcrumbList","@id":"https:\/\/gite-bourdettes-auvillar.com\/es\/gite-auvillar\/#breadcrumb","itemListElement":[{"@type":"ListItem","position":1,"name":"Accueil","item":"https:\/\/gite-bourdettes-auvillar.com\/"},{"@type":"ListItem","position":2,"name":"La casa de Campo"}]},{"@type":"WebSite","@id":"https:\/\/gite-bourdettes-auvillar.com\/#website","url":"https:\/\/gite-bourdettes-auvillar.com\/","name":"Gite Les Bourdettes ***","description":"Auvillar, un des Plus Beaux Village de France dans le Tarn et Garonne en Occitanie","potentialAction":[{"@type":"SearchAction","target":{"@type":"EntryPoint","urlTemplate":"https:\/\/gite-bourdettes-auvillar.com\/?s={search_term_string}"},"query-input":{"@type":"PropertyValueSpecification","valueRequired":true,"valueName":"search_term_string"}}],"inLanguage":"es-ES"}]}},"_links":{"self":[{"href":"https:\/\/gite-bourdettes-auvillar.com\/es\/wp-json\/wp\/v2\/pages\/19","targetHints":{"allow":["GET"]}}],"collection":[{"href":"https:\/\/gite-bourdettes-auvillar.com\/es\/wp-json\/wp\/v2\/pages"}],"about":[{"href":"https:\/\/gite-bourdettes-auvillar.com\/es\/wp-json\/wp\/v2\/types\/page"}],"author":[{"embeddable":true,"href":"https:\/\/gite-bourdettes-auvillar.com\/es\/wp-json\/wp\/v2\/users\/1"}],"replies":[{"embeddable":true,"href":"https:\/\/gite-bourdettes-auvillar.com\/es\/wp-json\/wp\/v2\/comments?post=19"}],"version-history":[{"count":49,"href":"https:\/\/gite-bourdettes-auvillar.com\/es\/wp-json\/wp\/v2\/pages\/19\/revisions"}],"predecessor-version":[{"id":1258,"href":"https:\/\/gite-bourdettes-auvillar.com\/es\/wp-json\/wp\/v2\/pages\/19\/revisions\/1258"}],"wp:attachment":[{"href":"https:\/\/gite-bourdettes-auvillar.com\/es\/wp-json\/wp\/v2\/media?parent=19"}],"curies":[{"name":"wp","href":"https:\/\/api.w.org\/{rel}","templated":true}]}}