{"id":196,"date":"2018-05-29T19:51:53","date_gmt":"2018-05-29T17:51:53","guid":{"rendered":"http:\/\/gite-bourdettes-auvillar.com\/?page_id=196"},"modified":"2020-12-02T12:57:25","modified_gmt":"2020-12-02T11:57:25","slug":"le-menage","status":"publish","type":"page","link":"https:\/\/gite-bourdettes-auvillar.com\/es\/tarifs\/le-menage\/","title":{"rendered":"Las tareas domesticas"},"content":{"rendered":"<p style=\"text-align: center;\"><strong><span style=\"color: #ff0000;\">La limpieza se suma al precio total (40 \u20ac), sin embargo, ser\u00e1 su responsabilidad hacer el siguiente m\u00ednimo:<\/span><\/strong><\/p>\n<p><strong>COCINA, SALA:<\/strong><br \/>\nLave y almacene platos, utensilios de cocina y equipos utilizados. Vaciar el lavavajillas. \u00a1Todo ser\u00e1 revisado, incluso las sartenes!<br \/>\nVac\u00ede la basura en el contenedor verde. Pon el papel, cart\u00f3n y pl\u00e1stico en el recipiente amarillo. El contenedor verde debe ser sacado en la acera por la carretera el martes por la noche, y el contenedor amarillo el domingo por la noche.<\/p>\n<p><strong>DORMITORIOS):<\/strong><br \/>\nDoblar las mantas y dejarlas en las camas, doblar las s\u00e1banas, fundas de colchones, fundas de almohadas y dejarlas en las camas.<\/p>\n<p><strong>BA\u00d1O WC:<\/strong><br \/>\nVac\u00ede la basura, limpie el desag\u00fce de la ducha y la taza del inodoro.<\/p>\n","protected":false},"excerpt":{"rendered":"<p>La limpieza se suma al precio total (40 \u20ac), sin embargo, ser\u00e1 su responsabilidad hacer el siguiente m\u00ednimo: COCINA, SALA: Lave y almacene platos, utensilios de cocina y equipos utilizados. Vaciar el lavavajillas. \u00a1Todo ser\u00e1 revisado, incluso las sartenes! Vac\u00ede la basura en el contenedor verde. Pon el papel, cart\u00f3n y pl\u00e1stico en el recipiente amarillo. El contenedor verde debe<\/p>\n<p><a class=\"more-link\" href=\"https:\/\/gite-bourdettes-auvillar.com\/es\/tarifs\/le-menage\/\">Leer m\u00e1s<\/a><\/p>\n","protected":false},"author":1,"featured_media":0,"parent":278,"menu_order":0,"comment_status":"closed","ping_status":"closed","template":"","meta":{"footnotes":""},"class_list":["post-196","page","type-page","status-publish","hentry"],"yoast_head":"<!-- This site is optimized with the Yoast SEO plugin v25.2 - https:\/\/yoast.com\/wordpress\/plugins\/seo\/ -->\n<title>Las tareas domesticas - Gite Les Bourdettes ***<\/title>\n<meta name=\"description\" content=\"Las tareas domesticas\" \/>\n<meta name=\"robots\" content=\"index, follow, max-snippet:-1, max-image-preview:large, max-video-preview:-1\" \/>\n<link rel=\"canonical\" href=\"https:\/\/gite-bourdettes-auvillar.com\/es\/tarifs\/le-menage\/\" \/>\n<meta property=\"og:locale\" content=\"es_ES\" \/>\n<meta property=\"og:locale:alternate\" content=\"en_GB\" \/>\n<meta property=\"og:locale:alternate\" content=\"de_DE\" \/>\n<meta property=\"og:locale:alternate\" content=\"fr_FR\" \/>\n<meta property=\"og:type\" content=\"article\" \/>\n<meta property=\"og:title\" content=\"Las tareas domesticas\" \/>\n<meta property=\"og:description\" content=\"Las tareas domesticas\" \/>\n<meta property=\"og:url\" content=\"https:\/\/gite-bourdettes-auvillar.com\/es\/tarifs\/le-menage\/\" \/>\n<meta property=\"og:site_name\" content=\"Gite Les Bourdettes ***\" \/>\n<meta property=\"article:modified_time\" content=\"2020-12-02T11:57:25+00:00\" \/>\n<meta name=\"twitter:card\" content=\"summary_large_image\" \/>\n<meta name=\"twitter:label1\" content=\"Tiempo de lectura\" \/>\n\t<meta name=\"twitter:data1\" content=\"3 minutos\" \/>\n<script type=\"application\/ld+json\" class=\"yoast-schema-graph\">{\"@context\":\"https:\/\/schema.org\",\"@graph\":[{\"@type\":\"WebPage\",\"@id\":\"https:\/\/gite-bourdettes-auvillar.com\/tarifs\/le-menage\/\",\"url\":\"https:\/\/gite-bourdettes-auvillar.com\/tarifs\/le-menage\/\",\"name\":\"Las tareas domesticas\",\"isPartOf\":{\"@id\":\"https:\/\/gite-bourdettes-auvillar.com\/#website\"},\"datePublished\":\"2018-05-29T17:51:53+00:00\",\"dateModified\":\"2020-12-02T11:57:25+00:00\",\"description\":\"Las tareas domesticas\",\"breadcrumb\":{\"@id\":\"https:\/\/gite-bourdettes-auvillar.com\/tarifs\/le-menage\/#breadcrumb\"},\"inLanguage\":\"es-ES\",\"potentialAction\":[{\"@type\":\"ReadAction\",\"target\":[\"https:\/\/gite-bourdettes-auvillar.com\/tarifs\/le-menage\/\"]}]},{\"@type\":\"BreadcrumbList\",\"@id\":\"https:\/\/gite-bourdettes-auvillar.com\/tarifs\/le-menage\/#breadcrumb\",\"itemListElement\":[{\"@type\":\"ListItem\",\"position\":1,\"name\":\"Accueil\",\"item\":\"https:\/\/gite-bourdettes-auvillar.com\/\"},{\"@type\":\"ListItem\",\"position\":2,\"name\":\"Tarifs\/contrat\",\"item\":\"https:\/\/gite-bourdettes-auvillar.com\/tarifs\/\"},{\"@type\":\"ListItem\",\"position\":3,\"name\":\"Le m\u00e9nage\"}]},{\"@type\":\"WebSite\",\"@id\":\"https:\/\/gite-bourdettes-auvillar.com\/#website\",\"url\":\"https:\/\/gite-bourdettes-auvillar.com\/\",\"name\":\"Gite Les Bourdettes ***\",\"description\":\"Auvillar, un des Plus Beaux Village de France dans le Tarn et Garonne en Occitanie\",\"potentialAction\":[{\"@type\":\"SearchAction\",\"target\":{\"@type\":\"EntryPoint\",\"urlTemplate\":\"https:\/\/gite-bourdettes-auvillar.com\/?s={search_term_string}\"},\"query-input\":{\"@type\":\"PropertyValueSpecification\",\"valueRequired\":true,\"valueName\":\"search_term_string\"}}],\"inLanguage\":\"es-ES\"}]}<\/script>\n<!-- \/ Yoast SEO plugin. -->","yoast_head_json":{"title":"Las tareas domesticas - Gite Les Bourdettes ***","description":"[:en]Household chores[:de]Hausarbeiten[:es]Las tareas domesticas[:fr]Le m\u00e9nage[:]","robots":{"index":"index","follow":"follow","max-snippet":"max-snippet:-1","max-image-preview":"max-image-preview:large","max-video-preview":"max-video-preview:-1"},"canonical":"https:\/\/gite-bourdettes-auvillar.com\/es\/tarifs\/le-menage\/","og_locale":"es_ES","og_type":"article","og_title":"[:en]Household chores[:de]Hausarbeiten[:es]Las tareas domesticas[:fr]Le m\u00e9nage[:] - Gite Les Bourdettes ***","og_description":"[:en]Household chores[:de]Hausarbeiten[:es]Las tareas domesticas[:fr]Le m\u00e9nage[:]","og_url":"https:\/\/gite-bourdettes-auvillar.com\/es\/tarifs\/le-menage\/","og_site_name":"Gite Les Bourdettes ***","article_modified_time":"2020-12-02T11:57:25+00:00","twitter_card":"summary_large_image","twitter_misc":{"Tiempo de lectura":"3 minutos"},"schema":{"@context":"https:\/\/schema.org","@graph":[{"@type":"WebPage","@id":"https:\/\/gite-bourdettes-auvillar.com\/tarifs\/le-menage\/","url":"https:\/\/gite-bourdettes-auvillar.com\/tarifs\/le-menage\/","name":"Las tareas domesticas","isPartOf":{"@id":"https:\/\/gite-bourdettes-auvillar.com\/#website"},"datePublished":"2018-05-29T17:51:53+00:00","dateModified":"2020-12-02T11:57:25+00:00","description":"Las tareas domesticas","breadcrumb":{"@id":"https:\/\/gite-bourdettes-auvillar.com\/tarifs\/le-menage\/#breadcrumb"},"inLanguage":"es-ES","potentialAction":[{"@type":"ReadAction","target":["https:\/\/gite-bourdettes-auvillar.com\/tarifs\/le-menage\/"]}]},{"@type":"BreadcrumbList","@id":"https:\/\/gite-bourdettes-auvillar.com\/tarifs\/le-menage\/#breadcrumb","itemListElement":[{"@type":"ListItem","position":1,"name":"Accueil","item":"https:\/\/gite-bourdettes-auvillar.com\/"},{"@type":"ListItem","position":2,"name":"Tarifs\/contrat","item":"https:\/\/gite-bourdettes-auvillar.com\/tarifs\/"},{"@type":"ListItem","position":3,"name":"Le m\u00e9nage"}]},{"@type":"WebSite","@id":"https:\/\/gite-bourdettes-auvillar.com\/#website","url":"https:\/\/gite-bourdettes-auvillar.com\/","name":"Gite Les Bourdettes ***","description":"Auvillar, un des Plus Beaux Village de France dans le Tarn et Garonne en Occitanie","potentialAction":[{"@type":"SearchAction","target":{"@type":"EntryPoint","urlTemplate":"https:\/\/gite-bourdettes-auvillar.com\/?s={search_term_string}"},"query-input":{"@type":"PropertyValueSpecification","valueRequired":true,"valueName":"search_term_string"}}],"inLanguage":"es-ES"}]}},"_links":{"self":[{"href":"https:\/\/gite-bourdettes-auvillar.com\/es\/wp-json\/wp\/v2\/pages\/196","targetHints":{"allow":["GET"]}}],"collection":[{"href":"https:\/\/gite-bourdettes-auvillar.com\/es\/wp-json\/wp\/v2\/pages"}],"about":[{"href":"https:\/\/gite-bourdettes-auvillar.com\/es\/wp-json\/wp\/v2\/types\/page"}],"author":[{"embeddable":true,"href":"https:\/\/gite-bourdettes-auvillar.com\/es\/wp-json\/wp\/v2\/users\/1"}],"replies":[{"embeddable":true,"href":"https:\/\/gite-bourdettes-auvillar.com\/es\/wp-json\/wp\/v2\/comments?post=196"}],"version-history":[{"count":17,"href":"https:\/\/gite-bourdettes-auvillar.com\/es\/wp-json\/wp\/v2\/pages\/196\/revisions"}],"predecessor-version":[{"id":1083,"href":"https:\/\/gite-bourdettes-auvillar.com\/es\/wp-json\/wp\/v2\/pages\/196\/revisions\/1083"}],"up":[{"embeddable":true,"href":"https:\/\/gite-bourdettes-auvillar.com\/es\/wp-json\/wp\/v2\/pages\/278"}],"wp:attachment":[{"href":"https:\/\/gite-bourdettes-auvillar.com\/es\/wp-json\/wp\/v2\/media?parent=196"}],"curies":[{"name":"wp","href":"https:\/\/api.w.org\/{rel}","templated":true}]}}