{"id":2,"date":"2018-05-05T20:02:17","date_gmt":"2018-05-05T18:02:17","guid":{"rendered":"http:\/\/gite-bourdettes-auvillar.com\/?page_id=2"},"modified":"2024-10-10T08:07:52","modified_gmt":"2024-10-10T06:07:52","slug":"page-d-exemple","status":"publish","type":"page","link":"https:\/\/gite-bourdettes-auvillar.com\/es\/","title":{"rendered":"Bienvenida"},"content":{"rendered":"\n<div id=\"ConstellationWidgetContainer770fcc99-63c5-4343-8b68-0b25c24cd2f1\" style=\"width:100%\" title=\"G&#238;te les Bourdettes - Auvillar (82) - Occitanie\" data-id-projet='770fcc9963c543438b680b25c24cd2f1'>Cargando&#8230;<\/div> <script type=\"text\/javascript\" src=\"https:\/\/reservation.elloha.com\/Scripts\/widget-loader.min.js?v=40\"><\/script> <script type=\"text\/javascript\">var constellationWidgetUrl770fcc9963c543438b680b25c24cd2f1, constellationTypeModule770fcc9963c543438b680b25c24cd2f1; constellationWidgetUrl770fcc9963c543438b680b25c24cd2f1 = 'https:\/\/reservation.elloha.com\/Widget\/BookingEngine\/770fcc99-63c5-4343-8b68-0b25c24cd2f1?idoi=40ac75d3-d582-40f0-954e-20f11d501ac4&culture=es-ES'; constellationTypeModule770fcc9963c543438b680b25c24cd2f1=1; constellationWidgetLoad('ConstellationWidgetContainer770fcc99-63c5-4343-8b68-0b25c24cd2f1'); constellationWidgetAddEvent(window, \"resize\", function () { constellationWidgetSetAppearance('ConstellationWidgetContainer770fcc99-63c5-4343-8b68-0b25c24cd2f1'); });<\/script>\n\n\n<pre class=\"ti-widget\" style=\"display: none\"><template id=\"trustindex-google-widget-html\"><div class=\" ti-widget  ti-goog ti-disable-font ti-show-rating-text ti-review-text-mode-readmore ti-text-align-left\" data-no-translation=\"true\" data-layout-id=\"55\" data-layout-category=\"badge\" data-set-id=\"light-background\" data-pid=\"\" data-language=\"fr\" data-close-locale=\"Fermer\" data-css-version=\"2\" data-footer-link-domain=\"\" data-size=\"1\" > <div class=\"ti-widget-container\"> <a href=\"http:\/\/search.google.com\/local\/reviews?placeid=ChIJhR8THNbBqxIRhkXksEDZ_Ws\" role=\"button\" target=\"_blank\" rel=\"noopener nofollow\" class=\"ti-header ti-header-grid source-Google\" > <div class=\"ti-fade-container\"> <div class=\"ti-large-logo\"> <div class=\"ti-v-center\"> <trustindex-image class=\"ti-logo-fb\" data-imgurl=\"https:\/\/cdn.trustindex.io\/assets\/platform\/Google\/logo.svg\" width=\"150\" height=\"25\" loading=\"lazy\" alt=\"Google\" width=\"150\" height=\"25\" data-no-logo-styles=&quot;1&quot; ><\/trustindex-image> <\/div> <\/div> <span class=\"ti-stars\"><trustindex-image class=\"ti-star\" data-imgurl=\"https:\/\/cdn.trustindex.io\/assets\/platform\/Google\/star\/f.svg\" alt=\"Google\" width=\"17\" height=\"17\" loading=\"lazy\" ><\/trustindex-image><trustindex-image class=\"ti-star\" data-imgurl=\"https:\/\/cdn.trustindex.io\/assets\/platform\/Google\/star\/f.svg\" alt=\"Google\" width=\"17\" height=\"17\" loading=\"lazy\" ><\/trustindex-image><trustindex-image class=\"ti-star\" data-imgurl=\"https:\/\/cdn.trustindex.io\/assets\/platform\/Google\/star\/f.svg\" alt=\"Google\" width=\"17\" height=\"17\" loading=\"lazy\" ><\/trustindex-image><trustindex-image class=\"ti-star\" data-imgurl=\"https:\/\/cdn.trustindex.io\/assets\/platform\/Google\/star\/f.svg\" alt=\"Google\" width=\"17\" height=\"17\" loading=\"lazy\" ><\/trustindex-image><trustindex-image class=\"ti-star\" data-imgurl=\"https:\/\/cdn.trustindex.io\/assets\/platform\/Google\/star\/f.svg\" alt=\"Google\" width=\"17\" height=\"17\" loading=\"lazy\" ><\/trustindex-image><\/span> <div class=\"ti-text\"> <span class=\"nowrap\">5.0<span class=\"text-separator\"><\/span>22 avis<\/span> <\/div> <\/div> <\/a> <\/div> <\/div> <\/template><\/pre><div data-src=\"https:\/\/cdn.trustindex.io\/loader.js?wp-widget\" data-template-id=\"trustindex-google-widget-html\" data-css-url=\"https:\/\/gite-bourdettes-auvillar.com\/wp-content\/uploads\/trustindex-google-widget.css?1748063881\"><\/div>\n\n\n<hr class=\"wp-block-separator has-css-opacity\"\/>\n\n\n\n<p class=\"has-text-align-center has-vivid-red-color has-very-light-gray-background-color has-text-color has-background\"><strong>COVID-19<\/strong><br>Despu\u00e9s de cada alquiler, la casa rural se ventila, se limpia y luego se desinfecta (manijas de puertas y muebles, interruptores, grifos, controles remotos, WC, etc.). Las s\u00e1banas y los colchones se sustituyen por unos limpios.<\/p>\n\n\n<h4 style=\"text-align: center;\">Capacidad: 5 personas (2 adultos y 3 ni\u00f1os + cuna). 2 habitaciones (Ver mapa). Reservas de 3 o 4 noches m\u00ednimo.<br \/>Tarifas por noche de 55 a 110 \u20ac dependiendo de la temporada (Ver precios).<br \/>Para los peregrinos, ver el alojamiento municipal. <span class=\"Y2IQFc\" lang=\"es\">Tasa tur\u00edstica 0,72\u20ac\/noche\/adulto<\/span><\/h4>\n<hr \/>\n<p style=\"text-align: left;\">Nuestra caba\u00f1a es una construcci\u00f3n nueva, reci\u00e9n terminada en julio de 2018 y que est\u00e1 clasificada con 3 estrellas por la ADT82 (Agencia de Desarrollo Tur\u00edstico de Tarn y Garona).<br \/>Queriendo darle un sello diferente a esta casa, elegimos un marco de madera y una construcci\u00f3n de revestimiento, por lo que es una casa de madera inusual (interior cl\u00e1sico con paredes pintadas).<br \/>La caba\u00f1a tiene dos dormitorios, una cocina abierta al comedor y sala de estar y una cochera. Ideal para una familia con varios hijos.<br \/>Una gran terraza ofrece una magn\u00edfica vista del jard\u00edn y el valle del Garona.<br \/>La terraza est\u00e1 parcialmente cubierta y protegida de la lluvia y equipada con sal\u00f3n \/ mesa de caf\u00e9 y mesa \/ sillas de comedor. La parte protegida est\u00e1 equipada con un ventilador de techo. 2 tumbonas permiten descansar o tomar el sol.<br \/>Para el entretenimiento, hay una cancha de petanca justo debajo de la terraza.<br \/>El acceso a la casa rural es a trav\u00e9s de un camino privado.<br \/>Se aceptan animales, siempre que recojan bien sus excrementos y eviten ladrar. Del mismo modo, no podr\u00e1n dormir con su amo en la cama o en el sof\u00e1. Tenga en cuenta que el sitio no est\u00e1 cercado.<br \/>Las bicicletas se pueden alquilar en una tienda especializada en Golfech (5 km), Go Cycles, ubicada justo al lado del canal Deux Mers.<\/p>\n<div style=\"text-align: left;\">\n<p style=\"text-align: left;\">Auvillar, uno de los pueblos m\u00e1s bellos de Francia, camino a Saint-Jacques de Compostelle, entre Agen y Montauban, en Occitania, es una parada ideal para visitar la regi\u00f3n. Tambi\u00e9n estar\u00e1 cerca del departamento de Lot, con sus muchos sitios tur\u00edsticos imperdibles, y los Gers al sur.<br \/>La visita de Auvillar le permitir\u00e1 admirar su sala circular, su antigua y magn\u00edfica iglesia, la Torre del Reloj, sus callejones estrechos con sus antiguas casas de entramado de madera.<br \/>En la parte inferior de la Place de la Halle, la Oficina de Turismo de la Comunidad le dar\u00e1 la bienvenida en su nuevo edificio, completamente restaurado, anteriormente un convento, y le proporcionar\u00e1 toda la informaci\u00f3n que necesita para visitar los alrededores.<br \/>Auvillar tiene todas las tiendas \u00fatiles: supermercados \/ tabaco \/ prensa, panader\u00eda, restaurantes, bares, cervecer\u00edas y tambi\u00e9n un mercado de agricultores todos los domingos por la ma\u00f1ana, que le permitir\u00e1 vivir como los lugare\u00f1os, de una manera aut\u00e9ntica. Y tambi\u00e9n un sal\u00f3n de belleza, una oficina de reflexolog\u00eda podal, una peluquer\u00eda, una f\u00e1brica de jabones y varias galer\u00edas de arte. En t\u00e9rminos de salud, un m\u00e9dico, una farmacia, un consultorio dental, enfermeras.<br \/>Muchos eventos se ofrecen durante todo el a\u00f1o en Auvillar.<br \/>Tambi\u00e9n hay una estaci\u00f3n de carga doble para veh\u00edculos el\u00e9ctricos en el pueblo (Bd Papayette).<br \/>Nuestra casa rural est\u00e1 a 8 km de la central nuclear de Golfech.<\/p>\n<p><a href=\"http:\/\/gite-bourdettes-auvillar.com\/wp-content\/uploads\/2018\/09\/logo-ADT-small.jpg\"><img loading=\"lazy\" decoding=\"async\" class=\"aligncenter wp-image-394 size-full\" src=\"http:\/\/gite-bourdettes-auvillar.com\/wp-content\/uploads\/2018\/09\/logo-ADT-small.jpg\" alt=\"\" width=\"300\" height=\"300\" srcset=\"https:\/\/gite-bourdettes-auvillar.com\/wp-content\/uploads\/2018\/09\/logo-ADT-small.jpg 300w, https:\/\/gite-bourdettes-auvillar.com\/wp-content\/uploads\/2018\/09\/logo-ADT-small-150x150.jpg 150w\" sizes=\"auto, (max-width: 300px) 100vw, 300px\" \/><\/a><\/p>\n<hr \/>\n<p style=\"text-align: center;\"><a href=\"http:\/\/gite-bourdettes-auvillar.com\/wp-content\/uploads\/2020\/05\/Itin\u00e9raires-Moissac-Auvillar-Lauzerte-pages-26-\u00e0-29.pdf\" target=\"_blank\" rel=\"noopener noreferrer\">Voir les pages du magazine de promotion <\/a><br \/>de destination locale, autour d&#8217;Auvillar.<\/p>\n<p><a href=\"http:\/\/gite-bourdettes-auvillar.com\/wp-content\/uploads\/2020\/05\/Bestjobers-deux-rives-auvillar.jpg\"><img loading=\"lazy\" decoding=\"async\" class=\"aligncenter wp-image-787 size-full\" src=\"http:\/\/gite-bourdettes-auvillar.com\/wp-content\/uploads\/2020\/05\/Bestjobers-deux-rives-auvillar.jpg\" alt=\"\" width=\"500\" height=\"587\" srcset=\"https:\/\/gite-bourdettes-auvillar.com\/wp-content\/uploads\/2020\/05\/Bestjobers-deux-rives-auvillar.jpg 500w, https:\/\/gite-bourdettes-auvillar.com\/wp-content\/uploads\/2020\/05\/Bestjobers-deux-rives-auvillar-256x300.jpg 256w\" sizes=\"auto, (max-width: 500px) 100vw, 500px\" \/><\/a><br \/>Noticias:<br \/>&#8211; Visita guiada a un jard\u00edn de suculentas en macetas (ver p\u00e1gina de visitas \/ experiencias &#8211; \u20ac 3 por grupo, m\u00e1ximo 5 personas, reservado para los residentes de la casa rural).<br \/>&#8211; Acompa\u00f1ar a un apicultor en su cosecha de miel (con equipo &#8211; 5 \u20ac, m\u00e1ximo 1 persona, para no ser al\u00e9rgico a las picaduras de abejas, reservado para los residentes de la casa rural). Ver p\u00e1gina Experiencias.<br \/>&#8211; Podemos hacer algunas compras en nuestras tiendas locales para su llegada (supermercado, panader\u00eda). Servicio gratuito (usted paga por los productos comprados).<br \/>&#8211; Acceso gratuito a internet con WiFi seguro (punto de acceso).<\/p>\n<hr \/>\n<p style=\"text-align: center;\"><a href=\"http:\/\/gite-bourdettes-auvillar.com\/wp-content\/uploads\/2019\/05\/maison-501-small.jpg\"><img loading=\"lazy\" decoding=\"async\" class=\"aligncenter wp-image-626 \" src=\"http:\/\/gite-bourdettes-auvillar.com\/wp-content\/uploads\/2019\/05\/maison-501-small.jpg\" alt=\"\" width=\"498\" height=\"332\" srcset=\"https:\/\/gite-bourdettes-auvillar.com\/wp-content\/uploads\/2019\/05\/maison-501-small.jpg 600w, https:\/\/gite-bourdettes-auvillar.com\/wp-content\/uploads\/2019\/05\/maison-501-small-300x200.jpg 300w\" sizes=\"auto, (max-width: 498px) 100vw, 498px\" \/><\/a><\/p>\n<p style=\"text-align: center;\"><a href=\"http:\/\/gite-bourdettes-auvillar.com\/wp-content\/uploads\/2020\/05\/gite-01-1.jpg\"><img loading=\"lazy\" decoding=\"async\" class=\"aligncenter wp-image-819 \" src=\"http:\/\/gite-bourdettes-auvillar.com\/wp-content\/uploads\/2020\/05\/gite-01-1.jpg\" alt=\"\" width=\"494\" height=\"260\" srcset=\"https:\/\/gite-bourdettes-auvillar.com\/wp-content\/uploads\/2020\/05\/gite-01-1.jpg 1024w, https:\/\/gite-bourdettes-auvillar.com\/wp-content\/uploads\/2020\/05\/gite-01-1-300x158.jpg 300w, https:\/\/gite-bourdettes-auvillar.com\/wp-content\/uploads\/2020\/05\/gite-01-1-768x404.jpg 768w, https:\/\/gite-bourdettes-auvillar.com\/wp-content\/uploads\/2020\/05\/gite-01-1-800x421.jpg 800w\" sizes=\"auto, (max-width: 494px) 100vw, 494px\" \/><\/a><\/p>\n<p style=\"text-align: center;\"><a href=\"http:\/\/gite-bourdettes-auvillar.com\/wp-content\/uploads\/2018\/07\/gite-316-1.jpg\"><img loading=\"lazy\" decoding=\"async\" class=\"aligncenter wp-image-333 \" src=\"http:\/\/gite-bourdettes-auvillar.com\/wp-content\/uploads\/2018\/07\/gite-316-1-1024x745.jpg\" alt=\"\" width=\"498\" height=\"363\" srcset=\"https:\/\/gite-bourdettes-auvillar.com\/wp-content\/uploads\/2018\/07\/gite-316-1.jpg 1024w, https:\/\/gite-bourdettes-auvillar.com\/wp-content\/uploads\/2018\/07\/gite-316-1-300x218.jpg 300w, https:\/\/gite-bourdettes-auvillar.com\/wp-content\/uploads\/2018\/07\/gite-316-1-768x559.jpg 768w, https:\/\/gite-bourdettes-auvillar.com\/wp-content\/uploads\/2018\/07\/gite-316-1-800x582.jpg 800w\" sizes=\"auto, (max-width: 498px) 100vw, 498px\" \/><\/a><\/p>\n<p style=\"text-align: center;\"><a href=\"http:\/\/gite-bourdettes-auvillar.com\/wp-content\/uploads\/2019\/09\/gite-nuit-02.jpg\"><img loading=\"lazy\" decoding=\"async\" class=\"aligncenter wp-image-741 \" src=\"http:\/\/gite-bourdettes-auvillar.com\/wp-content\/uploads\/2019\/09\/gite-nuit-02-1024x683.jpg\" alt=\"\" width=\"504\" height=\"336\" srcset=\"https:\/\/gite-bourdettes-auvillar.com\/wp-content\/uploads\/2019\/09\/gite-nuit-02-1024x683.jpg 1024w, https:\/\/gite-bourdettes-auvillar.com\/wp-content\/uploads\/2019\/09\/gite-nuit-02-300x200.jpg 300w, https:\/\/gite-bourdettes-auvillar.com\/wp-content\/uploads\/2019\/09\/gite-nuit-02-768x512.jpg 768w, https:\/\/gite-bourdettes-auvillar.com\/wp-content\/uploads\/2019\/09\/gite-nuit-02-800x533.jpg 800w\" sizes=\"auto, (max-width: 504px) 100vw, 504px\" \/><\/a><\/p>\n<p style=\"text-align: center;\"><a href=\"http:\/\/gite-bourdettes-auvillar.com\/wp-content\/uploads\/2019\/09\/gite-nuit-08.jpg\"><img loading=\"lazy\" decoding=\"async\" class=\"aligncenter wp-image-736 \" src=\"http:\/\/gite-bourdettes-auvillar.com\/wp-content\/uploads\/2019\/09\/gite-nuit-08-1024x520.jpg\" alt=\"\" width=\"495\" height=\"252\" srcset=\"https:\/\/gite-bourdettes-auvillar.com\/wp-content\/uploads\/2019\/09\/gite-nuit-08-1024x520.jpg 1024w, https:\/\/gite-bourdettes-auvillar.com\/wp-content\/uploads\/2019\/09\/gite-nuit-08-300x152.jpg 300w, https:\/\/gite-bourdettes-auvillar.com\/wp-content\/uploads\/2019\/09\/gite-nuit-08-768x390.jpg 768w, https:\/\/gite-bourdettes-auvillar.com\/wp-content\/uploads\/2019\/09\/gite-nuit-08-800x406.jpg 800w\" sizes=\"auto, (max-width: 495px) 100vw, 495px\" \/><\/a><em>lever de soleil sur la vall\u00e9e de la Garonne<\/em><\/p>\n<p style=\"text-align: center;\">Site web de la mairie : <a href=\"http:\/\/www.auvillar.fr\" target=\"_blank\" rel=\"noopener noreferrer\">www.auvillar.fr<\/a><br \/>Site web communautaire :\u00a0<a href=\"http:\/\/www.auvillar.com\" target=\"_blank\" rel=\"noopener noreferrer\">www.auvillar.com<\/a><br \/>Site du Mus\u00e9e du Vieil Auvillar : <a href=\"https:\/\/auvillar.museum\" target=\"_blank\" rel=\"noopener noreferrer\">https:\/\/auvillar.museum<\/a><\/p>\n<p>Auvillar est proche de Moissac, Valence d&#8217;Agen, Lauzerte, Saint-Nicolas de la Grave, Agen, Astaffort, Dunes, Donzac, Golfech, Lamagist\u00e8re, Puymirol, Castelsarrasin, Lavit.<\/p>\n<hr \/><\/div>\n\n\n<p><center>\u00a1Casa inusual a 40 minutos de Auvillar, en Puycornet, cerca de Lafran\u00e7aise, duerme en una burbuja y admira las estrellas! <a href=\"http:\/\/nebuleuse-insolite.com\" target=\"_blanck\" rel=\"noopener noreferrer\"> N\u00e9buleuse<\/a><\/center>\n <div id=\"ConstellationWidgetContainer82e4a911-c7c3-4342-9375-7667b7f5a19f\" style=\"width:100%\" title=\"N&#233;buleuse\" data-id-projet='82e4a911c7c3434293757667b7f5a19f'>Chargement en cours&#8230;<\/div> <script type=\"text\/javascript\" src=\"https:\/\/reservation.elloha.com\/Scripts\/widget-loader.min.js?v=39\"><\/script> <script type=\"text\/javascript\">var constellationWidgetUrl82e4a911c7c3434293757667b7f5a19f, constellationTypeModule82e4a911c7c3434293757667b7f5a19f; constellationWidgetUrl82e4a911c7c3434293757667b7f5a19f = 'https:\/\/reservation.elloha.com\/Widget\/BookingEngine\/82e4a911-c7c3-4342-9375-7667b7f5a19f?idoi=0c374320-38cb-412e-b8e4-6d53f86bf2cc&culture=fr-FR'; constellationTypeModule82e4a911c7c3434293757667b7f5a19f=1; constellationWidgetLoad('ConstellationWidgetContainer82e4a911-c7c3-4342-9375-7667b7f5a19f'); constellationWidgetAddEvent(window, \"resize\", function () { constellationWidgetSetAppearance('ConstellationWidgetContainer82e4a911-c7c3-4342-9375-7667b7f5a19f'); });<\/script> <\/p>\n\n\n\n<p><\/p>\n","protected":false},"excerpt":{"rendered":"<p>Cargando&#8230; COVID-19Despu\u00e9s de cada alquiler, la casa rural se ventila, se limpia y luego se desinfecta (manijas de puertas y muebles, interruptores, grifos, controles remotos, WC, etc.). Las s\u00e1banas y los colchones se sustituyen por unos limpios. Capacidad: 5 personas (2 adultos y 3 ni\u00f1os + cuna). 2 habitaciones (Ver mapa). Reservas de 3 o 4 noches m\u00ednimo.Tarifas por noche<\/p>\n<p><a class=\"more-link\" href=\"https:\/\/gite-bourdettes-auvillar.com\/es\/\">Leer m\u00e1s<\/a><\/p>\n","protected":false},"author":1,"featured_media":0,"parent":0,"menu_order":0,"comment_status":"closed","ping_status":"open","template":"","meta":{"footnotes":""},"class_list":["post-2","page","type-page","status-publish","hentry"],"yoast_head":"<!-- This site is optimized with the Yoast SEO plugin v25.2 - https:\/\/yoast.com\/wordpress\/plugins\/seo\/ -->\n<title>Gite 3 \u00e9toiles, plus beaux villages de France, tourisme sud-ouest, Garonne<\/title>\n<meta name=\"description\" content=\"Auvillar, Plus beau village de France en Tarn et Garonne- gite Les Bourdettes - Most beautiful villages in France. Site touristique du sud-ouest.\" \/>\n<meta name=\"robots\" content=\"index, follow, max-snippet:-1, max-image-preview:large, max-video-preview:-1\" \/>\n<link rel=\"canonical\" href=\"https:\/\/gite-bourdettes-auvillar.com\/es\/\" \/>\n<meta property=\"og:locale\" content=\"es_ES\" \/>\n<meta property=\"og:locale:alternate\" content=\"en_GB\" \/>\n<meta property=\"og:locale:alternate\" content=\"de_DE\" \/>\n<meta property=\"og:locale:alternate\" content=\"fr_FR\" \/>\n<meta property=\"og:type\" content=\"article\" \/>\n<meta property=\"og:title\" content=\"Gite 3 \u00e9toiles, plus beaux villages de France, tourisme sud-ouest, Garonne\" \/>\n<meta property=\"og:description\" content=\"Auvillar, Plus beau village de France en Tarn et Garonne- gite Les Bourdettes - Most beautiful villages in France. Site touristique du sud-ouest.\" \/>\n<meta property=\"og:url\" content=\"https:\/\/gite-bourdettes-auvillar.com\/es\/\" \/>\n<meta property=\"og:site_name\" content=\"Gite Les Bourdettes ***\" \/>\n<meta property=\"article:modified_time\" content=\"2024-10-10T06:07:52+00:00\" \/>\n<meta property=\"og:image\" content=\"http:\/\/gite-bourdettes-auvillar.com\/wp-content\/uploads\/2018\/09\/logo-ADT-small.jpg\" \/>\n<meta name=\"twitter:card\" content=\"summary_large_image\" \/>\n<meta name=\"twitter:label1\" content=\"Tiempo de lectura\" \/>\n\t<meta name=\"twitter:data1\" content=\"3 minutos\" \/>\n<script type=\"application\/ld+json\" class=\"yoast-schema-graph\">{\"@context\":\"https:\/\/schema.org\",\"@graph\":[{\"@type\":\"WebPage\",\"@id\":\"https:\/\/gite-bourdettes-auvillar.com\/\",\"url\":\"https:\/\/gite-bourdettes-auvillar.com\/\",\"name\":\"Gite 3 \u00e9toiles, plus beaux villages de France, tourisme sud-ouest, Garonne\",\"isPartOf\":{\"@id\":\"https:\/\/gite-bourdettes-auvillar.com\/#website\"},\"primaryImageOfPage\":{\"@id\":\"https:\/\/gite-bourdettes-auvillar.com\/#primaryimage\"},\"image\":{\"@id\":\"https:\/\/gite-bourdettes-auvillar.com\/#primaryimage\"},\"thumbnailUrl\":\"http:\/\/gite-bourdettes-auvillar.com\/wp-content\/uploads\/2018\/09\/logo-ADT-small.jpg\",\"datePublished\":\"2018-05-05T18:02:17+00:00\",\"dateModified\":\"2024-10-10T06:07:52+00:00\",\"description\":\"Auvillar, Plus beau village de France en Tarn et Garonne- gite Les Bourdettes - Most beautiful villages in France. Site touristique du sud-ouest.\",\"breadcrumb\":{\"@id\":\"https:\/\/gite-bourdettes-auvillar.com\/#breadcrumb\"},\"inLanguage\":\"es-ES\",\"potentialAction\":[{\"@type\":\"ReadAction\",\"target\":[\"https:\/\/gite-bourdettes-auvillar.com\/\"]}]},{\"@type\":\"ImageObject\",\"inLanguage\":\"es-ES\",\"@id\":\"https:\/\/gite-bourdettes-auvillar.com\/#primaryimage\",\"url\":\"http:\/\/gite-bourdettes-auvillar.com\/wp-content\/uploads\/2018\/09\/logo-ADT-small.jpg\",\"contentUrl\":\"http:\/\/gite-bourdettes-auvillar.com\/wp-content\/uploads\/2018\/09\/logo-ADT-small.jpg\"},{\"@type\":\"BreadcrumbList\",\"@id\":\"https:\/\/gite-bourdettes-auvillar.com\/#breadcrumb\",\"itemListElement\":[{\"@type\":\"ListItem\",\"position\":1,\"name\":\"Accueil\",\"item\":\"https:\/\/gite-bourdettes-auvillar.com\/\"},{\"@type\":\"ListItem\",\"position\":2,\"name\":\"Accueil\"}]},{\"@type\":\"WebSite\",\"@id\":\"https:\/\/gite-bourdettes-auvillar.com\/#website\",\"url\":\"https:\/\/gite-bourdettes-auvillar.com\/\",\"name\":\"Gite Les Bourdettes ***\",\"description\":\"Auvillar, un des Plus Beaux Village de France dans le Tarn et Garonne en Occitanie\",\"potentialAction\":[{\"@type\":\"SearchAction\",\"target\":{\"@type\":\"EntryPoint\",\"urlTemplate\":\"https:\/\/gite-bourdettes-auvillar.com\/?s={search_term_string}\"},\"query-input\":{\"@type\":\"PropertyValueSpecification\",\"valueRequired\":true,\"valueName\":\"search_term_string\"}}],\"inLanguage\":\"es-ES\"}]}<\/script>\n<!-- \/ Yoast SEO plugin. -->","yoast_head_json":{"title":"Gite 3 \u00e9toiles, plus beaux villages de France, tourisme sud-ouest, Garonne","description":"Auvillar, Plus beau village de France en Tarn et Garonne- gite Les Bourdettes - Most beautiful villages in France. Site touristique du sud-ouest.","robots":{"index":"index","follow":"follow","max-snippet":"max-snippet:-1","max-image-preview":"max-image-preview:large","max-video-preview":"max-video-preview:-1"},"canonical":"https:\/\/gite-bourdettes-auvillar.com\/es\/","og_locale":"es_ES","og_type":"article","og_title":"[:fr]Gite 3 \u00e9toiles, plus beaux villages de France, tourisme sud-ouest, Garonne[:]","og_description":"[:fr]Auvillar, Plus beau village de France en Tarn et Garonne- gite Les Bourdettes - Most beautiful villages in France. Site touristique du sud-ouest.[:]","og_url":"https:\/\/gite-bourdettes-auvillar.com\/es\/","og_site_name":"Gite Les Bourdettes ***","article_modified_time":"2024-10-10T06:07:52+00:00","og_image":[{"url":"http:\/\/gite-bourdettes-auvillar.com\/wp-content\/uploads\/2018\/09\/logo-ADT-small.jpg","type":"","width":"","height":""}],"twitter_card":"summary_large_image","twitter_misc":{"Tiempo de lectura":"3 minutos"},"schema":{"@context":"https:\/\/schema.org","@graph":[{"@type":"WebPage","@id":"https:\/\/gite-bourdettes-auvillar.com\/","url":"https:\/\/gite-bourdettes-auvillar.com\/","name":"Gite 3 \u00e9toiles, plus beaux villages de France, tourisme sud-ouest, Garonne","isPartOf":{"@id":"https:\/\/gite-bourdettes-auvillar.com\/#website"},"primaryImageOfPage":{"@id":"https:\/\/gite-bourdettes-auvillar.com\/#primaryimage"},"image":{"@id":"https:\/\/gite-bourdettes-auvillar.com\/#primaryimage"},"thumbnailUrl":"http:\/\/gite-bourdettes-auvillar.com\/wp-content\/uploads\/2018\/09\/logo-ADT-small.jpg","datePublished":"2018-05-05T18:02:17+00:00","dateModified":"2024-10-10T06:07:52+00:00","description":"Auvillar, Plus beau village de France en Tarn et Garonne- gite Les Bourdettes - Most beautiful villages in France. Site touristique du sud-ouest.","breadcrumb":{"@id":"https:\/\/gite-bourdettes-auvillar.com\/#breadcrumb"},"inLanguage":"es-ES","potentialAction":[{"@type":"ReadAction","target":["https:\/\/gite-bourdettes-auvillar.com\/"]}]},{"@type":"ImageObject","inLanguage":"es-ES","@id":"https:\/\/gite-bourdettes-auvillar.com\/#primaryimage","url":"http:\/\/gite-bourdettes-auvillar.com\/wp-content\/uploads\/2018\/09\/logo-ADT-small.jpg","contentUrl":"http:\/\/gite-bourdettes-auvillar.com\/wp-content\/uploads\/2018\/09\/logo-ADT-small.jpg"},{"@type":"BreadcrumbList","@id":"https:\/\/gite-bourdettes-auvillar.com\/#breadcrumb","itemListElement":[{"@type":"ListItem","position":1,"name":"Accueil","item":"https:\/\/gite-bourdettes-auvillar.com\/"},{"@type":"ListItem","position":2,"name":"Accueil"}]},{"@type":"WebSite","@id":"https:\/\/gite-bourdettes-auvillar.com\/#website","url":"https:\/\/gite-bourdettes-auvillar.com\/","name":"Gite Les Bourdettes ***","description":"Auvillar, un des Plus Beaux Village de France dans le Tarn et Garonne en Occitanie","potentialAction":[{"@type":"SearchAction","target":{"@type":"EntryPoint","urlTemplate":"https:\/\/gite-bourdettes-auvillar.com\/?s={search_term_string}"},"query-input":{"@type":"PropertyValueSpecification","valueRequired":true,"valueName":"search_term_string"}}],"inLanguage":"es-ES"}]}},"_links":{"self":[{"href":"https:\/\/gite-bourdettes-auvillar.com\/es\/wp-json\/wp\/v2\/pages\/2","targetHints":{"allow":["GET"]}}],"collection":[{"href":"https:\/\/gite-bourdettes-auvillar.com\/es\/wp-json\/wp\/v2\/pages"}],"about":[{"href":"https:\/\/gite-bourdettes-auvillar.com\/es\/wp-json\/wp\/v2\/types\/page"}],"author":[{"embeddable":true,"href":"https:\/\/gite-bourdettes-auvillar.com\/es\/wp-json\/wp\/v2\/users\/1"}],"replies":[{"embeddable":true,"href":"https:\/\/gite-bourdettes-auvillar.com\/es\/wp-json\/wp\/v2\/comments?post=2"}],"version-history":[{"count":267,"href":"https:\/\/gite-bourdettes-auvillar.com\/es\/wp-json\/wp\/v2\/pages\/2\/revisions"}],"predecessor-version":[{"id":1677,"href":"https:\/\/gite-bourdettes-auvillar.com\/es\/wp-json\/wp\/v2\/pages\/2\/revisions\/1677"}],"wp:attachment":[{"href":"https:\/\/gite-bourdettes-auvillar.com\/es\/wp-json\/wp\/v2\/media?parent=2"}],"curies":[{"name":"wp","href":"https:\/\/api.w.org\/{rel}","templated":true}]}}