{"id":278,"date":"2018-06-27T13:34:40","date_gmt":"2018-06-27T11:34:40","guid":{"rendered":"http:\/\/gite-bourdettes-auvillar.com\/?page_id=278"},"modified":"2024-10-10T08:11:00","modified_gmt":"2024-10-10T06:11:00","slug":"tarifs","status":"publish","type":"page","link":"https:\/\/gite-bourdettes-auvillar.com\/es\/tarifs\/","title":{"rendered":"Tarifas\/contrato"},"content":{"rendered":"<p style=\"text-align: center;\"><img loading=\"lazy\" decoding=\"async\" class=\"wp-image-454 aligncenter\" src=\"http:\/\/gite-bourdettes-auvillar.com\/wp-content\/uploads\/2018\/10\/logo-pdf-150x150.jpg\" alt=\"\" width=\"39\" height=\"39\" srcset=\"https:\/\/gite-bourdettes-auvillar.com\/wp-content\/uploads\/2018\/10\/logo-pdf-150x150.jpg 150w, https:\/\/gite-bourdettes-auvillar.com\/wp-content\/uploads\/2018\/10\/logo-pdf.jpg 223w\" sizes=\"auto, (max-width: 39px) 100vw, 39px\" \/>\u21d2 <a href=\"https:\/\/gite-bourdettes-auvillar.com\/wp-content\/uploads\/2023\/12\/contrat-location-gite-meuble-touristique.pdf\" target=\"_blank\" rel=\"noopener\">Descargar contrato y condiciones generales<\/a> \u21d0<br \/>\n(los p\u00e1rrafos en rojo deben ser completados por el inquilino)<\/p>\n<p>Imprima y complete el contrato, luego env\u00edelo por correo postal o correo electr\u00f3nico (solo p\u00e1gina 1 con firma), con su certificado de seguro de responsabilidad civil y cheque de dep\u00f3sito (o por transferencia bancaria si se env\u00eda el contrato) por email). Le devolver\u00e9 su copia firmada.<\/p>\n<hr \/>\n<p><strong>TARIFAS TODO INCLUIDO<\/strong> (s\u00e1banas, s\u00e1banas, calefacci\u00f3n, aire acondicionado, agua), excluyendo impuesto tur\u00edstico :<\/p>\n<p><strong>Del 3 de julio al 1 de septiembre de 2020:<\/strong><br \/>\n110 \u20ac \/ noche (4 noches m\u00ednimo)<\/p>\n<p><strong>1\/2 de julio y septiembre:<\/strong><br \/>\n90 \u20ac \/ noche (3 noches m\u00ednimo)<\/p>\n<p><strong>De octubre a mayo fuera de las vacaciones escolares:<\/strong><br \/>\n55 =>70 \u20ac \/ noche (3 noches m\u00ednimo)<\/p>\n<p>Vacaciones en todas las regiones de Todos los Santos, Navidad, febrero y Pascua:<br \/>\n07 de febrero a 08 de marzo de 2020<br \/>\n03 de abril a 03 de mayo de 2020<br \/>\n17 de octubre a 02 de noviembre de 2020<br \/>\n19 de diciembre a 04 de enero de 2021<br \/>\n90 \u20ac \/ noche (3 noches m\u00ednimo)<\/p>\n<p>=> Para solicitudes de m\u00e1s de una semana, cont\u00e1ctenos para ajustar el precio.<br \/>\n=> <span class=\"Y2IQFc\" lang=\"es\">A\u00f1adir 0,72\u20ac\/noche\/tasa tur\u00edstica de adulto<\/span><\/p>\n<p>.<\/p>\n<p>Pago con cheque, vales de vacaciones o transferencia IBAN<\/p>\n<p>Este precio incluye:<br \/>\nElectricidad \/ agua incluida en el precio.<br \/>\nDesayunos y comidas no incluidos y no ofrecidos.<br \/>\nS\u00e1banas, ropa de hogar y ropa de ba\u00f1o incluidas (excepto pa\u00f1os para llevar, s\u00e1banas \/ cuna). * *<br \/>\nKit de limpieza ofrecido: esponjas, l\u00edquido para lavar platos, detergente para lavar platos y lavadora.<\/p>\n<p>* s\u00e1banas \/ cama: funda de colch\u00f3n impermeable, s\u00e1banas inferiores y s\u00e1banas superiores y mantas + fundas de almohada.<br \/>\n* ropa de ba\u00f1o: 1 toalla de ba\u00f1o y 1 toalla por persona, 1 alfombra de ba\u00f1o. pa\u00f1os no provistos.<br \/>\n* ropa de casa: 2 toallas de mano, 2 pa\u00f1os de cocina, 1 juego de toallas.<\/p>\n<hr \/>\n","protected":false},"excerpt":{"rendered":"<p>\u21d2 Descargar contrato y condiciones generales \u21d0 (los p\u00e1rrafos en rojo deben ser completados por el inquilino) Imprima y complete el contrato, luego env\u00edelo por correo postal o correo electr\u00f3nico (solo p\u00e1gina 1 con firma), con su certificado de seguro de responsabilidad civil y cheque de dep\u00f3sito (o por transferencia bancaria si se env\u00eda el contrato) por email). Le devolver\u00e9<\/p>\n<p><a class=\"more-link\" href=\"https:\/\/gite-bourdettes-auvillar.com\/es\/tarifs\/\">Leer m\u00e1s<\/a><\/p>\n","protected":false},"author":1,"featured_media":0,"parent":0,"menu_order":4,"comment_status":"closed","ping_status":"closed","template":"","meta":{"footnotes":""},"class_list":["post-278","page","type-page","status-publish","hentry"],"yoast_head":"<!-- This site is optimized with the Yoast SEO plugin v25.2 - https:\/\/yoast.com\/wordpress\/plugins\/seo\/ -->\n<title>Tarifas\/contrato - Gite Les Bourdettes ***<\/title>\n<meta name=\"description\" content=\"Tarifas\/contrato\" \/>\n<meta name=\"robots\" content=\"index, follow, max-snippet:-1, max-image-preview:large, max-video-preview:-1\" \/>\n<link rel=\"canonical\" href=\"https:\/\/gite-bourdettes-auvillar.com\/es\/tarifs\/\" \/>\n<meta property=\"og:locale\" content=\"es_ES\" \/>\n<meta property=\"og:locale:alternate\" content=\"en_GB\" \/>\n<meta property=\"og:locale:alternate\" content=\"de_DE\" \/>\n<meta property=\"og:locale:alternate\" content=\"fr_FR\" \/>\n<meta property=\"og:type\" content=\"article\" \/>\n<meta property=\"og:title\" content=\"Tarifas\/contrato\" \/>\n<meta property=\"og:description\" content=\"Tarifas\/contrato\" \/>\n<meta property=\"og:url\" content=\"https:\/\/gite-bourdettes-auvillar.com\/es\/tarifs\/\" \/>\n<meta property=\"og:site_name\" content=\"Gite Les Bourdettes ***\" \/>\n<meta property=\"article:modified_time\" content=\"2024-10-10T06:11:00+00:00\" \/>\n<meta property=\"og:image\" content=\"http:\/\/gite-bourdettes-auvillar.com\/wp-content\/uploads\/2018\/10\/logo-pdf-150x150.jpg\" \/>\n<meta name=\"twitter:card\" content=\"summary_large_image\" \/>\n<meta name=\"twitter:label1\" content=\"Tiempo de lectura\" \/>\n\t<meta name=\"twitter:data1\" content=\"3 minutos\" \/>\n<script type=\"application\/ld+json\" class=\"yoast-schema-graph\">{\"@context\":\"https:\/\/schema.org\",\"@graph\":[{\"@type\":\"WebPage\",\"@id\":\"https:\/\/gite-bourdettes-auvillar.com\/tarifs\/\",\"url\":\"https:\/\/gite-bourdettes-auvillar.com\/tarifs\/\",\"name\":\"Tarifas\/contrato\",\"isPartOf\":{\"@id\":\"https:\/\/gite-bourdettes-auvillar.com\/#website\"},\"primaryImageOfPage\":{\"@id\":\"https:\/\/gite-bourdettes-auvillar.com\/tarifs\/#primaryimage\"},\"image\":{\"@id\":\"https:\/\/gite-bourdettes-auvillar.com\/tarifs\/#primaryimage\"},\"thumbnailUrl\":\"http:\/\/gite-bourdettes-auvillar.com\/wp-content\/uploads\/2018\/10\/logo-pdf-150x150.jpg\",\"datePublished\":\"2018-06-27T11:34:40+00:00\",\"dateModified\":\"2024-10-10T06:11:00+00:00\",\"description\":\"Tarifas\/contrato\",\"breadcrumb\":{\"@id\":\"https:\/\/gite-bourdettes-auvillar.com\/tarifs\/#breadcrumb\"},\"inLanguage\":\"es-ES\",\"potentialAction\":[{\"@type\":\"ReadAction\",\"target\":[\"https:\/\/gite-bourdettes-auvillar.com\/tarifs\/\"]}]},{\"@type\":\"ImageObject\",\"inLanguage\":\"es-ES\",\"@id\":\"https:\/\/gite-bourdettes-auvillar.com\/tarifs\/#primaryimage\",\"url\":\"http:\/\/gite-bourdettes-auvillar.com\/wp-content\/uploads\/2018\/10\/logo-pdf-150x150.jpg\",\"contentUrl\":\"http:\/\/gite-bourdettes-auvillar.com\/wp-content\/uploads\/2018\/10\/logo-pdf-150x150.jpg\"},{\"@type\":\"BreadcrumbList\",\"@id\":\"https:\/\/gite-bourdettes-auvillar.com\/tarifs\/#breadcrumb\",\"itemListElement\":[{\"@type\":\"ListItem\",\"position\":1,\"name\":\"Accueil\",\"item\":\"https:\/\/gite-bourdettes-auvillar.com\/\"},{\"@type\":\"ListItem\",\"position\":2,\"name\":\"Tarifs\/contrat\"}]},{\"@type\":\"WebSite\",\"@id\":\"https:\/\/gite-bourdettes-auvillar.com\/#website\",\"url\":\"https:\/\/gite-bourdettes-auvillar.com\/\",\"name\":\"Gite Les Bourdettes ***\",\"description\":\"Auvillar, un des Plus Beaux Village de France dans le Tarn et Garonne en Occitanie\",\"potentialAction\":[{\"@type\":\"SearchAction\",\"target\":{\"@type\":\"EntryPoint\",\"urlTemplate\":\"https:\/\/gite-bourdettes-auvillar.com\/?s={search_term_string}\"},\"query-input\":{\"@type\":\"PropertyValueSpecification\",\"valueRequired\":true,\"valueName\":\"search_term_string\"}}],\"inLanguage\":\"es-ES\"}]}<\/script>\n<!-- \/ Yoast SEO plugin. -->","yoast_head_json":{"title":"Tarifas\/contrato - Gite Les Bourdettes ***","description":"[:en]Rates \/ contract[:de]Preise\/Vertrag[:es]Tarifas\/contrato[:fr]Tarifs\/contrat[:]","robots":{"index":"index","follow":"follow","max-snippet":"max-snippet:-1","max-image-preview":"max-image-preview:large","max-video-preview":"max-video-preview:-1"},"canonical":"https:\/\/gite-bourdettes-auvillar.com\/es\/tarifs\/","og_locale":"es_ES","og_type":"article","og_title":"[:en]Rates \/ contract[:de]Preise\/Vertrag[:es]Tarifas\/contrato[:fr]Tarifs\/contrat[:] - Gite Les Bourdettes ***","og_description":"[:en]Rates \/ contract[:de]Preise\/Vertrag[:es]Tarifas\/contrato[:fr]Tarifs\/contrat[:]","og_url":"https:\/\/gite-bourdettes-auvillar.com\/es\/tarifs\/","og_site_name":"Gite Les Bourdettes ***","article_modified_time":"2024-10-10T06:11:00+00:00","og_image":[{"url":"http:\/\/gite-bourdettes-auvillar.com\/wp-content\/uploads\/2018\/10\/logo-pdf-150x150.jpg","type":"","width":"","height":""}],"twitter_card":"summary_large_image","twitter_misc":{"Tiempo de lectura":"3 minutos"},"schema":{"@context":"https:\/\/schema.org","@graph":[{"@type":"WebPage","@id":"https:\/\/gite-bourdettes-auvillar.com\/tarifs\/","url":"https:\/\/gite-bourdettes-auvillar.com\/tarifs\/","name":"Tarifas\/contrato","isPartOf":{"@id":"https:\/\/gite-bourdettes-auvillar.com\/#website"},"primaryImageOfPage":{"@id":"https:\/\/gite-bourdettes-auvillar.com\/tarifs\/#primaryimage"},"image":{"@id":"https:\/\/gite-bourdettes-auvillar.com\/tarifs\/#primaryimage"},"thumbnailUrl":"http:\/\/gite-bourdettes-auvillar.com\/wp-content\/uploads\/2018\/10\/logo-pdf-150x150.jpg","datePublished":"2018-06-27T11:34:40+00:00","dateModified":"2024-10-10T06:11:00+00:00","description":"Tarifas\/contrato","breadcrumb":{"@id":"https:\/\/gite-bourdettes-auvillar.com\/tarifs\/#breadcrumb"},"inLanguage":"es-ES","potentialAction":[{"@type":"ReadAction","target":["https:\/\/gite-bourdettes-auvillar.com\/tarifs\/"]}]},{"@type":"ImageObject","inLanguage":"es-ES","@id":"https:\/\/gite-bourdettes-auvillar.com\/tarifs\/#primaryimage","url":"http:\/\/gite-bourdettes-auvillar.com\/wp-content\/uploads\/2018\/10\/logo-pdf-150x150.jpg","contentUrl":"http:\/\/gite-bourdettes-auvillar.com\/wp-content\/uploads\/2018\/10\/logo-pdf-150x150.jpg"},{"@type":"BreadcrumbList","@id":"https:\/\/gite-bourdettes-auvillar.com\/tarifs\/#breadcrumb","itemListElement":[{"@type":"ListItem","position":1,"name":"Accueil","item":"https:\/\/gite-bourdettes-auvillar.com\/"},{"@type":"ListItem","position":2,"name":"Tarifs\/contrat"}]},{"@type":"WebSite","@id":"https:\/\/gite-bourdettes-auvillar.com\/#website","url":"https:\/\/gite-bourdettes-auvillar.com\/","name":"Gite Les Bourdettes ***","description":"Auvillar, un des Plus Beaux Village de France dans le Tarn et Garonne en Occitanie","potentialAction":[{"@type":"SearchAction","target":{"@type":"EntryPoint","urlTemplate":"https:\/\/gite-bourdettes-auvillar.com\/?s={search_term_string}"},"query-input":{"@type":"PropertyValueSpecification","valueRequired":true,"valueName":"search_term_string"}}],"inLanguage":"es-ES"}]}},"_links":{"self":[{"href":"https:\/\/gite-bourdettes-auvillar.com\/es\/wp-json\/wp\/v2\/pages\/278","targetHints":{"allow":["GET"]}}],"collection":[{"href":"https:\/\/gite-bourdettes-auvillar.com\/es\/wp-json\/wp\/v2\/pages"}],"about":[{"href":"https:\/\/gite-bourdettes-auvillar.com\/es\/wp-json\/wp\/v2\/types\/page"}],"author":[{"embeddable":true,"href":"https:\/\/gite-bourdettes-auvillar.com\/es\/wp-json\/wp\/v2\/users\/1"}],"replies":[{"embeddable":true,"href":"https:\/\/gite-bourdettes-auvillar.com\/es\/wp-json\/wp\/v2\/comments?post=278"}],"version-history":[{"count":102,"href":"https:\/\/gite-bourdettes-auvillar.com\/es\/wp-json\/wp\/v2\/pages\/278\/revisions"}],"predecessor-version":[{"id":1580,"href":"https:\/\/gite-bourdettes-auvillar.com\/es\/wp-json\/wp\/v2\/pages\/278\/revisions\/1580"}],"wp:attachment":[{"href":"https:\/\/gite-bourdettes-auvillar.com\/es\/wp-json\/wp\/v2\/media?parent=278"}],"curies":[{"name":"wp","href":"https:\/\/api.w.org\/{rel}","templated":true}]}}