{"id":475,"date":"2018-11-27T11:52:16","date_gmt":"2018-11-27T10:52:16","guid":{"rendered":"http:\/\/gite-bourdettes-auvillar.com\/?page_id=475"},"modified":"2024-09-11T08:22:14","modified_gmt":"2024-09-11T06:22:14","slug":"alentours","status":"publish","type":"page","link":"https:\/\/gite-bourdettes-auvillar.com\/es\/alentours\/","title":{"rendered":"Visitas\/experiencias"},"content":{"rendered":"<p><strong>Sitio web oficial de turismo de Tarn y Garona :<\/strong><br \/>\n<a href=\"http:\/\/www.tourisme-tarnetgaronne.fr\/\" target=\"_blank\" rel=\"noopener noreferrer\">http:\/\/www.tourisme-tarnetgaronne.fr\/<\/a><\/p>\n<p><strong>Sanderismo<\/strong> : <a href=\"_wp_link_placeholder\" data-wplink-edit=\"true\">https:\/\/www.cirkwi.com\/fr\/auteur\/161217\/office-de-tourisme-des-deux-rives<\/a><\/p>\n<p><span style=\"color: #ff6600;\"><strong>Experiencias:<\/strong><\/span><br \/>\n<strong>Golfech (8km)<\/strong><br \/>\nPlanta nuclear &#8211; CNPE de Golfech &#8211; <a href=\"https:\/\/www.edf.fr\/groupe-edf\/nos-energies\/carte-de-nos-implantations-industrielles-en-france\/centrale-nucleaire-de-golfech\/visitez-la-centrale-et-l-espace-decouverte\" target=\"_blank\" rel=\"noopener noreferrer\">visites<\/a><br \/>\nestaci\u00f3n de energ\u00eda hidr\u00e1ulica &#8211; elevador de peces : <a href=\"https:\/\/www.entrepriseetdecouverte.fr\/property\/edf-centrale-hydraulique-de-golfech\/\" target=\"_blank\" rel=\"noopener noreferrer\">visite<\/a><\/p>\n<p><strong>Flamarens (5 km)<\/strong><\/p>\n<ul>\n<li style=\"text-align: left;\">iglesia en restauraci\u00f3n<\/li>\n<li>Los Pirineos son visibles si hace buen tiempo.<\/li>\n<\/ul>\n<p><strong>Museo de arneses en Lalande (6km)<\/strong><br \/>\nGratis y con cita previa. &#8211; <a href=\"http:\/\/www.museedelattelage.sitew.fr\/#Introduction_du_musee.A\" target=\"_blank\" rel=\"noopener noreferrer\">site web<\/a><br \/>\n<a href=\"http:\/\/www.tourisme-tarnetgaronne.fr\/diffusio\/en\/near\/goudourville\/musee-de-l-attelage-a-lalande_TFOLCUMIP0820000312.php\" target=\"_blank\" rel=\"noopener noreferrer\">Voir aussi sur le site Tarn &#038; Garonne Tourisme<\/a><\/p>\n<p><strong><span style=\"color: #ff6600;\">Visitas \/ ocio :<br \/>\n<\/span><\/strong><strong>Valence d&#8217;Agen (\u00e0 5km)<br \/>\n<\/strong>Cin\u00e9ma Apollo : <a href=\"https:\/\/valencedagen.fr\/index.php\/cinema-apollo\/\" target=\"_blank\" rel=\"noopener noreferrer\">https:\/\/valencedagen.fr\/index.php\/cinema-apollo\/<\/a><br \/>\n<a href=\"http:\/\/www.cc-deuxrives.fr\/spip\/-Piscine-d-ete-Valence-d-Agen-.html\" target=\"_blank\" rel=\"noopener noreferrer\">Piscine<\/a> pr\u00e8s du stade : <a href=\"http:\/\/www.cc-deuxrives.fr\/spip\/-Piscine-d-ete-Valence-d-Agen-.html\" target=\"_blank\" rel=\"noopener noreferrer\">http:\/\/www.cc-deuxrives.fr\/spip\/-Piscine-d-ete-Valence-d-Agen-.html<\/a><\/p>\n<p style=\"text-align: left;\"><strong>Espalais (\u00e0 1km)<\/strong><br \/>\n<a href=\"http:\/\/www.golfespalais.com\/\" target=\"_blank\" rel=\"noopener noreferrer\">Golf<\/a> 9 trous : <a href=\"http:\/\/www.golfespalais.com\/\" target=\"_blank\" rel=\"noopener noreferrer\">http:\/\/www.golfespalais.com\/<\/a><\/p>\n<p><strong>El castillo de Lamotte Bardigues (4 km)<\/strong><br \/>\nAsumido en julio de 2018 por una joven pareja de la 20a generaci\u00f3n de propietarios, el Ch\u00e2teau de Lamotte-Bardigues estar\u00e1 abierto por primera vez esta semana a visitas guiadas de lunes a viernes de 9:30 a.m. a domingo a las 3 p.m., excepto en Julio y agosto (ver abajo).<br \/>\n<a href=\"http:\/\/gite-bourdettes-auvillar.com\/wp-content\/uploads\/2019\/04\/lamotte-bardigues.pdf\" target=\"_blank\" rel=\"noopener noreferrer\">Voir le flyer<\/a><\/p>\n<p><strong>Donzac (8km)<\/strong><br \/>\nMuseo de la ruralidad, Conservatoire des m\u00e9tiers d&#8217;autrefois : <a href=\"https:\/\/www.conservatoiredesmetiersdautrefois.fr\" target=\"_blank\" rel=\"noopener\">https:\/\/www.conservatoiredesmetiersdautrefois.fr<\/a><\/p>\n<p><strong>Merles (8km)<\/strong><br \/>\nRoble Enrique IV :<a href=\"http:\/\/www.merles.fr\/fr\/tourisme\/le-chene-dhenri-iv.html\" target=\"_blank\" rel=\"noopener noreferrer\"> http:\/\/www.merles.fr\/fr\/tourisme\/le-chene-dhenri-iv.html<\/a><\/p>\n<p><strong>Base de ocio Saint-Nicolas de la Grave<\/strong> (10 km)<br \/>\n<a href=\"http:\/\/www.stnicolasdelag.online.fr\/loisirs.htm\" target=\"_blank\" rel=\"noopener noreferrer\">http:\/\/www.stnicolasdelag.online.fr\/loisirs.htm<\/a><br \/>\nPaseos en bicicleta de monta\u00f1a &#8211; Tiro con arco &#8211; Bolera &#8211; \u00c1rea de picnic.<br \/>\narboretum &#8211; rutas de senderismo.<br \/>\ndescubrimiento del observatorio ornitol\u00f3gico &#8230;<br \/>\nCursos de vela, windsurf y canoa-kayak para grupos e individuales (420, X4, catamaranes, optimistas, mini-solistas, carabelas, canoas, kayak, &#8230;).<br \/>\nPaseo en peque\u00f1as lanchas a motor, bote a pedal, piscina, pesca.<\/p>\n<p><strong>Lauzerte, plus beau village de France (25km)<\/strong><br \/>\n<a href=\"http:\/\/www.lauzerte.fr\/\" target=\"_blank\" rel=\"noopener noreferrer\">http:\/\/www.lauzerte.fr\/<\/a><\/p>\n<p><strong>Goudourville (10km)<\/strong><br \/>\nLe Ch\u00e2teau :\u00a0<a href=\"http:\/\/www.chateau-goudourville.fr\/fr\/\" target=\"_blank\" rel=\"noopener noreferrer\">http:\/\/www.chateau-goudourville.fr\/fr\/<\/a><\/p>\n<p><strong>Canal des deux mers<\/strong><br \/>\nA v\u00e9lo : <a href=\"https:\/\/www.canaldes2mersavelo.com\/\" target=\"_blank\" rel=\"noopener noreferrer\">https:\/\/www.canaldes2mersavelo.com\/<\/a><br \/>\nEn bateau : <a href=\"https:\/\/www.tourisme-moissac-terresdesconfluences.fr\/fr\/decouvrir\/nos-incontournables\/le-canal-des-deux-mers-entre-castel-et-st-nicolas\" target=\"_blank\" rel=\"noopener noreferrer\">https:\/\/www.tourisme-moissac-terresdesconfluences.fr\/fr\/decouvrir\/nos-incontournables\/le-canal-des-deux-mers-entre-castel-et-st-nicolas<\/a><\/p>\n<p><strong>Castelculier (20km)<\/strong><br \/>\nVillascopia, thermes gallo-romaines du IV\u00e8me si\u00e8cle :<a href=\"https:\/\/www.villascopia.fr\/\" target=\"_blank\" rel=\"noopener noreferrer\">https:\/\/www.villascopia.fr\/<\/a><\/p>\n<p><strong>Moissac (20km)<\/strong><br \/>\nL&#8217;abbaye et son clo\u00eetre : <a href=\"https:\/\/www.tourisme-moissac-terresdesconfluences.fr\/fr\" target=\"_blank\" rel=\"noopener noreferrer\">https:\/\/www.tourisme-moissac-terresdesconfluences.fr\/fr<\/a><\/p>\n<p><strong>Agen (30km)<\/strong><br \/>\nTourisme :<a href=\"http:\/\/www.destination-agen.com\/\" target=\"_blank\" rel=\"noopener noreferrer\"> http:\/\/www.destination-agen.com\/<\/a><br \/>\nWalygator : <a href=\"https:\/\/www.walygatorparc.com\/sudouest\/\" target=\"_blank\" rel=\"noopener\">https:\/\/www.walygatorparc.com\/sudouest\/<\/a><br \/>\nMus\u00e9e des Beaux-Arts : <a href=\"http:\/\/www.agen.fr\/musee\" target=\"_blank\" rel=\"noopener noreferrer\">http:\/\/www.agen.fr\/musee<\/a><\/p>\n","protected":false},"excerpt":{"rendered":"<p>Sitio web oficial de turismo de Tarn y Garona : http:\/\/www.tourisme-tarnetgaronne.fr\/ Sanderismo : https:\/\/www.cirkwi.com\/fr\/auteur\/161217\/office-de-tourisme-des-deux-rives Experiencias: Golfech (8km) Planta nuclear &#8211; CNPE de Golfech &#8211; visites estaci\u00f3n de energ\u00eda hidr\u00e1ulica &#8211; elevador de peces : visite Flamarens (5 km) iglesia en restauraci\u00f3n Los Pirineos son visibles si hace buen tiempo. Museo de arneses en Lalande (6km) Gratis y con cita previa.<\/p>\n<p><a class=\"more-link\" href=\"https:\/\/gite-bourdettes-auvillar.com\/es\/alentours\/\">Leer m\u00e1s<\/a><\/p>\n","protected":false},"author":1,"featured_media":0,"parent":0,"menu_order":7,"comment_status":"closed","ping_status":"closed","template":"","meta":{"footnotes":""},"class_list":["post-475","page","type-page","status-publish","hentry"],"yoast_head":"<!-- This site is optimized with the Yoast SEO plugin v25.2 - https:\/\/yoast.com\/wordpress\/plugins\/seo\/ -->\n<title>Visitas\/experiencias - Gite Les Bourdettes ***<\/title>\n<meta name=\"description\" content=\"Visitas\/experiencias\" \/>\n<meta name=\"robots\" content=\"index, follow, max-snippet:-1, max-image-preview:large, max-video-preview:-1\" \/>\n<link rel=\"canonical\" href=\"https:\/\/gite-bourdettes-auvillar.com\/es\/alentours\/\" \/>\n<meta property=\"og:locale\" content=\"es_ES\" \/>\n<meta property=\"og:locale:alternate\" content=\"en_GB\" \/>\n<meta property=\"og:locale:alternate\" content=\"de_DE\" \/>\n<meta property=\"og:locale:alternate\" content=\"fr_FR\" \/>\n<meta property=\"og:type\" content=\"article\" \/>\n<meta property=\"og:title\" content=\"Visitas\/experiencias\" \/>\n<meta property=\"og:description\" content=\"Visitas\/experiencias\" \/>\n<meta property=\"og:url\" content=\"https:\/\/gite-bourdettes-auvillar.com\/es\/alentours\/\" \/>\n<meta property=\"og:site_name\" content=\"Gite Les Bourdettes ***\" \/>\n<meta property=\"article:modified_time\" content=\"2024-09-11T06:22:14+00:00\" \/>\n<meta name=\"twitter:card\" content=\"summary_large_image\" \/>\n<meta name=\"twitter:label1\" content=\"Tiempo de lectura\" \/>\n\t<meta name=\"twitter:data1\" content=\"2 minutos\" \/>\n<script type=\"application\/ld+json\" class=\"yoast-schema-graph\">{\"@context\":\"https:\/\/schema.org\",\"@graph\":[{\"@type\":\"WebPage\",\"@id\":\"https:\/\/gite-bourdettes-auvillar.com\/alentours\/\",\"url\":\"https:\/\/gite-bourdettes-auvillar.com\/alentours\/\",\"name\":\"Visitas\/experiencias\",\"isPartOf\":{\"@id\":\"https:\/\/gite-bourdettes-auvillar.com\/#website\"},\"datePublished\":\"2018-11-27T10:52:16+00:00\",\"dateModified\":\"2024-09-11T06:22:14+00:00\",\"description\":\"Visitas\/experiencias\",\"breadcrumb\":{\"@id\":\"https:\/\/gite-bourdettes-auvillar.com\/alentours\/#breadcrumb\"},\"inLanguage\":\"es-ES\",\"potentialAction\":[{\"@type\":\"ReadAction\",\"target\":[\"https:\/\/gite-bourdettes-auvillar.com\/alentours\/\"]}]},{\"@type\":\"BreadcrumbList\",\"@id\":\"https:\/\/gite-bourdettes-auvillar.com\/alentours\/#breadcrumb\",\"itemListElement\":[{\"@type\":\"ListItem\",\"position\":1,\"name\":\"Accueil\",\"item\":\"https:\/\/gite-bourdettes-auvillar.com\/\"},{\"@type\":\"ListItem\",\"position\":2,\"name\":\"Visites\/Exp\u00e9riences\"}]},{\"@type\":\"WebSite\",\"@id\":\"https:\/\/gite-bourdettes-auvillar.com\/#website\",\"url\":\"https:\/\/gite-bourdettes-auvillar.com\/\",\"name\":\"Gite Les Bourdettes ***\",\"description\":\"Auvillar, un des Plus Beaux Village de France dans le Tarn et Garonne en Occitanie\",\"potentialAction\":[{\"@type\":\"SearchAction\",\"target\":{\"@type\":\"EntryPoint\",\"urlTemplate\":\"https:\/\/gite-bourdettes-auvillar.com\/?s={search_term_string}\"},\"query-input\":{\"@type\":\"PropertyValueSpecification\",\"valueRequired\":true,\"valueName\":\"search_term_string\"}}],\"inLanguage\":\"es-ES\"}]}<\/script>\n<!-- \/ Yoast SEO plugin. -->","yoast_head_json":{"title":"Visitas\/experiencias - Gite Les Bourdettes ***","description":"[:en]Visits\/Exp\u00e9riences[:de]Besuche\/Erfahrungen[:es]Visitas\/experiencias[:fr]Visites\/Exp\u00e9riences[:]","robots":{"index":"index","follow":"follow","max-snippet":"max-snippet:-1","max-image-preview":"max-image-preview:large","max-video-preview":"max-video-preview:-1"},"canonical":"https:\/\/gite-bourdettes-auvillar.com\/es\/alentours\/","og_locale":"es_ES","og_type":"article","og_title":"[:en]Visits\/Exp\u00e9riences[:de]Besuche\/Erfahrungen[:es]Visitas\/experiencias[:fr]Visites\/Exp\u00e9riences[:] - Gite Les Bourdettes ***","og_description":"[:en]Visits\/Exp\u00e9riences[:de]Besuche\/Erfahrungen[:es]Visitas\/experiencias[:fr]Visites\/Exp\u00e9riences[:]","og_url":"https:\/\/gite-bourdettes-auvillar.com\/es\/alentours\/","og_site_name":"Gite Les Bourdettes ***","article_modified_time":"2024-09-11T06:22:14+00:00","twitter_card":"summary_large_image","twitter_misc":{"Tiempo de lectura":"2 minutos"},"schema":{"@context":"https:\/\/schema.org","@graph":[{"@type":"WebPage","@id":"https:\/\/gite-bourdettes-auvillar.com\/alentours\/","url":"https:\/\/gite-bourdettes-auvillar.com\/alentours\/","name":"Visitas\/experiencias","isPartOf":{"@id":"https:\/\/gite-bourdettes-auvillar.com\/#website"},"datePublished":"2018-11-27T10:52:16+00:00","dateModified":"2024-09-11T06:22:14+00:00","description":"Visitas\/experiencias","breadcrumb":{"@id":"https:\/\/gite-bourdettes-auvillar.com\/alentours\/#breadcrumb"},"inLanguage":"es-ES","potentialAction":[{"@type":"ReadAction","target":["https:\/\/gite-bourdettes-auvillar.com\/alentours\/"]}]},{"@type":"BreadcrumbList","@id":"https:\/\/gite-bourdettes-auvillar.com\/alentours\/#breadcrumb","itemListElement":[{"@type":"ListItem","position":1,"name":"Accueil","item":"https:\/\/gite-bourdettes-auvillar.com\/"},{"@type":"ListItem","position":2,"name":"Visites\/Exp\u00e9riences"}]},{"@type":"WebSite","@id":"https:\/\/gite-bourdettes-auvillar.com\/#website","url":"https:\/\/gite-bourdettes-auvillar.com\/","name":"Gite Les Bourdettes ***","description":"Auvillar, un des Plus Beaux Village de France dans le Tarn et Garonne en Occitanie","potentialAction":[{"@type":"SearchAction","target":{"@type":"EntryPoint","urlTemplate":"https:\/\/gite-bourdettes-auvillar.com\/?s={search_term_string}"},"query-input":{"@type":"PropertyValueSpecification","valueRequired":true,"valueName":"search_term_string"}}],"inLanguage":"es-ES"}]}},"_links":{"self":[{"href":"https:\/\/gite-bourdettes-auvillar.com\/es\/wp-json\/wp\/v2\/pages\/475","targetHints":{"allow":["GET"]}}],"collection":[{"href":"https:\/\/gite-bourdettes-auvillar.com\/es\/wp-json\/wp\/v2\/pages"}],"about":[{"href":"https:\/\/gite-bourdettes-auvillar.com\/es\/wp-json\/wp\/v2\/types\/page"}],"author":[{"embeddable":true,"href":"https:\/\/gite-bourdettes-auvillar.com\/es\/wp-json\/wp\/v2\/users\/1"}],"replies":[{"embeddable":true,"href":"https:\/\/gite-bourdettes-auvillar.com\/es\/wp-json\/wp\/v2\/comments?post=475"}],"version-history":[{"count":57,"href":"https:\/\/gite-bourdettes-auvillar.com\/es\/wp-json\/wp\/v2\/pages\/475\/revisions"}],"predecessor-version":[{"id":1530,"href":"https:\/\/gite-bourdettes-auvillar.com\/es\/wp-json\/wp\/v2\/pages\/475\/revisions\/1530"}],"wp:attachment":[{"href":"https:\/\/gite-bourdettes-auvillar.com\/es\/wp-json\/wp\/v2\/media?parent=475"}],"curies":[{"name":"wp","href":"https:\/\/api.w.org\/{rel}","templated":true}]}}