{"id":832,"date":"2020-05-28T11:24:49","date_gmt":"2020-05-28T09:24:49","guid":{"rendered":"http:\/\/gite-bourdettes-auvillar.com\/?page_id=832"},"modified":"2020-06-12T13:17:04","modified_gmt":"2020-06-12T11:17:04","slug":"location-de-velos","status":"publish","type":"page","link":"https:\/\/gite-bourdettes-auvillar.com\/es\/location-de-velos\/","title":{"rendered":"Alquiler de bicicletas"},"content":{"rendered":"\n<p>Magasin GO Cycles<br>53 avenue du Midi<br>82400 GOLFECH<br>0563958207<br><a href=\"mailto:gocycles@orange.fr\">gocycles@orange.fr<\/a><\/p>\n\n\n\n<p>\u00e0 5km d&#8217;Auvillar, et \u00e0 200m du Canal des Deux Mers.<\/p>\n\n\n\n<p>De lunes a s\u00e1bado, de 9 a.m. a 12 p.m. y de 2 p.m. a 7 p.m.<br>Alquiler de medio d\u00eda, d\u00eda completo, 3 d\u00edas<br>MTB y bicicleta h\u00edbrida, casco incluido + kit de reparaci\u00f3n + dispositivo antirrobo<br>Precios 2020<\/p>\n\n\n\n<figure class=\"wp-block-table\"><table><tbody><tr><td><\/td><td>1\/2 d\u00eda<\/td><td>1 d\u00eda<\/td><td>3 d\u00edas<br>(excepto julio \/ agosto)<\/td><\/tr><tr><td>Adulto<\/td><td>10\u20ac<\/td><td>15\u20ac<\/td><td>35\u20ac<\/td><\/tr><tr><td>Ni\u00f1o<\/td><td>7\u20ac<\/td><td>10\u20ac<\/td><td>25\u20ac<\/td><\/tr><tr><td>Remolque<\/td><td>10\u20ac<\/td><td>15\u20ac<\/td><td>25\u20ac<\/td><\/tr><\/tbody><\/table><\/figure>\n\n\n\n<div class=\"wp-block-image\"><figure class=\"aligncenter size-large\"><img loading=\"lazy\" decoding=\"async\" width=\"450\" height=\"329\" src=\"http:\/\/gite-bourdettes-auvillar.com\/wp-content\/uploads\/2020\/05\/loc-velo-01.jpg\" alt=\"\" class=\"wp-image-833\" srcset=\"https:\/\/gite-bourdettes-auvillar.com\/wp-content\/uploads\/2020\/05\/loc-velo-01.jpg 450w, https:\/\/gite-bourdettes-auvillar.com\/wp-content\/uploads\/2020\/05\/loc-velo-01-300x219.jpg 300w\" sizes=\"auto, (max-width: 450px) 100vw, 450px\" \/><figcaption>Go Cycles \u00e0 Golfech<\/figcaption><\/figure><\/div>\n\n\n\n<div class=\"wp-block-image\"><figure class=\"aligncenter size-large\"><img loading=\"lazy\" decoding=\"async\" width=\"450\" height=\"340\" src=\"http:\/\/gite-bourdettes-auvillar.com\/wp-content\/uploads\/2020\/05\/loc-velo-02.jpg\" alt=\"\" class=\"wp-image-834\" srcset=\"https:\/\/gite-bourdettes-auvillar.com\/wp-content\/uploads\/2020\/05\/loc-velo-02.jpg 450w, https:\/\/gite-bourdettes-auvillar.com\/wp-content\/uploads\/2020\/05\/loc-velo-02-300x227.jpg 300w\" sizes=\"auto, (max-width: 450px) 100vw, 450px\" \/><figcaption>V\u00e9los \u00e0 louer<\/figcaption><\/figure><\/div>\n","protected":false},"excerpt":{"rendered":"<p>Magasin GO Cycles53 avenue du Midi82400 GOLFECH0563958207gocycles@orange.fr \u00e0 5km d&#8217;Auvillar, et \u00e0 200m du Canal des Deux Mers. De lunes a s\u00e1bado, de 9 a.m. a 12 p.m. y de 2 p.m. a 7 p.m.Alquiler de medio d\u00eda, d\u00eda completo, 3 d\u00edasMTB y bicicleta h\u00edbrida, casco incluido + kit de reparaci\u00f3n + dispositivo antirroboPrecios 2020 1\/2 d\u00eda 1 d\u00eda 3<\/p>\n<p><a class=\"more-link\" href=\"https:\/\/gite-bourdettes-auvillar.com\/es\/location-de-velos\/\">Leer m\u00e1s<\/a><\/p>\n","protected":false},"author":1,"featured_media":0,"parent":0,"menu_order":0,"comment_status":"closed","ping_status":"closed","template":"","meta":{"footnotes":""},"class_list":["post-832","page","type-page","status-publish","hentry"],"yoast_head":"<!-- This site is optimized with the Yoast SEO plugin v25.2 - https:\/\/yoast.com\/wordpress\/plugins\/seo\/ -->\n<title>Alquiler de bicicletas - Gite Les Bourdettes ***<\/title>\n<meta name=\"description\" content=\"Alquiler de bicicletas\" \/>\n<meta name=\"robots\" content=\"index, follow, max-snippet:-1, max-image-preview:large, max-video-preview:-1\" \/>\n<link rel=\"canonical\" href=\"https:\/\/gite-bourdettes-auvillar.com\/es\/location-de-velos\/\" \/>\n<meta property=\"og:locale\" content=\"es_ES\" \/>\n<meta property=\"og:locale:alternate\" content=\"en_GB\" \/>\n<meta property=\"og:locale:alternate\" content=\"de_DE\" \/>\n<meta property=\"og:locale:alternate\" content=\"fr_FR\" \/>\n<meta property=\"og:type\" content=\"article\" \/>\n<meta property=\"og:title\" content=\"Alquiler de bicicletas\" \/>\n<meta property=\"og:description\" content=\"Alquiler de bicicletas\" \/>\n<meta property=\"og:url\" content=\"https:\/\/gite-bourdettes-auvillar.com\/es\/location-de-velos\/\" \/>\n<meta property=\"og:site_name\" content=\"Gite Les Bourdettes ***\" \/>\n<meta property=\"article:modified_time\" content=\"2020-06-12T11:17:04+00:00\" \/>\n<meta property=\"og:image\" content=\"http:\/\/gite-bourdettes-auvillar.com\/wp-content\/uploads\/2020\/05\/loc-velo-01.jpg\" \/>\n<meta name=\"twitter:card\" content=\"summary_large_image\" \/>\n<meta name=\"twitter:label1\" content=\"Tiempo de lectura\" \/>\n\t<meta name=\"twitter:data1\" content=\"1 minuto\" \/>\n<script type=\"application\/ld+json\" class=\"yoast-schema-graph\">{\"@context\":\"https:\/\/schema.org\",\"@graph\":[{\"@type\":\"WebPage\",\"@id\":\"https:\/\/gite-bourdettes-auvillar.com\/location-de-velos\/\",\"url\":\"https:\/\/gite-bourdettes-auvillar.com\/location-de-velos\/\",\"name\":\"Alquiler de bicicletas\",\"isPartOf\":{\"@id\":\"https:\/\/gite-bourdettes-auvillar.com\/#website\"},\"primaryImageOfPage\":{\"@id\":\"https:\/\/gite-bourdettes-auvillar.com\/location-de-velos\/#primaryimage\"},\"image\":{\"@id\":\"https:\/\/gite-bourdettes-auvillar.com\/location-de-velos\/#primaryimage\"},\"thumbnailUrl\":\"http:\/\/gite-bourdettes-auvillar.com\/wp-content\/uploads\/2020\/05\/loc-velo-01.jpg\",\"datePublished\":\"2020-05-28T09:24:49+00:00\",\"dateModified\":\"2020-06-12T11:17:04+00:00\",\"description\":\"Alquiler de bicicletas\",\"breadcrumb\":{\"@id\":\"https:\/\/gite-bourdettes-auvillar.com\/location-de-velos\/#breadcrumb\"},\"inLanguage\":\"es-ES\",\"potentialAction\":[{\"@type\":\"ReadAction\",\"target\":[\"https:\/\/gite-bourdettes-auvillar.com\/location-de-velos\/\"]}]},{\"@type\":\"ImageObject\",\"inLanguage\":\"es-ES\",\"@id\":\"https:\/\/gite-bourdettes-auvillar.com\/location-de-velos\/#primaryimage\",\"url\":\"http:\/\/gite-bourdettes-auvillar.com\/wp-content\/uploads\/2020\/05\/loc-velo-01.jpg\",\"contentUrl\":\"http:\/\/gite-bourdettes-auvillar.com\/wp-content\/uploads\/2020\/05\/loc-velo-01.jpg\"},{\"@type\":\"BreadcrumbList\",\"@id\":\"https:\/\/gite-bourdettes-auvillar.com\/location-de-velos\/#breadcrumb\",\"itemListElement\":[{\"@type\":\"ListItem\",\"position\":1,\"name\":\"Accueil\",\"item\":\"https:\/\/gite-bourdettes-auvillar.com\/\"},{\"@type\":\"ListItem\",\"position\":2,\"name\":\"Location de v\u00e9los\"}]},{\"@type\":\"WebSite\",\"@id\":\"https:\/\/gite-bourdettes-auvillar.com\/#website\",\"url\":\"https:\/\/gite-bourdettes-auvillar.com\/\",\"name\":\"Gite Les Bourdettes ***\",\"description\":\"Auvillar, un des Plus Beaux Village de France dans le Tarn et Garonne en Occitanie\",\"potentialAction\":[{\"@type\":\"SearchAction\",\"target\":{\"@type\":\"EntryPoint\",\"urlTemplate\":\"https:\/\/gite-bourdettes-auvillar.com\/?s={search_term_string}\"},\"query-input\":{\"@type\":\"PropertyValueSpecification\",\"valueRequired\":true,\"valueName\":\"search_term_string\"}}],\"inLanguage\":\"es-ES\"}]}<\/script>\n<!-- \/ Yoast SEO plugin. -->","yoast_head_json":{"title":"Alquiler de bicicletas - Gite Les Bourdettes ***","description":"[:en]Bike rental[:de]Fahrradverleih[:es]Alquiler de bicicletas[:fr]Location de v\u00e9los[:]","robots":{"index":"index","follow":"follow","max-snippet":"max-snippet:-1","max-image-preview":"max-image-preview:large","max-video-preview":"max-video-preview:-1"},"canonical":"https:\/\/gite-bourdettes-auvillar.com\/es\/location-de-velos\/","og_locale":"es_ES","og_type":"article","og_title":"[:en]Bike rental[:de]Fahrradverleih[:es]Alquiler de bicicletas[:fr]Location de v\u00e9los[:] - Gite Les Bourdettes ***","og_description":"[:en]Bike rental[:de]Fahrradverleih[:es]Alquiler de bicicletas[:fr]Location de v\u00e9los[:]","og_url":"https:\/\/gite-bourdettes-auvillar.com\/es\/location-de-velos\/","og_site_name":"Gite Les Bourdettes ***","article_modified_time":"2020-06-12T11:17:04+00:00","og_image":[{"url":"http:\/\/gite-bourdettes-auvillar.com\/wp-content\/uploads\/2020\/05\/loc-velo-01.jpg","type":"","width":"","height":""}],"twitter_card":"summary_large_image","twitter_misc":{"Tiempo de lectura":"1 minuto"},"schema":{"@context":"https:\/\/schema.org","@graph":[{"@type":"WebPage","@id":"https:\/\/gite-bourdettes-auvillar.com\/location-de-velos\/","url":"https:\/\/gite-bourdettes-auvillar.com\/location-de-velos\/","name":"Alquiler de bicicletas","isPartOf":{"@id":"https:\/\/gite-bourdettes-auvillar.com\/#website"},"primaryImageOfPage":{"@id":"https:\/\/gite-bourdettes-auvillar.com\/location-de-velos\/#primaryimage"},"image":{"@id":"https:\/\/gite-bourdettes-auvillar.com\/location-de-velos\/#primaryimage"},"thumbnailUrl":"http:\/\/gite-bourdettes-auvillar.com\/wp-content\/uploads\/2020\/05\/loc-velo-01.jpg","datePublished":"2020-05-28T09:24:49+00:00","dateModified":"2020-06-12T11:17:04+00:00","description":"Alquiler de bicicletas","breadcrumb":{"@id":"https:\/\/gite-bourdettes-auvillar.com\/location-de-velos\/#breadcrumb"},"inLanguage":"es-ES","potentialAction":[{"@type":"ReadAction","target":["https:\/\/gite-bourdettes-auvillar.com\/location-de-velos\/"]}]},{"@type":"ImageObject","inLanguage":"es-ES","@id":"https:\/\/gite-bourdettes-auvillar.com\/location-de-velos\/#primaryimage","url":"http:\/\/gite-bourdettes-auvillar.com\/wp-content\/uploads\/2020\/05\/loc-velo-01.jpg","contentUrl":"http:\/\/gite-bourdettes-auvillar.com\/wp-content\/uploads\/2020\/05\/loc-velo-01.jpg"},{"@type":"BreadcrumbList","@id":"https:\/\/gite-bourdettes-auvillar.com\/location-de-velos\/#breadcrumb","itemListElement":[{"@type":"ListItem","position":1,"name":"Accueil","item":"https:\/\/gite-bourdettes-auvillar.com\/"},{"@type":"ListItem","position":2,"name":"Location de v\u00e9los"}]},{"@type":"WebSite","@id":"https:\/\/gite-bourdettes-auvillar.com\/#website","url":"https:\/\/gite-bourdettes-auvillar.com\/","name":"Gite Les Bourdettes ***","description":"Auvillar, un des Plus Beaux Village de France dans le Tarn et Garonne en Occitanie","potentialAction":[{"@type":"SearchAction","target":{"@type":"EntryPoint","urlTemplate":"https:\/\/gite-bourdettes-auvillar.com\/?s={search_term_string}"},"query-input":{"@type":"PropertyValueSpecification","valueRequired":true,"valueName":"search_term_string"}}],"inLanguage":"es-ES"}]}},"_links":{"self":[{"href":"https:\/\/gite-bourdettes-auvillar.com\/es\/wp-json\/wp\/v2\/pages\/832","targetHints":{"allow":["GET"]}}],"collection":[{"href":"https:\/\/gite-bourdettes-auvillar.com\/es\/wp-json\/wp\/v2\/pages"}],"about":[{"href":"https:\/\/gite-bourdettes-auvillar.com\/es\/wp-json\/wp\/v2\/types\/page"}],"author":[{"embeddable":true,"href":"https:\/\/gite-bourdettes-auvillar.com\/es\/wp-json\/wp\/v2\/users\/1"}],"replies":[{"embeddable":true,"href":"https:\/\/gite-bourdettes-auvillar.com\/es\/wp-json\/wp\/v2\/comments?post=832"}],"version-history":[{"count":6,"href":"https:\/\/gite-bourdettes-auvillar.com\/es\/wp-json\/wp\/v2\/pages\/832\/revisions"}],"predecessor-version":[{"id":937,"href":"https:\/\/gite-bourdettes-auvillar.com\/es\/wp-json\/wp\/v2\/pages\/832\/revisions\/937"}],"wp:attachment":[{"href":"https:\/\/gite-bourdettes-auvillar.com\/es\/wp-json\/wp\/v2\/media?parent=832"}],"curies":[{"name":"wp","href":"https:\/\/api.w.org\/{rel}","templated":true}]}}